{"id":15,"date":"2011-08-16T16:27:48","date_gmt":"2011-08-16T14:27:48","guid":{"rendered":"http:\/\/mas-antonin.fr\/WordPress3\/?page_id=15"},"modified":"2024-11-23T17:35:32","modified_gmt":"2024-11-23T16:35:32","slug":"accueil-location-gites-proche-nimes","status":"publish","type":"page","link":"https:\/\/mas-antonin.fr\/WordPress3\/","title":{"rendered":"Accueil"},"content":{"rendered":"<div id=\"wug-wrapper-1646\" class=\"wug-wrapper\">\n        <script>\n            jQuery(document).ready(function($){\n                    $(\"#wug-inner-1646\").lightSlider({\n                        item:1,\n                        loop: true,\n                        auto: true,\n                        \n                        \n                        pager: true,\n                        controls: false,\n                        \n                        \n                        pause: 3000,\n                        adaptiveHeight: false,\n                        slideMargin: 0,\n                        responsive: [\n                            {\n                                breakpoint:768,\n                                settings: {\n                                    item:1,\n                                }\n                            },\n                            {\n                                breakpoint:480,\n                                settings: {\n                                    item:1,\n                                }\n                            }\n                        ]                       \n                    });\n            \n            });\n            \n            jQuery(window).load(function(){\n        \n            jQuery(\".wug-second-wrap\").addClass(\"wug-loaded\");\n            jQuery(\".wug-gallery-pagination\").delay(1000).fadeIn();\n        \n            });\n        <\/script>\n        <div class=\"wug-second-wrap\"><div class=\"wpg-loading-wrap\"><div class=\"wpg-loading\"><i class=\"icomoon icomoon-spinner icomoon-rotate\"><\/i><p>loading ...<\/p><\/div><\/div><div class=\"wug-inner wug-flexible wug-slideshow-activated  carousel-nav-deactivated\"><div id=\"wug-inner-1646\"><div class=\"single-ug-slide-item\"><img decoding=\"async\" src=\"https:\/\/mas-antonin.fr\/WordPress3\/wp-content\/uploads\/2016\/10\/pisicne-global-1150x750.jpg\" alt=\"pisicne-global\"\/>\n                        <div class=\"wug-slideshow-desc\">\n                            <h3>pisicne-global<\/h3>\n                        <\/div>\n                <\/div><div class=\"single-ug-slide-item\"><img decoding=\"async\" src=\"https:\/\/mas-antonin.fr\/WordPress3\/wp-content\/uploads\/2016\/06\/P1070267-1150x750.jpg\" alt=\"piscine d\u00e9tente mas antonin\"\/>\n                <\/div><div class=\"single-ug-slide-item\"><img decoding=\"async\" src=\"https:\/\/mas-antonin.fr\/WordPress3\/wp-content\/uploads\/2016\/06\/P1070341-1150x750.jpg\" alt=\"piscine gite nimes\"\/>\n                <\/div><div class=\"single-ug-slide-item\"><img decoding=\"async\" src=\"https:\/\/mas-antonin.fr\/WordPress3\/wp-content\/uploads\/2011\/08\/P1040268-1150x750.jpg\" alt=\"P1040268\"\/>\n                <\/div><div class=\"single-ug-slide-item\"><img decoding=\"async\" src=\"https:\/\/mas-antonin.fr\/WordPress3\/wp-content\/uploads\/2016\/10\/pisicne-3-1150x750.jpg\" alt=\"pisicne-balancelle\"\/>\n                        <div class=\"wug-slideshow-desc\">\n                            <h3>pisicne-balancelle<\/h3>\n                        <\/div>\n                <\/div><div class=\"single-ug-slide-item\"><img decoding=\"async\" src=\"https:\/\/mas-antonin.fr\/WordPress3\/wp-content\/uploads\/2016\/10\/piscine-marche-2-1150x750.jpg\" alt=\"piscine-plage1\"\/>\n                        <div class=\"wug-slideshow-desc\">\n                            <h3>piscine-plage1<\/h3>\n                        <\/div>\n                <\/div><div class=\"single-ug-slide-item\"><img decoding=\"async\" src=\"https:\/\/mas-antonin.fr\/WordPress3\/wp-content\/uploads\/2016\/11\/piscinewp01-1150x750.jpg\" alt=\"piscine avec palmier\"\/>\n                        <div class=\"wug-slideshow-desc\">\n                            <h3>piscine avec palmier<\/h3>\n                        <\/div>\n                <\/div><div class=\"single-ug-slide-item\"><img decoding=\"async\" src=\"https:\/\/mas-antonin.fr\/WordPress3\/wp-content\/uploads\/2016\/11\/P1070328-1150x750.jpg\" alt=\"table de ping-pong\"\/>\n                        <div class=\"wug-slideshow-desc\">\n                            <h3>table de ping-pong<\/h3>\n                        <\/div>\n                <\/div><div class=\"single-ug-slide-item\"><img decoding=\"async\" src=\"https:\/\/mas-antonin.fr\/WordPress3\/wp-content\/uploads\/2021\/05\/terrain-petanque-scaled-1150x750.jpg\" alt=\"terrain petanque\"\/>\n                        <div class=\"wug-slideshow-desc\">\n                            <h3>terrain petanque<\/h3>\n                        <\/div>\n                <\/div><div class=\"single-ug-slide-item\"><img decoding=\"async\" src=\"https:\/\/mas-antonin.fr\/WordPress3\/wp-content\/uploads\/2021\/05\/cuisine03-1150x750.jpg\" alt=\"vue table cuisine\"\/>\n                        <div class=\"wug-slideshow-desc\">\n                            <h3>vue table cuisine<\/h3>\n                        <\/div>\n                <\/div><div class=\"single-ug-slide-item\"><img decoding=\"async\" src=\"https:\/\/mas-antonin.fr\/WordPress3\/wp-content\/uploads\/2021\/05\/chambrebleu-mix650-accueil-1150x750.jpeg\" alt=\"\"\/>\n                <\/div><div class=\"single-ug-slide-item\"><img decoding=\"async\" src=\"https:\/\/mas-antonin.fr\/WordPress3\/wp-content\/uploads\/2020\/04\/RENOV2-1150x750.png\" alt=\"RENOV2\"\/>\n                        <div class=\"wug-slideshow-desc\">\n                            <h3>RENOV2<\/h3>\n                        <\/div>\n                <\/div><div class=\"single-ug-slide-item\"><img decoding=\"async\" src=\"https:\/\/mas-antonin.fr\/WordPress3\/wp-content\/uploads\/2020\/04\/RENOV1-1150x750.png\" alt=\"RENOV1\"\/>\n                <\/div><div class=\"single-ug-slide-item\"><img decoding=\"async\" src=\"https:\/\/mas-antonin.fr\/WordPress3\/wp-content\/uploads\/2020\/04\/IMG_5007-1150x750.jpg\" alt=\"plantes et d\u00e9coration\"\/>\n                        <div class=\"wug-slideshow-desc\">\n                            <h3>plantes et d\u00e9coration<\/h3>\n                        <\/div>\n                <\/div><div class=\"single-ug-slide-item\"><img decoding=\"async\" src=\"https:\/\/mas-antonin.fr\/WordPress3\/wp-content\/uploads\/2020\/06\/HANGAR-1150x750.jpg\" alt=\"HANGAR\"\/>\n                        <div class=\"wug-slideshow-desc\">\n                            <h3>HANGAR<\/h3>\n                        <\/div>\n                <\/div><div class=\"single-ug-slide-item\"><img decoding=\"async\" src=\"https:\/\/mas-antonin.fr\/WordPress3\/wp-content\/uploads\/2020\/06\/hnagr02-1150x750.jpg\" alt=\"hangar02\"\/>\n                        <div class=\"wug-slideshow-desc\">\n                            <h3>hangar02<\/h3>\n                        <\/div>\n                <\/div><div class=\"single-ug-slide-item\"><img decoding=\"async\" src=\"https:\/\/mas-antonin.fr\/WordPress3\/wp-content\/uploads\/2020\/06\/MAISON-e1591770152727-1150x750.jpg\" alt=\"MAISON\"\/>\n                        <div class=\"wug-slideshow-desc\">\n                            <h3>MAISON<\/h3>\n                        <\/div>\n                <\/div><div class=\"single-ug-slide-item\"><img decoding=\"async\" src=\"https:\/\/mas-antonin.fr\/WordPress3\/wp-content\/uploads\/2020\/06\/PETANQUE1-1150x750.jpg\" alt=\"PETANQUE1\"\/>\n                        <div class=\"wug-slideshow-desc\">\n                            <h3>PETANQUE1<\/h3>\n                        <\/div>\n                <\/div><\/div><\/div><\/div><div style=\"clear:both\"><\/div><\/div>\n<h1 style=\"text-align: center;\"><strong><span style=\"color: #0000ff;\">Arret des locations saisonnieres actuellement<\/span><\/strong><\/h1>\n<h2><span style=\"color: #4d3832;\">Location g\u00eete avec piscine :<\/span><\/h2>\n<p><span style=\"color: #4d3832;\">Le Mas antonin vous accueille pour vos vacances dans le sud de la France dans le d\u00e9partement du Gard.<br \/>Proche de la ville de N\u00eemes au c\u0153ur du petit village de Caissargues situ\u00e9 sur l&rsquo;axe strat\u00e9gique entre mer, moyenne montagne et plaine proven\u00e7ale. Vous pourrez donc d\u00e9couvrir la M\u00e9diterran\u00e9e, la Provence et le C\u00e9vennes pour de nombreuses visites dans un rayon de 30 \u00e0 45 min environ.<\/span><\/p>\n<p><span style=\"text-decoration: underline;\"><span style=\"color: #4d3832; text-decoration: underline;\">Venez vous ressourcer et profiter des g\u00eetes avec piscine chauff\u00e9e, du jardin tout cela sous le soleil du Languedoc.<\/span><\/span><\/p>\n<h3><span style=\"color: #4d3832;\"><span style=\"color: #4d3832;\">Nous vous proposons un g\u00eete <span style=\"font-size: 18.72px;\">acc\u00e8s<\/span> PMR avec tout le confort et les commodit\u00e9s<\/span><\/span><\/h3>\n<p>De nombreux commerces au c\u0153ur de la ville de Caissargues (entre 300m et 1km) (boulangerie, boucherie, primeur, supermarch\u00e9, magasin bio, pizzeria, pharmacie, docteur, .. -voir <a title=\"Plan des commerces de Caissargues\" href=\"https:\/\/mas-antonin.fr\/WordPress3\/wp-content\/uploads\/2012\/07\/plan_caissargues_2012.jpg\" target=\"_blank\" rel=\"noopener noreferrer\">plan de Caissargues<\/a> ).<\/p>\n<p>Vous serez au c\u0153ur de plusieurs paysages de visites dans un rayon de 30 \u00e0 45min entre mer et moyenne montagne.<\/p>\n<p><span style=\"color: #4d3832;\">Vous pourrez donc d\u00e9couvrir la M\u00e9diterran\u00e9e, la Provence et le C\u00e9vennes pour de nombreuses visites dans un rayon de 30 \u00e0 45 min environ.<\/span><\/p>\n\n\n<p><\/p>\n\n\n\n<pre><code><\/code><\/pre>\n\n\n","protected":false},"excerpt":{"rendered":"<p>Arret des locations saisonnieres actuellement Location g\u00eete avec piscine : Le Mas antonin vous accueille pour vos vacances dans le sud de la France dans le d\u00e9partement du Gard.Proche de la ville de N\u00eemes au c\u0153ur du petit village de Caissargues situ\u00e9 sur l&rsquo;axe strat\u00e9gique entre mer, moyenne montagne et plaine proven\u00e7ale. Vous pourrez donc [&hellip;]<\/p>\n","protected":false},"author":1,"featured_media":1633,"parent":0,"menu_order":0,"comment_status":"closed","ping_status":"closed","template":"","meta":{"footnotes":""},"class_list":["post-15","page","type-page","status-publish","has-post-thumbnail","hentry"],"yoast_head":"<!-- This site is optimized with the Yoast SEO plugin v27.6 - https:\/\/yoast.com\/product\/yoast-seo-wordpress\/ -->\n<title>Mas Antonin Location g\u00eetes piscine N\u00eemes-Caissargues<\/title>\n<meta name=\"description\" content=\"Location g\u00eetes piscine N\u00eemes-Caissargues, grand gite PMR avec piscine chauff\u00e9e, pour visites en vacances N\u00eemes et ses alentours (Gard)\" \/>\n<meta name=\"robots\" content=\"index, follow, max-snippet:-1, max-image-preview:large, max-video-preview:-1\" \/>\n<link rel=\"canonical\" href=\"https:\/\/mas-antonin.fr\/WordPress3\/\" \/>\n<meta property=\"og:locale\" content=\"fr_FR\" \/>\n<meta property=\"og:type\" content=\"article\" \/>\n<meta property=\"og:title\" content=\"Mas Antonin Location g\u00eetes piscine N\u00eemes-Caissargues\" \/>\n<meta property=\"og:description\" content=\"Location g\u00eetes piscine N\u00eemes-Caissargues, grand gite PMR avec piscine chauff\u00e9e, pour visites en vacances N\u00eemes et ses alentours (Gard)\" \/>\n<meta property=\"og:url\" content=\"https:\/\/mas-antonin.fr\/WordPress3\/\" \/>\n<meta property=\"og:site_name\" content=\"Mas Antonin\" \/>\n<meta property=\"article:publisher\" content=\"https:\/\/www.facebook.com\/Gite.Mas.Antonin\" \/>\n<meta property=\"article:modified_time\" content=\"2024-11-23T16:35:32+00:00\" \/>\n<meta property=\"og:image\" content=\"https:\/\/mas-antonin.fr\/WordPress3\/wp-content\/uploads\/2021\/05\/cuisine03.jpg\" \/>\n\t<meta property=\"og:image:width\" content=\"1440\" \/>\n\t<meta property=\"og:image:height\" content=\"1440\" \/>\n\t<meta property=\"og:image:type\" content=\"image\/jpeg\" \/>\n<meta name=\"twitter:card\" content=\"summary_large_image\" \/>\n<meta name=\"twitter:label1\" content=\"Dur\u00e9e de lecture estim\u00e9e\" \/>\n\t<meta name=\"twitter:data1\" content=\"1 minute\" \/>\n<script type=\"application\/ld+json\" class=\"yoast-schema-graph\">{\"@context\":\"https:\\\/\\\/schema.org\",\"@graph\":[{\"@type\":\"WebPage\",\"@id\":\"https:\\\/\\\/mas-antonin.fr\\\/WordPress3\\\/\",\"url\":\"https:\\\/\\\/mas-antonin.fr\\\/WordPress3\\\/\",\"name\":\"Mas Antonin Location g\u00eetes piscine N\u00eemes-Caissargues\",\"isPartOf\":{\"@id\":\"https:\\\/\\\/mas-antonin.fr\\\/WordPress3\\\/#website\"},\"primaryImageOfPage\":{\"@id\":\"https:\\\/\\\/mas-antonin.fr\\\/WordPress3\\\/#primaryimage\"},\"image\":{\"@id\":\"https:\\\/\\\/mas-antonin.fr\\\/WordPress3\\\/#primaryimage\"},\"thumbnailUrl\":\"https:\\\/\\\/mas-antonin.fr\\\/WordPress3\\\/wp-content\\\/uploads\\\/2016\\\/10\\\/titreacceuiljane3.jpg\",\"datePublished\":\"2011-08-16T14:27:48+00:00\",\"dateModified\":\"2024-11-23T16:35:32+00:00\",\"description\":\"Location g\u00eetes piscine N\u00eemes-Caissargues, grand gite PMR avec piscine chauff\u00e9e, pour visites en vacances N\u00eemes et ses alentours (Gard)\",\"breadcrumb\":{\"@id\":\"https:\\\/\\\/mas-antonin.fr\\\/WordPress3\\\/#breadcrumb\"},\"inLanguage\":\"fr-FR\",\"potentialAction\":[{\"@type\":\"ReadAction\",\"target\":[\"https:\\\/\\\/mas-antonin.fr\\\/WordPress3\\\/\"]}]},{\"@type\":\"ImageObject\",\"inLanguage\":\"fr-FR\",\"@id\":\"https:\\\/\\\/mas-antonin.fr\\\/WordPress3\\\/#primaryimage\",\"url\":\"https:\\\/\\\/mas-antonin.fr\\\/WordPress3\\\/wp-content\\\/uploads\\\/2016\\\/10\\\/titreacceuiljane3.jpg\",\"contentUrl\":\"https:\\\/\\\/mas-antonin.fr\\\/WordPress3\\\/wp-content\\\/uploads\\\/2016\\\/10\\\/titreacceuiljane3.jpg\",\"width\":774,\"height\":204},{\"@type\":\"BreadcrumbList\",\"@id\":\"https:\\\/\\\/mas-antonin.fr\\\/WordPress3\\\/#breadcrumb\",\"itemListElement\":[{\"@type\":\"ListItem\",\"position\":1,\"name\":\"Accueil\",\"item\":\"https:\\\/\\\/mas-antonin.fr\\\/WordPress3\\\/\"},{\"@type\":\"ListItem\",\"position\":2,\"name\":\"location gites\"}]},{\"@type\":\"WebSite\",\"@id\":\"https:\\\/\\\/mas-antonin.fr\\\/WordPress3\\\/#website\",\"url\":\"https:\\\/\\\/mas-antonin.fr\\\/WordPress3\\\/\",\"name\":\"Mas Antonin\",\"description\":\"Bienvenue dans le gard, \u00e0 cot\u00e9 de N\u00eemes dans des gites de charme\",\"publisher\":{\"@id\":\"https:\\\/\\\/mas-antonin.fr\\\/WordPress3\\\/#organization\"},\"potentialAction\":[{\"@type\":\"SearchAction\",\"target\":{\"@type\":\"EntryPoint\",\"urlTemplate\":\"https:\\\/\\\/mas-antonin.fr\\\/WordPress3\\\/?s={search_term_string}\"},\"query-input\":{\"@type\":\"PropertyValueSpecification\",\"valueRequired\":true,\"valueName\":\"search_term_string\"}}],\"inLanguage\":\"fr-FR\"},{\"@type\":\"Organization\",\"@id\":\"https:\\\/\\\/mas-antonin.fr\\\/WordPress3\\\/#organization\",\"name\":\"G\u00eetes du Mas Antonin\",\"url\":\"https:\\\/\\\/mas-antonin.fr\\\/WordPress3\\\/\",\"logo\":{\"@type\":\"ImageObject\",\"inLanguage\":\"fr-FR\",\"@id\":\"https:\\\/\\\/mas-antonin.fr\\\/WordPress3\\\/#\\\/schema\\\/logo\\\/image\\\/\",\"url\":\"https:\\\/\\\/mas-antonin.fr\\\/WordPress3\\\/wp-content\\\/uploads\\\/2016\\\/10\\\/cropped-favicon2.png\",\"contentUrl\":\"https:\\\/\\\/mas-antonin.fr\\\/WordPress3\\\/wp-content\\\/uploads\\\/2016\\\/10\\\/cropped-favicon2.png\",\"width\":512,\"height\":512,\"caption\":\"G\u00eetes du Mas Antonin\"},\"image\":{\"@id\":\"https:\\\/\\\/mas-antonin.fr\\\/WordPress3\\\/#\\\/schema\\\/logo\\\/image\\\/\"},\"sameAs\":[\"https:\\\/\\\/www.facebook.com\\\/Gite.Mas.Antonin\"]}]}<\/script>\n<!-- \/ Yoast SEO plugin. -->","yoast_head_json":{"title":"Mas Antonin Location g\u00eetes piscine N\u00eemes-Caissargues","description":"Location g\u00eetes piscine N\u00eemes-Caissargues, grand gite PMR avec piscine chauff\u00e9e, pour visites en vacances N\u00eemes et ses alentours (Gard)","robots":{"index":"index","follow":"follow","max-snippet":"max-snippet:-1","max-image-preview":"max-image-preview:large","max-video-preview":"max-video-preview:-1"},"canonical":"https:\/\/mas-antonin.fr\/WordPress3\/","og_locale":"fr_FR","og_type":"article","og_title":"Mas Antonin Location g\u00eetes piscine N\u00eemes-Caissargues","og_description":"Location g\u00eetes piscine N\u00eemes-Caissargues, grand gite PMR avec piscine chauff\u00e9e, pour visites en vacances N\u00eemes et ses alentours (Gard)","og_url":"https:\/\/mas-antonin.fr\/WordPress3\/","og_site_name":"Mas Antonin","article_publisher":"https:\/\/www.facebook.com\/Gite.Mas.Antonin","article_modified_time":"2024-11-23T16:35:32+00:00","og_image":[{"width":1440,"height":1440,"url":"https:\/\/mas-antonin.fr\/WordPress3\/wp-content\/uploads\/2021\/05\/cuisine03.jpg","type":"image\/jpeg"}],"twitter_card":"summary_large_image","twitter_misc":{"Dur\u00e9e de lecture estim\u00e9e":"1 minute"},"schema":{"@context":"https:\/\/schema.org","@graph":[{"@type":"WebPage","@id":"https:\/\/mas-antonin.fr\/WordPress3\/","url":"https:\/\/mas-antonin.fr\/WordPress3\/","name":"Mas Antonin Location g\u00eetes piscine N\u00eemes-Caissargues","isPartOf":{"@id":"https:\/\/mas-antonin.fr\/WordPress3\/#website"},"primaryImageOfPage":{"@id":"https:\/\/mas-antonin.fr\/WordPress3\/#primaryimage"},"image":{"@id":"https:\/\/mas-antonin.fr\/WordPress3\/#primaryimage"},"thumbnailUrl":"https:\/\/mas-antonin.fr\/WordPress3\/wp-content\/uploads\/2016\/10\/titreacceuiljane3.jpg","datePublished":"2011-08-16T14:27:48+00:00","dateModified":"2024-11-23T16:35:32+00:00","description":"Location g\u00eetes piscine N\u00eemes-Caissargues, grand gite PMR avec piscine chauff\u00e9e, pour visites en vacances N\u00eemes et ses alentours (Gard)","breadcrumb":{"@id":"https:\/\/mas-antonin.fr\/WordPress3\/#breadcrumb"},"inLanguage":"fr-FR","potentialAction":[{"@type":"ReadAction","target":["https:\/\/mas-antonin.fr\/WordPress3\/"]}]},{"@type":"ImageObject","inLanguage":"fr-FR","@id":"https:\/\/mas-antonin.fr\/WordPress3\/#primaryimage","url":"https:\/\/mas-antonin.fr\/WordPress3\/wp-content\/uploads\/2016\/10\/titreacceuiljane3.jpg","contentUrl":"https:\/\/mas-antonin.fr\/WordPress3\/wp-content\/uploads\/2016\/10\/titreacceuiljane3.jpg","width":774,"height":204},{"@type":"BreadcrumbList","@id":"https:\/\/mas-antonin.fr\/WordPress3\/#breadcrumb","itemListElement":[{"@type":"ListItem","position":1,"name":"Accueil","item":"https:\/\/mas-antonin.fr\/WordPress3\/"},{"@type":"ListItem","position":2,"name":"location gites"}]},{"@type":"WebSite","@id":"https:\/\/mas-antonin.fr\/WordPress3\/#website","url":"https:\/\/mas-antonin.fr\/WordPress3\/","name":"Mas Antonin","description":"Bienvenue dans le gard, \u00e0 cot\u00e9 de N\u00eemes dans des gites de charme","publisher":{"@id":"https:\/\/mas-antonin.fr\/WordPress3\/#organization"},"potentialAction":[{"@type":"SearchAction","target":{"@type":"EntryPoint","urlTemplate":"https:\/\/mas-antonin.fr\/WordPress3\/?s={search_term_string}"},"query-input":{"@type":"PropertyValueSpecification","valueRequired":true,"valueName":"search_term_string"}}],"inLanguage":"fr-FR"},{"@type":"Organization","@id":"https:\/\/mas-antonin.fr\/WordPress3\/#organization","name":"G\u00eetes du Mas Antonin","url":"https:\/\/mas-antonin.fr\/WordPress3\/","logo":{"@type":"ImageObject","inLanguage":"fr-FR","@id":"https:\/\/mas-antonin.fr\/WordPress3\/#\/schema\/logo\/image\/","url":"https:\/\/mas-antonin.fr\/WordPress3\/wp-content\/uploads\/2016\/10\/cropped-favicon2.png","contentUrl":"https:\/\/mas-antonin.fr\/WordPress3\/wp-content\/uploads\/2016\/10\/cropped-favicon2.png","width":512,"height":512,"caption":"G\u00eetes du Mas Antonin"},"image":{"@id":"https:\/\/mas-antonin.fr\/WordPress3\/#\/schema\/logo\/image\/"},"sameAs":["https:\/\/www.facebook.com\/Gite.Mas.Antonin"]}]}},"_links":{"self":[{"href":"https:\/\/mas-antonin.fr\/WordPress3\/wp-json\/wp\/v2\/pages\/15","targetHints":{"allow":["GET"]}}],"collection":[{"href":"https:\/\/mas-antonin.fr\/WordPress3\/wp-json\/wp\/v2\/pages"}],"about":[{"href":"https:\/\/mas-antonin.fr\/WordPress3\/wp-json\/wp\/v2\/types\/page"}],"author":[{"embeddable":true,"href":"https:\/\/mas-antonin.fr\/WordPress3\/wp-json\/wp\/v2\/users\/1"}],"replies":[{"embeddable":true,"href":"https:\/\/mas-antonin.fr\/WordPress3\/wp-json\/wp\/v2\/comments?post=15"}],"version-history":[{"count":115,"href":"https:\/\/mas-antonin.fr\/WordPress3\/wp-json\/wp\/v2\/pages\/15\/revisions"}],"predecessor-version":[{"id":2997,"href":"https:\/\/mas-antonin.fr\/WordPress3\/wp-json\/wp\/v2\/pages\/15\/revisions\/2997"}],"wp:featuredmedia":[{"embeddable":true,"href":"https:\/\/mas-antonin.fr\/WordPress3\/wp-json\/wp\/v2\/media\/1633"}],"wp:attachment":[{"href":"https:\/\/mas-antonin.fr\/WordPress3\/wp-json\/wp\/v2\/media?parent=15"}],"curies":[{"name":"wp","href":"https:\/\/api.w.org\/{rel}","templated":true}]}}