{"id":151,"date":"2011-11-06T11:48:56","date_gmt":"2011-11-06T10:48:56","guid":{"rendered":"http:\/\/mas-antonin.fr\/WordPress3\/?page_id=151"},"modified":"2023-07-28T15:26:28","modified_gmt":"2023-07-28T13:26:28","slug":"labricotier","status":"publish","type":"page","link":"https:\/\/mas-antonin.fr\/WordPress3\/labricotier\/","title":{"rendered":"L&rsquo;Abricotier"},"content":{"rendered":"<h2><span style=\"color: #4d3832;\"><big><span style=\"font-size: 30pt; font-family: georgia,palatino,serif;\">Location l&rsquo;Abricotier<\/span><br \/>\n<\/big><\/span><\/h2>\n<div id=\"wug-wrapper-1619\" class=\"wug-wrapper\">\n        <script>\n            jQuery(document).ready(function($){\n                    $(\"#wug-inner-1619\").lightSlider({\n                        item:1,\n                        loop: true,\n                        auto: true,\n                        \n                        \n                        pager: true,\n                        controls: false,\n                        \n                        \n                        pause: 4000,\n                        adaptiveHeight: false,\n                        slideMargin: 0,\n                        responsive: [\n                            {\n                                breakpoint:768,\n                                settings: {\n                                    item:1,\n                                }\n                            },\n                            {\n                                breakpoint:480,\n                                settings: {\n                                    item:1,\n                                }\n                            }\n                        ]                       \n                    });\n            \n            });\n            \n            jQuery(window).load(function(){\n        \n            jQuery(\".wug-second-wrap\").addClass(\"wug-loaded\");\n            jQuery(\".wug-gallery-pagination\").delay(1000).fadeIn();\n        \n            });\n        <\/script>\n        <div class=\"wug-second-wrap\"><div class=\"wpg-loading-wrap\"><div class=\"wpg-loading\"><i class=\"icomoon icomoon-spinner icomoon-rotate\"><\/i><p>loading ...<\/p><\/div><\/div><div class=\"wug-inner wug-flexible wug-slideshow-activated  carousel-nav-deactivated\"><div id=\"wug-inner-1619\"><div class=\"single-ug-slide-item\"><img decoding=\"async\" src=\"https:\/\/mas-antonin.fr\/WordPress3\/wp-content\/uploads\/2021\/06\/salon-abricotier1-1150x900.jpg\" alt=\"salon gite l'abricotier\"\/>\n                        <div class=\"wug-slideshow-desc\">\n                            <h3>salon gite l'abricotier<\/h3>\n                        <\/div>\n                <\/div><div class=\"single-ug-slide-item\"><img decoding=\"async\" src=\"https:\/\/mas-antonin.fr\/WordPress3\/wp-content\/uploads\/2018\/03\/cuisine02-1150x900.jpg\" alt=\"cuisine02\"\/>\n                        <div class=\"wug-slideshow-desc\">\n                            <h3>cuisine02<\/h3>\n                        <\/div>\n                <\/div><div class=\"single-ug-slide-item\"><img decoding=\"async\" src=\"https:\/\/mas-antonin.fr\/WordPress3\/wp-content\/uploads\/2016\/10\/abricotier-ch-double-1150x900.jpg\" alt=\"abricotier-ch-double\"\/>\n                        <div class=\"wug-slideshow-desc\">\n                            <h3>abricotier-ch-double<\/h3>\n                        <\/div>\n                <\/div><div class=\"single-ug-slide-item\"><img decoding=\"async\" src=\"https:\/\/mas-antonin.fr\/WordPress3\/wp-content\/uploads\/2018\/03\/chambredouble14-1150x900.jpg\" alt=\"chambre Abricotier\"\/>\n                        <div class=\"wug-slideshow-desc\">\n                            <h3>chambre Abricotier<\/h3>\n                        <\/div>\n                <\/div><div class=\"single-ug-slide-item\"><img decoding=\"async\" src=\"https:\/\/mas-antonin.fr\/WordPress3\/wp-content\/uploads\/2016\/10\/abricotier-chambre-2-1150x900.jpg\" alt=\"abricotier-chambre-2\"\/>\n                        <div class=\"wug-slideshow-desc\">\n                            <h3>abricotier-chambre-2<\/h3>\n                        <\/div>\n                <\/div><div class=\"single-ug-slide-item\"><img decoding=\"async\" src=\"https:\/\/mas-antonin.fr\/WordPress3\/wp-content\/uploads\/2018\/03\/chambredouble15-1150x900.jpg\" alt=\"chambredouble15\"\/>\n                <\/div><div class=\"single-ug-slide-item\"><img decoding=\"async\" src=\"https:\/\/mas-antonin.fr\/WordPress3\/wp-content\/uploads\/2016\/10\/abricotier-sdb-e1477845079991-1150x900.jpg\" alt=\"abricotier-sdb\"\/>\n                        <div class=\"wug-slideshow-desc\">\n                            <h3>abricotier-sdb<\/h3>\n                        <\/div>\n                <\/div><\/div><\/div><\/div><div style=\"clear:both\"><\/div><\/div>\n<p><span style=\"color: #4d3832;\"><big>Apaprtement au 1er \u00e9tage, cet g\u00eete de 62 <\/big><big>m<sup>2<\/sup> climatis\u00e9 est id\u00e9al pour une famille. Compos\u00e9 d&rsquo;une piece \u00e0 vivre\/cuisine et de sa chambre double s\u00e9par\u00e9e par une baie vitr\u00e9e.<br \/>\nAvec ses poutres apparentes c&rsquo;est le plus cosy de tous.\u00a0 <\/big><big>Il dispose aussi d&rsquo;un jardin commun avec le g\u00eete de le N\u00e9flier.<\/big><\/span><\/p>\n<table style=\"width: 100%; border-collapse: collapse; background-color: #ffffff; height: 772px;\">\n<tbody>\n<tr style=\"height: 23px;\">\n<td style=\"width: 50%; vertical-align: top; text-align: center; height: 23px;\" colspan=\"2\">\n<h2><span style=\"color: #4d3832;\"><strong>Composition du gite<br \/>\n<\/strong><\/span><\/h2>\n<\/td>\n<\/tr>\n<tr style=\"height: 438px;\">\n<td style=\"width: 50%; vertical-align: top; height: 372px;\"><span style=\"color: #4d3832;\"><strong>La cuisine :<\/strong><\/span><\/p>\n<ul>\n<li><span style=\"color: #4d3832;\">vaiselle et ustensiles de cuisine<\/span><\/li>\n<li><span style=\"color: #4d3832;\">un lave-vaiselle<\/span><\/li>\n<li><span style=\"color: #4d3832;\">un frigo <\/span><\/li>\n<li><span style=\"color: #4d3832;\">un micro-ondes <\/span><\/li>\n<li><span style=\"color: #4d3832;\">un mini-four <\/span><\/li>\n<li><span style=\"color: #4d3832;\">une plaque de cuisson gaz <\/span><\/li>\n<li><span style=\"color: #4d3832;\">une cafeti\u00e8re \u00ab\u00a0Sens\u00e9o\u00a0\u00bb <\/span><\/li>\n<li><span style=\"color: #4d3832;\">un grille-pain<\/span><\/li>\n<\/ul>\n<\/td>\n<td style=\"width: 50%; vertical-align: top; height: 372px;\"><span style=\"color: #4d3832;\"><strong>Le salon :<\/strong><\/span><\/p>\n<ul>\n<li><span style=\"color: #4d3832;\">une T\u00e9l\u00e9vision (TNT)<\/span><\/li>\n<li><span style=\"color: #4d3832;\">un lecteur DVD<\/span><\/li>\n<li><span style=\"color: #4d3832;\">un acces internet WIFI (gratuit)<\/span><\/li>\n<\/ul>\n<p><span style=\"color: #4d3832;\"><strong>Les couchages :<\/strong><\/span><\/p>\n<ul style=\"list-style-type: disc;\">\n<li><span style=\"color: #4d3832;\">un lit en <span style=\"color: #ff0000;\">160 x 190<\/span><\/span><\/li>\n<li><span style=\"color: #4d3832;\">1 lits en\u00a0 <span style=\"color: #ff0000;\">90 x 190<\/span><\/span><\/li>\n<\/ul>\n<p><span style=\"color: #4d3832;\"><strong>Salle de bain :<\/strong><\/span><\/p>\n<ul style=\"list-style-type: disc;\">\n<li><span style=\"color: #4d3832;\">une douche de plain pied\u2013 un s\u00e8che cheveux<\/span><\/li>\n<\/ul>\n<\/td>\n<\/tr>\n<tr style=\"height: 377px;\">\n<td style=\"width: 50%; vertical-align: top; height: 377px;\"><span style=\"color: #4d3832;\"><strong>Commodit\u00e9s :<\/strong><\/span><\/p>\n<ul>\n<li><span style=\"color: #4d3832;\">La climatisation<br \/>\n<\/span><\/li>\n<li><span style=\"color: #4d3832;\">\u00a0 Une piscine chauff\u00e9e munie d\u2019une plage facilitant l\u2019acc\u00e8s (10cm \u00e0 50cm)<\/span><\/li>\n<li><span style=\"color: #4d3832;\">Un parking goudronn\u00e9 ferm\u00e9<\/span><\/li>\n<li><span style=\"color: #4d3832;\">Un jardin (privatif pour le plaqueminier, commun n\u00e9flier et abricotier)<\/span><\/li>\n<li><span style=\"color: #4d3832;\">Un acc\u00e9s internet en WIFI\u00a0 gratuit<\/span><\/li>\n<li><span style=\"color: #4d3832;\">\u00a0Un boulodrome pour la p\u00e9tanque<\/span><\/li>\n<li><span style=\"color: #4d3832;\">-Une table de ping-pong<\/span><\/li>\n<li><span style=\"color: #4d3832;\">Un panier de basket<\/span><\/li>\n<\/ul>\n<\/td>\n<td style=\"width: 50%; vertical-align: top; height: 377px;\"><span style=\"color: #4d3832;\"><strong>Services :<\/strong><\/span><\/p>\n<ul>\n<li><span style=\"color: #4d3832;\">Une buanderie commune avec lave-linge, table et fer \u00e0 repasser, \u00e9tendoir, aspirateur<\/span><\/li>\n<\/ul>\n<\/td>\n<\/tr>\n<\/tbody>\n<\/table>\n<p><img loading=\"lazy\" decoding=\"async\" class=\"size-medium wp-image-1967 aligncenter\" src=\"https:\/\/mas-antonin.fr\/WordPress3\/wp-content\/uploads\/2018\/02\/plan-abricotier2018-1-595x595.png\" alt=\"plan abricotier2018\" width=\"595\" height=\"595\" srcset=\"https:\/\/mas-antonin.fr\/WordPress3\/wp-content\/uploads\/2018\/02\/plan-abricotier2018-1-595x595.png 595w, https:\/\/mas-antonin.fr\/WordPress3\/wp-content\/uploads\/2018\/02\/plan-abricotier2018-1-768x768.png 768w, https:\/\/mas-antonin.fr\/WordPress3\/wp-content\/uploads\/2018\/02\/plan-abricotier2018-1.png 800w\" sizes=\"auto, (max-width: 595px) 100vw, 595px\" \/><\/p>\n<p style=\"text-align: center;\">Location longue dur\u00e9e recherch\u00e9e<\/p>\n","protected":false},"excerpt":{"rendered":"<p>Location l&rsquo;Abricotier Apaprtement au 1er \u00e9tage, cet g\u00eete de 62 m2 climatis\u00e9 est id\u00e9al pour une famille. Compos\u00e9 d&rsquo;une piece \u00e0 vivre\/cuisine et de sa chambre double s\u00e9par\u00e9e par une baie vitr\u00e9e. Avec ses poutres apparentes c&rsquo;est le plus cosy de tous.\u00a0 Il dispose aussi d&rsquo;un jardin commun avec le g\u00eete de le N\u00e9flier. Composition [&hellip;]<\/p>\n","protected":false},"author":1,"featured_media":866,"parent":0,"menu_order":0,"comment_status":"closed","ping_status":"open","template":"","meta":{"footnotes":""},"class_list":["post-151","page","type-page","status-publish","has-post-thumbnail","hentry"],"yoast_head":"<!-- This site is optimized with the Yoast SEO plugin v27.4 - https:\/\/yoast.com\/product\/yoast-seo-wordpress\/ -->\n<title>L&#039;Abricotier - g\u00eete 4 personnes avec piscine<\/title>\n<meta name=\"description\" content=\"Location gite l&#039;Abricotier climatis\u00e9 et tr\u00e9s cosi avec piscine pour 4 personnes et tout le confort pour des vacances de r\u00eave.\" \/>\n<meta name=\"robots\" content=\"index, follow, max-snippet:-1, max-image-preview:large, max-video-preview:-1\" \/>\n<link rel=\"canonical\" href=\"https:\/\/mas-antonin.fr\/WordPress3\/labricotier\/\" \/>\n<meta property=\"og:locale\" content=\"fr_FR\" \/>\n<meta property=\"og:type\" content=\"article\" \/>\n<meta property=\"og:title\" content=\"L&#039;Abricotier - g\u00eete 4 personnes avec piscine\" \/>\n<meta property=\"og:description\" content=\"Location gite l&#039;Abricotier climatis\u00e9 et tr\u00e9s cosi avec piscine pour 4 personnes et tout le confort pour des vacances de r\u00eave.\" \/>\n<meta property=\"og:url\" content=\"https:\/\/mas-antonin.fr\/WordPress3\/labricotier\/\" \/>\n<meta property=\"og:site_name\" content=\"Mas Antonin\" \/>\n<meta property=\"article:publisher\" content=\"https:\/\/www.facebook.com\/Gite.Mas.Antonin\" \/>\n<meta property=\"article:modified_time\" content=\"2023-07-28T13:26:28+00:00\" \/>\n<meta property=\"og:image\" content=\"https:\/\/mas-antonin.fr\/WordPress3\/wp-content\/uploads\/2011\/11\/titregitesabricotier.jpg\" \/>\n\t<meta property=\"og:image:width\" content=\"1000\" \/>\n\t<meta property=\"og:image:height\" content=\"288\" \/>\n\t<meta property=\"og:image:type\" content=\"image\/jpeg\" \/>\n<meta name=\"twitter:card\" content=\"summary_large_image\" \/>\n<meta name=\"twitter:label1\" content=\"Dur\u00e9e de lecture estim\u00e9e\" \/>\n\t<meta name=\"twitter:data1\" content=\"2 minutes\" \/>\n<script type=\"application\/ld+json\" class=\"yoast-schema-graph\">{\"@context\":\"https:\\\/\\\/schema.org\",\"@graph\":[{\"@type\":\"WebPage\",\"@id\":\"https:\\\/\\\/mas-antonin.fr\\\/WordPress3\\\/labricotier\\\/\",\"url\":\"https:\\\/\\\/mas-antonin.fr\\\/WordPress3\\\/labricotier\\\/\",\"name\":\"L'Abricotier - g\u00eete 4 personnes avec piscine\",\"isPartOf\":{\"@id\":\"https:\\\/\\\/mas-antonin.fr\\\/WordPress3\\\/#website\"},\"primaryImageOfPage\":{\"@id\":\"https:\\\/\\\/mas-antonin.fr\\\/WordPress3\\\/labricotier\\\/#primaryimage\"},\"image\":{\"@id\":\"https:\\\/\\\/mas-antonin.fr\\\/WordPress3\\\/labricotier\\\/#primaryimage\"},\"thumbnailUrl\":\"https:\\\/\\\/mas-antonin.fr\\\/WordPress3\\\/wp-content\\\/uploads\\\/2011\\\/11\\\/titregitesabricotier.jpg\",\"datePublished\":\"2011-11-06T10:48:56+00:00\",\"dateModified\":\"2023-07-28T13:26:28+00:00\",\"description\":\"Location gite l'Abricotier climatis\u00e9 et tr\u00e9s cosi avec piscine pour 4 personnes et tout le confort pour des vacances de r\u00eave.\",\"breadcrumb\":{\"@id\":\"https:\\\/\\\/mas-antonin.fr\\\/WordPress3\\\/labricotier\\\/#breadcrumb\"},\"inLanguage\":\"fr-FR\",\"potentialAction\":[{\"@type\":\"ReadAction\",\"target\":[\"https:\\\/\\\/mas-antonin.fr\\\/WordPress3\\\/labricotier\\\/\"]}]},{\"@type\":\"ImageObject\",\"inLanguage\":\"fr-FR\",\"@id\":\"https:\\\/\\\/mas-antonin.fr\\\/WordPress3\\\/labricotier\\\/#primaryimage\",\"url\":\"https:\\\/\\\/mas-antonin.fr\\\/WordPress3\\\/wp-content\\\/uploads\\\/2011\\\/11\\\/titregitesabricotier.jpg\",\"contentUrl\":\"https:\\\/\\\/mas-antonin.fr\\\/WordPress3\\\/wp-content\\\/uploads\\\/2011\\\/11\\\/titregitesabricotier.jpg\",\"width\":\"1000\",\"height\":\"288\"},{\"@type\":\"BreadcrumbList\",\"@id\":\"https:\\\/\\\/mas-antonin.fr\\\/WordPress3\\\/labricotier\\\/#breadcrumb\",\"itemListElement\":[{\"@type\":\"ListItem\",\"position\":1,\"name\":\"Accueil\",\"item\":\"https:\\\/\\\/mas-antonin.fr\\\/WordPress3\\\/\"},{\"@type\":\"ListItem\",\"position\":2,\"name\":\"L&rsquo;Abricotier\"}]},{\"@type\":\"WebSite\",\"@id\":\"https:\\\/\\\/mas-antonin.fr\\\/WordPress3\\\/#website\",\"url\":\"https:\\\/\\\/mas-antonin.fr\\\/WordPress3\\\/\",\"name\":\"Mas Antonin\",\"description\":\"Bienvenue dans le gard, \u00e0 cot\u00e9 de N\u00eemes dans des gites de charme\",\"publisher\":{\"@id\":\"https:\\\/\\\/mas-antonin.fr\\\/WordPress3\\\/#organization\"},\"potentialAction\":[{\"@type\":\"SearchAction\",\"target\":{\"@type\":\"EntryPoint\",\"urlTemplate\":\"https:\\\/\\\/mas-antonin.fr\\\/WordPress3\\\/?s={search_term_string}\"},\"query-input\":{\"@type\":\"PropertyValueSpecification\",\"valueRequired\":true,\"valueName\":\"search_term_string\"}}],\"inLanguage\":\"fr-FR\"},{\"@type\":\"Organization\",\"@id\":\"https:\\\/\\\/mas-antonin.fr\\\/WordPress3\\\/#organization\",\"name\":\"G\u00eetes du Mas Antonin\",\"url\":\"https:\\\/\\\/mas-antonin.fr\\\/WordPress3\\\/\",\"logo\":{\"@type\":\"ImageObject\",\"inLanguage\":\"fr-FR\",\"@id\":\"https:\\\/\\\/mas-antonin.fr\\\/WordPress3\\\/#\\\/schema\\\/logo\\\/image\\\/\",\"url\":\"https:\\\/\\\/mas-antonin.fr\\\/WordPress3\\\/wp-content\\\/uploads\\\/2016\\\/10\\\/cropped-favicon2.png\",\"contentUrl\":\"https:\\\/\\\/mas-antonin.fr\\\/WordPress3\\\/wp-content\\\/uploads\\\/2016\\\/10\\\/cropped-favicon2.png\",\"width\":512,\"height\":512,\"caption\":\"G\u00eetes du Mas Antonin\"},\"image\":{\"@id\":\"https:\\\/\\\/mas-antonin.fr\\\/WordPress3\\\/#\\\/schema\\\/logo\\\/image\\\/\"},\"sameAs\":[\"https:\\\/\\\/www.facebook.com\\\/Gite.Mas.Antonin\"]}]}<\/script>\n<!-- \/ Yoast SEO plugin. -->","yoast_head_json":{"title":"L'Abricotier - g\u00eete 4 personnes avec piscine","description":"Location gite l'Abricotier climatis\u00e9 et tr\u00e9s cosi avec piscine pour 4 personnes et tout le confort pour des vacances de r\u00eave.","robots":{"index":"index","follow":"follow","max-snippet":"max-snippet:-1","max-image-preview":"max-image-preview:large","max-video-preview":"max-video-preview:-1"},"canonical":"https:\/\/mas-antonin.fr\/WordPress3\/labricotier\/","og_locale":"fr_FR","og_type":"article","og_title":"L'Abricotier - g\u00eete 4 personnes avec piscine","og_description":"Location gite l'Abricotier climatis\u00e9 et tr\u00e9s cosi avec piscine pour 4 personnes et tout le confort pour des vacances de r\u00eave.","og_url":"https:\/\/mas-antonin.fr\/WordPress3\/labricotier\/","og_site_name":"Mas Antonin","article_publisher":"https:\/\/www.facebook.com\/Gite.Mas.Antonin","article_modified_time":"2023-07-28T13:26:28+00:00","og_image":[{"width":1000,"height":288,"url":"https:\/\/mas-antonin.fr\/WordPress3\/wp-content\/uploads\/2011\/11\/titregitesabricotier.jpg","type":"image\/jpeg"}],"twitter_card":"summary_large_image","twitter_misc":{"Dur\u00e9e de lecture estim\u00e9e":"2 minutes"},"schema":{"@context":"https:\/\/schema.org","@graph":[{"@type":"WebPage","@id":"https:\/\/mas-antonin.fr\/WordPress3\/labricotier\/","url":"https:\/\/mas-antonin.fr\/WordPress3\/labricotier\/","name":"L'Abricotier - g\u00eete 4 personnes avec piscine","isPartOf":{"@id":"https:\/\/mas-antonin.fr\/WordPress3\/#website"},"primaryImageOfPage":{"@id":"https:\/\/mas-antonin.fr\/WordPress3\/labricotier\/#primaryimage"},"image":{"@id":"https:\/\/mas-antonin.fr\/WordPress3\/labricotier\/#primaryimage"},"thumbnailUrl":"https:\/\/mas-antonin.fr\/WordPress3\/wp-content\/uploads\/2011\/11\/titregitesabricotier.jpg","datePublished":"2011-11-06T10:48:56+00:00","dateModified":"2023-07-28T13:26:28+00:00","description":"Location gite l'Abricotier climatis\u00e9 et tr\u00e9s cosi avec piscine pour 4 personnes et tout le confort pour des vacances de r\u00eave.","breadcrumb":{"@id":"https:\/\/mas-antonin.fr\/WordPress3\/labricotier\/#breadcrumb"},"inLanguage":"fr-FR","potentialAction":[{"@type":"ReadAction","target":["https:\/\/mas-antonin.fr\/WordPress3\/labricotier\/"]}]},{"@type":"ImageObject","inLanguage":"fr-FR","@id":"https:\/\/mas-antonin.fr\/WordPress3\/labricotier\/#primaryimage","url":"https:\/\/mas-antonin.fr\/WordPress3\/wp-content\/uploads\/2011\/11\/titregitesabricotier.jpg","contentUrl":"https:\/\/mas-antonin.fr\/WordPress3\/wp-content\/uploads\/2011\/11\/titregitesabricotier.jpg","width":"1000","height":"288"},{"@type":"BreadcrumbList","@id":"https:\/\/mas-antonin.fr\/WordPress3\/labricotier\/#breadcrumb","itemListElement":[{"@type":"ListItem","position":1,"name":"Accueil","item":"https:\/\/mas-antonin.fr\/WordPress3\/"},{"@type":"ListItem","position":2,"name":"L&rsquo;Abricotier"}]},{"@type":"WebSite","@id":"https:\/\/mas-antonin.fr\/WordPress3\/#website","url":"https:\/\/mas-antonin.fr\/WordPress3\/","name":"Mas Antonin","description":"Bienvenue dans le gard, \u00e0 cot\u00e9 de N\u00eemes dans des gites de charme","publisher":{"@id":"https:\/\/mas-antonin.fr\/WordPress3\/#organization"},"potentialAction":[{"@type":"SearchAction","target":{"@type":"EntryPoint","urlTemplate":"https:\/\/mas-antonin.fr\/WordPress3\/?s={search_term_string}"},"query-input":{"@type":"PropertyValueSpecification","valueRequired":true,"valueName":"search_term_string"}}],"inLanguage":"fr-FR"},{"@type":"Organization","@id":"https:\/\/mas-antonin.fr\/WordPress3\/#organization","name":"G\u00eetes du Mas Antonin","url":"https:\/\/mas-antonin.fr\/WordPress3\/","logo":{"@type":"ImageObject","inLanguage":"fr-FR","@id":"https:\/\/mas-antonin.fr\/WordPress3\/#\/schema\/logo\/image\/","url":"https:\/\/mas-antonin.fr\/WordPress3\/wp-content\/uploads\/2016\/10\/cropped-favicon2.png","contentUrl":"https:\/\/mas-antonin.fr\/WordPress3\/wp-content\/uploads\/2016\/10\/cropped-favicon2.png","width":512,"height":512,"caption":"G\u00eetes du Mas Antonin"},"image":{"@id":"https:\/\/mas-antonin.fr\/WordPress3\/#\/schema\/logo\/image\/"},"sameAs":["https:\/\/www.facebook.com\/Gite.Mas.Antonin"]}]}},"_links":{"self":[{"href":"https:\/\/mas-antonin.fr\/WordPress3\/wp-json\/wp\/v2\/pages\/151","targetHints":{"allow":["GET"]}}],"collection":[{"href":"https:\/\/mas-antonin.fr\/WordPress3\/wp-json\/wp\/v2\/pages"}],"about":[{"href":"https:\/\/mas-antonin.fr\/WordPress3\/wp-json\/wp\/v2\/types\/page"}],"author":[{"embeddable":true,"href":"https:\/\/mas-antonin.fr\/WordPress3\/wp-json\/wp\/v2\/users\/1"}],"replies":[{"embeddable":true,"href":"https:\/\/mas-antonin.fr\/WordPress3\/wp-json\/wp\/v2\/comments?post=151"}],"version-history":[{"count":95,"href":"https:\/\/mas-antonin.fr\/WordPress3\/wp-json\/wp\/v2\/pages\/151\/revisions"}],"predecessor-version":[{"id":2945,"href":"https:\/\/mas-antonin.fr\/WordPress3\/wp-json\/wp\/v2\/pages\/151\/revisions\/2945"}],"wp:featuredmedia":[{"embeddable":true,"href":"https:\/\/mas-antonin.fr\/WordPress3\/wp-json\/wp\/v2\/media\/866"}],"wp:attachment":[{"href":"https:\/\/mas-antonin.fr\/WordPress3\/wp-json\/wp\/v2\/media?parent=151"}],"curies":[{"name":"wp","href":"https:\/\/api.w.org\/{rel}","templated":true}]}}