{"id":1736,"date":"2016-11-02T20:46:21","date_gmt":"2016-11-02T19:46:21","guid":{"rendered":"http:\/\/mas-antonin.fr\/WordPress3\/?page_id=1736"},"modified":"2021-11-19T22:21:41","modified_gmt":"2021-11-19T21:21:41","slug":"mentions-legales","status":"publish","type":"page","link":"https:\/\/mas-antonin.fr\/WordPress3\/mentions-legales\/","title":{"rendered":"mentions l\u00e9gales"},"content":{"rendered":"<h1 style=\"text-align: center;\"><strong><span style=\"font-size: 20pt; color: #993300;\">Mentions l\u00e9gales des g\u00eetes du Mas Antonin<br \/>\n<\/span><\/strong><\/h1>\n<h3 class=\"western\"><span style=\"color: #993300;\">1. Pr\u00e9sentation du site.<\/span><\/h3>\n<p class=\"western\"><a name=\"__DdeLink__1414_522721787\"><\/a>En vertu de l&rsquo;article 6 de la loi n\u00b0 2004-575 du 21 juin 2004 pour la confiance dans l&rsquo;\u00e9conomie num\u00e9rique, il est pr\u00e9cis\u00e9 aux utilisateurs du site mas-antonin.fr l&rsquo;identit\u00e9 des diff\u00e9rents intervenants dans le cadre de sa r\u00e9alisation et de son suivi :<\/p>\n<p class=\"western\"><strong>Propri\u00e9taire<\/strong> : Gites du Mas antonin 359 rue Alphonse DAUDET 30132 CAISSARGUES<br \/>\n<strong>Cr\u00e9ateur<\/strong> : JP PASCAL<br \/>\n<strong>Responsable publication<\/strong> : ww.mas-antonin.fr\u00a0 et http:\/\/mas.antonin.free.fr\u00a0 \u2013 mas.antonin@free.fr<br \/>\nLe responsable publication est une personne physique ou une personne morale.<br \/>\nL&rsquo;ensemble des contenus de ce site rel\u00e8ve de la l\u00e9gislation fran\u00e7aise et europ\u00e9enne sur les droits d&rsquo;auteur et la propri\u00e9t\u00e9 intellectuelle. Tous les droits de reproduction sont r\u00e9serv\u00e9s : la reproduction de tout ou partie du site, quelles qu&rsquo;en soient la forme et la destination est formellement interdite, sauf autorisation expresse du responsable de la publication.<br \/>\n<strong>Webmaster<\/strong> : JP PASCAL &#8211; mas.antonin@free.fr<br \/>\n<strong>H\u00e9bergeur<\/strong> : OVH \u2013 2 rue Kellermann &#8211; 59100 Roubaix \u2013 France.<br \/>\n<strong>N\u00b0 RCS\u00a0:<\/strong> 513 973 230<\/p>\n<p><strong>COPYRIGHT :<\/strong> 2008-2022<\/p>\n<p class=\"western\"><span style=\"color: #993300; font-size: 14pt;\"><span style=\"font-family: Liberation Serif,sans-serif;\"><span lang=\"fr-FR\"><b>2. Conditions g\u00e9n\u00e9rales d\u2019utilisation du site et des services propos\u00e9s.<\/b><\/span><\/span><\/span><\/p>\n<p class=\"western\">L\u2019utilisation du site mas-antonin.fr implique l\u2019acceptation pleine et enti\u00e8re des conditions g\u00e9n\u00e9rales d\u2019utilisation ci-apr\u00e8s d\u00e9crites. Ces conditions d\u2019utilisation sont susceptibles d\u2019\u00eatre modifi\u00e9es ou compl\u00e9t\u00e9es \u00e0 tout moment, les utilisateurs du site mas-antonin.fr sont donc invit\u00e9s \u00e0 les consulter de mani\u00e8re r\u00e9guli\u00e8re.<\/p>\n<p class=\"western\">Ce site est normalement accessible \u00e0 tout moment aux utilisateurs. Une interruption pour raison de maintenance technique peut \u00eatre toutefois d\u00e9cid\u00e9e par g\u00eetes du Mas Antonin, qui s\u2019efforcera alors de communiquer pr\u00e9alablement aux utilisateurs les dates et heures de l\u2019intervention.<\/p>\n<p class=\"western\">Le site mas-antonin.fr est mis \u00e0 jour r\u00e9guli\u00e8rement par mas-antonin.fr. De la m\u00eame fa\u00e7on, les mentions l\u00e9gales peuvent \u00eatre modifi\u00e9es \u00e0 tout moment : elles s\u2019imposent n\u00e9anmoins \u00e0 l\u2019utilisateur qui est invit\u00e9 \u00e0 s\u2019y r\u00e9f\u00e9rer le plus souvent possible afin d\u2019en prendre connaissance.<\/p>\n<h3 class=\"western\"><span style=\"color: #993300;\">3. Description des services fournis.<\/span><\/h3>\n<p class=\"western\">Le site mas-antonin.fr a pour objet de fournir une information concernant l\u2019ensemble des activit\u00e9s de la soci\u00e9t\u00e9.<\/p>\n<p class=\"western\">Il s\u2019efforce de fournir des informations aussi pr\u00e9cises que possible. Toutefois, il ne pourra \u00eatre tenue responsable des omissions, des inexactitudes et des carences dans la mise \u00e0 jour, qu\u2019elles soient de son fait ou du fait des tiers partenaires qui lui fournissent ces informations.<\/p>\n<p class=\"western\">Tous les informations indiqu\u00e9es sur le site mas-antonin.fr sont donn\u00e9es \u00e0 titre indicatif, et sont susceptibles d\u2019\u00e9voluer. Par ailleurs, les renseignements figurant sur le site mas-antonin.fr ne sont pas exhaustifs. Ils sont donn\u00e9s sous r\u00e9serve de modifications ayant \u00e9t\u00e9 apport\u00e9es depuis leur mise en ligne.<\/p>\n<h3 class=\"western\"><span style=\"color: #993300;\">4. Limitations contractuelles sur les donn\u00e9es techniques.<\/span><\/h3>\n<p class=\"western\">Le site utilise la technologie JavaScript.<\/p>\n<p class=\"western\">Le site Internet ne pourra \u00eatre tenu responsable de dommages mat\u00e9riels li\u00e9s \u00e0 l\u2019utilisation du site. De plus, l\u2019utilisateur du site s\u2019engage \u00e0 acc\u00e9der au site en utilisant un mat\u00e9riel r\u00e9cent, ne contenant pas de virus et avec un navigateur de derni\u00e8re g\u00e9n\u00e9ration mis-\u00e0-jour<\/p>\n<h3 class=\"western\"><span style=\"color: #993300;\">5. Propri\u00e9t\u00e9 intellectuelle et contrefa\u00e7ons.<\/span><\/h3>\n<p class=\"western\">mas-antonin.fr est propri\u00e9taire des droits de propri\u00e9t\u00e9 intellectuelle ou d\u00e9tient les droits d\u2019usage sur tous les \u00e9l\u00e9ments accessibles sur le site, notamment les textes, images, graphismes, logo, ic\u00f4nes, sons, logiciels.<\/p>\n<p class=\"western\">Toute reproduction, repr\u00e9sentation, modification, publication, adaptation de tout ou partie des \u00e9l\u00e9ments du site, quel que soit le moyen ou le proc\u00e9d\u00e9 utilis\u00e9, est interdite, sauf autorisation \u00e9crite pr\u00e9alable de : JP PASCAL<\/p>\n<p class=\"western\">Toute exploitation non autoris\u00e9e du site ou de l\u2019un quelconque des \u00e9l\u00e9ments qu\u2019il contient sera consid\u00e9r\u00e9e comme constitutive d\u2019une contrefa\u00e7on et poursuivie conform\u00e9ment aux dispositions des articles L.335-2 et suivants du Code de Propri\u00e9t\u00e9 Intellectuelle.<\/p>\n<h3 class=\"western\"><span style=\"color: #993300;\">6. Limitations de responsabilit\u00e9.<\/span><\/h3>\n<p class=\"western\">JP PASCAL ne pourra \u00eatre tenue responsable des dommages directs et indirects caus\u00e9s au mat\u00e9riel de l\u2019utilisateur, lors de l\u2019acc\u00e8s au site mas-antonin.fr, et r\u00e9sultant soit de l\u2019utilisation d\u2019un mat\u00e9riel ne r\u00e9pondant pas aux sp\u00e9cifications indiqu\u00e9es au point 4, soit de l\u2019apparition d\u2019un bug ou d\u2019une incompatibilit\u00e9.<\/p>\n<p class=\"western\">JP PASCAL ne pourra \u00e9galement \u00eatre tenue responsable des dommages indirects (tels par exemple qu\u2019une perte de march\u00e9 ou perte d\u2019une chance) cons\u00e9cutifs \u00e0 l\u2019utilisation du site mas-antonin.fr<\/p>\n<p class=\"western\">Des espaces interactifs (possibilit\u00e9 de poser des questions dans l\u2019espace contact) sont \u00e0 la disposition des utilisateurs. g\u00eetes du Mas Antonin se r\u00e9serve le droit de supprimer, sans mise en demeure pr\u00e9alable, tout contenu d\u00e9pos\u00e9 dans cet espace qui contreviendrait \u00e0 la l\u00e9gislation applicable en France, en particulier aux dispositions relatives \u00e0 la protection des donn\u00e9es. Le cas \u00e9ch\u00e9ant, JP PASCAL se r\u00e9serve \u00e9galement la possibilit\u00e9 de mettre en cause la responsabilit\u00e9 civile et\/ou p\u00e9nale de l\u2019utilisateur, notamment en cas de message \u00e0 caract\u00e8re raciste, injurieux, diffamant, ou pornographique, quel que soit le support utilis\u00e9 (texte, photographie\u2026).<\/p>\n<h3 class=\"western\"><span style=\"color: #993300;\">7. Gestion des donn\u00e9es personnelles.<\/span><\/h3>\n<p class=\"western\">En France, les donn\u00e9es personnelles sont notamment prot\u00e9g\u00e9es par la loi n\u00b0 78-87 du 6 janvier 1978, la loi n\u00b0 2004-801 du 6 ao\u00fbt 2004, l&rsquo;article L. 226-13 du Code p\u00e9nal et la Directive Europ\u00e9enne du 24 octobre 1995.<\/p>\n<p class=\"western\">A l&rsquo;occasion de l&rsquo;utilisation du site mas-antonin.fr, peuvent \u00eatres recueillies : l&rsquo;URL des liens par l&rsquo;interm\u00e9diaire desquels l&rsquo;utilisateur a acc\u00e9d\u00e9 au site mas-antonin.fr, le fournisseur d&rsquo;acc\u00e8s de l&rsquo;utilisateur, l&rsquo;adresse de protocole Internet (IP) de l&rsquo;utilisateur.<\/p>\n<p class=\"western\">En tout \u00e9tat de cause JP PASCAL ne collecte des informations personnelles relatives \u00e0 l&rsquo;utilisateur que pour le besoin de certains services propos\u00e9s par le sitemas-antonin.fr . L&rsquo;utilisateur fournit ces informations en toute connaissance de cause, notamment lorsqu&rsquo;il proc\u00e8de par lui-m\u00eame \u00e0 leur saisie. Il est alors pr\u00e9cis\u00e9 \u00e0 l&rsquo;utilisateur du site mas-antonin.fr l\u2019obligation ou non de fournir ces informations.<\/p>\n<p class=\"western\">Conform\u00e9ment aux dispositions des articles 38 et suivants de la loi 78-17 du 6 janvier 1978 relative \u00e0 l\u2019informatique, aux fichiers et aux libert\u00e9s, tout utilisateur dispose d\u2019un droit d\u2019acc\u00e8s, de rectification et d\u2019opposition aux donn\u00e9es personnelles le concernant, en effectuant sa demande \u00e9crite et sign\u00e9e, accompagn\u00e9e d\u2019une copie du titre d\u2019identit\u00e9 avec signature du titulaire de la pi\u00e8ce, en pr\u00e9cisant l\u2019adresse \u00e0 laquelle la r\u00e9ponse doit \u00eatre envoy\u00e9e.<\/p>\n<p class=\"western\">Aucune information personnelle de l&rsquo;utilisateur du site mas-antonin.fr n&rsquo;est publi\u00e9e \u00e0 l&rsquo;insu de l&rsquo;utilisateur, \u00e9chang\u00e9e, transf\u00e9r\u00e9e, c\u00e9d\u00e9e ou vendue sur un support quelconque \u00e0 des tiers. Seule l&rsquo;hypoth\u00e8se du rachat de g\u00eetes du Mas Antonin et de ses droits permettrait la transmission des dites informations \u00e0 l&rsquo;\u00e9ventuel acqu\u00e9reur qui serait \u00e0 son tour tenu de la m\u00eame obligation de conservation et de modification des donn\u00e9es vis \u00e0 vis de l&rsquo;utilisateur du site mas-antonin.fr .<\/p>\n<p class=\"western\">Le site n&rsquo;est pas d\u00e9clar\u00e9 \u00e0 la CNIL car il ne recueille pas d&rsquo;informations personnelles. .<\/p>\n<p class=\"western\">Les bases de donn\u00e9es sont prot\u00e9g\u00e9es par les dispositions de la loi du 1er juillet 1998 transposant la directive 96\/9 du 11 mars 1996 relative \u00e0 la protection juridique des bases de donn\u00e9es.<\/p>\n<h3 class=\"western\"><span style=\"color: #993300;\">8. Liens hypertextes et cookies.<\/span><\/h3>\n<p class=\"western\">Le site mas-antonin.fr contient un certain nombre de liens hypertextes vers d\u2019autres sites, mis en place avec l\u2019autorisation de g\u00eetes du Mas Antonin. Cependant, g\u00eetes du Mas Antonin n\u2019a pas la possibilit\u00e9 de v\u00e9rifier le contenu des sites ainsi visit\u00e9s, et n\u2019assumera en cons\u00e9quence aucune responsabilit\u00e9 de ce fait.<\/p>\n<p class=\"western\">La navigation sur le site mas-antonin.fr est susceptible de provoquer l\u2019installation de cookie(s) sur l\u2019ordinateur de l\u2019utilisateur. Un cookie est un fichier de petite taille, qui ne permet pas l\u2019identification de l\u2019utilisateur, mais qui enregistre des informations relatives \u00e0 la navigation d\u2019un ordinateur sur un site. Les donn\u00e9es ainsi obtenues visent \u00e0 faciliter la navigation ult\u00e9rieure sur le site, et ont \u00e9galement vocation \u00e0 permettre diverses mesures de fr\u00e9quentation.<\/p>\n<p class=\"western\">Le refus d\u2019installation d\u2019un cookie peut entra\u00eener l\u2019impossibilit\u00e9 d\u2019acc\u00e9der \u00e0 certains services. L\u2019utilisateur peut toutefois configurer son ordinateur de la mani\u00e8re suivante, pour refuser l\u2019installation des cookies :<\/p>\n<p class=\"western\">Sous Internet Explorer : onglet outil (pictogramme en forme de rouage en haut a droite) \/ options internet. Cliquez sur Confidentialit\u00e9 et choisissez Bloquer tous les cookies. Validez sur Ok.<\/p>\n<p class=\"western\">Sous Firefox : en haut de la fen\u00eatre du navigateur, cliquez sur le bouton Firefox, puis aller dans l&rsquo;onglet Options. Cliquer sur l&rsquo;onglet Vie priv\u00e9e. Param\u00e9trez les R\u00e8gles de conservation sur : utiliser les param\u00e8tres personnalis\u00e9s pour l&rsquo;historique. Enfin d\u00e9cochez-la pour d\u00e9sactiver les cookies.<\/p>\n<p class=\"western\">Sous Safari : Cliquez en haut \u00e0 droite du navigateur sur le pictogramme de menu (symbolis\u00e9 par un rouage). S\u00e9lectionnez Param\u00e8tres. Cliquez sur Afficher les param\u00e8tres avanc\u00e9s. Dans la section \u00ab\u00a0Confidentialit\u00e9\u00a0\u00bb, cliquez sur Param\u00e8tres de contenu. Dans la section \u00ab\u00a0Cookies\u00a0\u00bb, vous pouvez bloquer les cookies.<\/p>\n<p class=\"western\">Sous Chrome : Cliquez en haut \u00e0 droite du navigateur sur le pictogramme de menu (symbolis\u00e9 par trois lignes horizontales). S\u00e9lectionnez Param\u00e8tres. Cliquez sur Afficher les param\u00e8tres avanc\u00e9s. Dans la section \u00ab\u00a0Confidentialit\u00e9\u00a0\u00bb, cliquez sur pr\u00e9f\u00e9rences. Dans l&rsquo;onglet \u00ab\u00a0Confidentialit\u00e9\u00a0\u00bb, vous pouvez bloquer les cookies.<\/p>\n<h3 class=\"western\"><span style=\"color: #993300;\">9. Droit applicable et attribution de juridiction.<\/span><\/h3>\n<p class=\"western\">Tout litige en relation avec l\u2019utilisation du site mas-antonin.fr est soumis au droit fran\u00e7ais. Il est fait attribution exclusive de juridiction aux tribunaux comp\u00e9tents de Paris.<\/p>\n<h3 class=\"western\"><span style=\"color: #993300;\">10. Les principales lois concern\u00e9es.<\/span><\/h3>\n<p class=\"western\">Loi n\u00b0 78-17 du 6 janvier 1978, notamment modifi\u00e9e par la loi n\u00b0 2004-801 du 6 ao\u00fbt 2004 relative \u00e0 l&rsquo;informatique, aux fichiers et aux libert\u00e9s.<\/p>\n<p class=\"western\">Loi n\u00b0 2004-575 du 21 juin 2004 pour la confiance dans l&rsquo;\u00e9conomie num\u00e9rique.<\/p>\n<h3 class=\"western\"><span style=\"color: #993300;\">11. Lexique.<\/span><\/h3>\n<p class=\"western\">Utilisateur : Internaute se connectant, utilisant le site susnomm\u00e9.<\/p>\n<p class=\"western\">Informations personnelles : \u00ab les informations qui permettent, sous quelque forme que ce soit, directement ou non, l&rsquo;identification des personnes physiques auxquelles elles s&rsquo;appliquent \u00bb (article 4 de la loi n\u00b0 78-17 du 6 janvier 1978).<\/p>\n","protected":false},"excerpt":{"rendered":"<p>Mentions l\u00e9gales des g\u00eetes du Mas Antonin 1. Pr\u00e9sentation du site. En vertu de l&rsquo;article 6 de la loi n\u00b0 2004-575 du 21 juin 2004 pour la confiance dans l&rsquo;\u00e9conomie num\u00e9rique, il est pr\u00e9cis\u00e9 aux utilisateurs du site mas-antonin.fr l&rsquo;identit\u00e9 des diff\u00e9rents intervenants dans le cadre de sa r\u00e9alisation et de son suivi : Propri\u00e9taire [&hellip;]<\/p>\n","protected":false},"author":1,"featured_media":0,"parent":0,"menu_order":0,"comment_status":"closed","ping_status":"closed","template":"","meta":{"footnotes":""},"class_list":["post-1736","page","type-page","status-publish","hentry"],"yoast_head":"<!-- This site is optimized with the Yoast SEO plugin v27.4 - https:\/\/yoast.com\/product\/yoast-seo-wordpress\/ -->\n<title>mentions l\u00e9gales - Mas Antonin<\/title>\n<meta name=\"description\" content=\"liste des mentions l\u00e9gales et de la politique de confidentialit\u00e9 des g\u00eetes du mas antonin \u00e0 caissargues n\u00eemes dans le sud de france\" \/>\n<meta name=\"robots\" content=\"index, follow, max-snippet:-1, max-image-preview:large, max-video-preview:-1\" \/>\n<link rel=\"canonical\" href=\"https:\/\/mas-antonin.fr\/WordPress3\/mentions-legales\/\" \/>\n<meta property=\"og:locale\" content=\"fr_FR\" \/>\n<meta property=\"og:type\" content=\"article\" \/>\n<meta property=\"og:title\" content=\"mentions l\u00e9gales - Mas Antonin\" \/>\n<meta property=\"og:description\" content=\"liste des mentions l\u00e9gales et de la politique de confidentialit\u00e9 des g\u00eetes du mas antonin \u00e0 caissargues n\u00eemes dans le sud de france\" \/>\n<meta property=\"og:url\" content=\"https:\/\/mas-antonin.fr\/WordPress3\/mentions-legales\/\" \/>\n<meta property=\"og:site_name\" content=\"Mas Antonin\" \/>\n<meta property=\"article:publisher\" content=\"https:\/\/www.facebook.com\/Gite.Mas.Antonin\" \/>\n<meta property=\"article:modified_time\" content=\"2021-11-19T21:21:41+00:00\" \/>\n<meta name=\"twitter:card\" content=\"summary_large_image\" \/>\n<meta name=\"twitter:label1\" content=\"Dur\u00e9e de lecture estim\u00e9e\" \/>\n\t<meta name=\"twitter:data1\" content=\"7 minutes\" \/>\n<script type=\"application\/ld+json\" class=\"yoast-schema-graph\">{\"@context\":\"https:\\\/\\\/schema.org\",\"@graph\":[{\"@type\":\"WebPage\",\"@id\":\"https:\\\/\\\/mas-antonin.fr\\\/WordPress3\\\/mentions-legales\\\/\",\"url\":\"https:\\\/\\\/mas-antonin.fr\\\/WordPress3\\\/mentions-legales\\\/\",\"name\":\"mentions l\u00e9gales - Mas Antonin\",\"isPartOf\":{\"@id\":\"https:\\\/\\\/mas-antonin.fr\\\/WordPress3\\\/#website\"},\"datePublished\":\"2016-11-02T19:46:21+00:00\",\"dateModified\":\"2021-11-19T21:21:41+00:00\",\"description\":\"liste des mentions l\u00e9gales et de la politique de confidentialit\u00e9 des g\u00eetes du mas antonin \u00e0 caissargues n\u00eemes dans le sud de france\",\"breadcrumb\":{\"@id\":\"https:\\\/\\\/mas-antonin.fr\\\/WordPress3\\\/mentions-legales\\\/#breadcrumb\"},\"inLanguage\":\"fr-FR\",\"potentialAction\":[{\"@type\":\"ReadAction\",\"target\":[\"https:\\\/\\\/mas-antonin.fr\\\/WordPress3\\\/mentions-legales\\\/\"]}]},{\"@type\":\"BreadcrumbList\",\"@id\":\"https:\\\/\\\/mas-antonin.fr\\\/WordPress3\\\/mentions-legales\\\/#breadcrumb\",\"itemListElement\":[{\"@type\":\"ListItem\",\"position\":1,\"name\":\"Accueil\",\"item\":\"https:\\\/\\\/mas-antonin.fr\\\/WordPress3\\\/\"},{\"@type\":\"ListItem\",\"position\":2,\"name\":\"mentions l\u00e9gales\"}]},{\"@type\":\"WebSite\",\"@id\":\"https:\\\/\\\/mas-antonin.fr\\\/WordPress3\\\/#website\",\"url\":\"https:\\\/\\\/mas-antonin.fr\\\/WordPress3\\\/\",\"name\":\"Mas Antonin\",\"description\":\"Bienvenue dans le gard, \u00e0 cot\u00e9 de N\u00eemes dans des gites de charme\",\"publisher\":{\"@id\":\"https:\\\/\\\/mas-antonin.fr\\\/WordPress3\\\/#organization\"},\"potentialAction\":[{\"@type\":\"SearchAction\",\"target\":{\"@type\":\"EntryPoint\",\"urlTemplate\":\"https:\\\/\\\/mas-antonin.fr\\\/WordPress3\\\/?s={search_term_string}\"},\"query-input\":{\"@type\":\"PropertyValueSpecification\",\"valueRequired\":true,\"valueName\":\"search_term_string\"}}],\"inLanguage\":\"fr-FR\"},{\"@type\":\"Organization\",\"@id\":\"https:\\\/\\\/mas-antonin.fr\\\/WordPress3\\\/#organization\",\"name\":\"G\u00eetes du Mas Antonin\",\"url\":\"https:\\\/\\\/mas-antonin.fr\\\/WordPress3\\\/\",\"logo\":{\"@type\":\"ImageObject\",\"inLanguage\":\"fr-FR\",\"@id\":\"https:\\\/\\\/mas-antonin.fr\\\/WordPress3\\\/#\\\/schema\\\/logo\\\/image\\\/\",\"url\":\"https:\\\/\\\/mas-antonin.fr\\\/WordPress3\\\/wp-content\\\/uploads\\\/2016\\\/10\\\/cropped-favicon2.png\",\"contentUrl\":\"https:\\\/\\\/mas-antonin.fr\\\/WordPress3\\\/wp-content\\\/uploads\\\/2016\\\/10\\\/cropped-favicon2.png\",\"width\":512,\"height\":512,\"caption\":\"G\u00eetes du Mas Antonin\"},\"image\":{\"@id\":\"https:\\\/\\\/mas-antonin.fr\\\/WordPress3\\\/#\\\/schema\\\/logo\\\/image\\\/\"},\"sameAs\":[\"https:\\\/\\\/www.facebook.com\\\/Gite.Mas.Antonin\"]}]}<\/script>\n<!-- \/ Yoast SEO plugin. -->","yoast_head_json":{"title":"mentions l\u00e9gales - Mas Antonin","description":"liste des mentions l\u00e9gales et de la politique de confidentialit\u00e9 des g\u00eetes du mas antonin \u00e0 caissargues n\u00eemes dans le sud de france","robots":{"index":"index","follow":"follow","max-snippet":"max-snippet:-1","max-image-preview":"max-image-preview:large","max-video-preview":"max-video-preview:-1"},"canonical":"https:\/\/mas-antonin.fr\/WordPress3\/mentions-legales\/","og_locale":"fr_FR","og_type":"article","og_title":"mentions l\u00e9gales - Mas Antonin","og_description":"liste des mentions l\u00e9gales et de la politique de confidentialit\u00e9 des g\u00eetes du mas antonin \u00e0 caissargues n\u00eemes dans le sud de france","og_url":"https:\/\/mas-antonin.fr\/WordPress3\/mentions-legales\/","og_site_name":"Mas Antonin","article_publisher":"https:\/\/www.facebook.com\/Gite.Mas.Antonin","article_modified_time":"2021-11-19T21:21:41+00:00","twitter_card":"summary_large_image","twitter_misc":{"Dur\u00e9e de lecture estim\u00e9e":"7 minutes"},"schema":{"@context":"https:\/\/schema.org","@graph":[{"@type":"WebPage","@id":"https:\/\/mas-antonin.fr\/WordPress3\/mentions-legales\/","url":"https:\/\/mas-antonin.fr\/WordPress3\/mentions-legales\/","name":"mentions l\u00e9gales - Mas Antonin","isPartOf":{"@id":"https:\/\/mas-antonin.fr\/WordPress3\/#website"},"datePublished":"2016-11-02T19:46:21+00:00","dateModified":"2021-11-19T21:21:41+00:00","description":"liste des mentions l\u00e9gales et de la politique de confidentialit\u00e9 des g\u00eetes du mas antonin \u00e0 caissargues n\u00eemes dans le sud de france","breadcrumb":{"@id":"https:\/\/mas-antonin.fr\/WordPress3\/mentions-legales\/#breadcrumb"},"inLanguage":"fr-FR","potentialAction":[{"@type":"ReadAction","target":["https:\/\/mas-antonin.fr\/WordPress3\/mentions-legales\/"]}]},{"@type":"BreadcrumbList","@id":"https:\/\/mas-antonin.fr\/WordPress3\/mentions-legales\/#breadcrumb","itemListElement":[{"@type":"ListItem","position":1,"name":"Accueil","item":"https:\/\/mas-antonin.fr\/WordPress3\/"},{"@type":"ListItem","position":2,"name":"mentions l\u00e9gales"}]},{"@type":"WebSite","@id":"https:\/\/mas-antonin.fr\/WordPress3\/#website","url":"https:\/\/mas-antonin.fr\/WordPress3\/","name":"Mas Antonin","description":"Bienvenue dans le gard, \u00e0 cot\u00e9 de N\u00eemes dans des gites de charme","publisher":{"@id":"https:\/\/mas-antonin.fr\/WordPress3\/#organization"},"potentialAction":[{"@type":"SearchAction","target":{"@type":"EntryPoint","urlTemplate":"https:\/\/mas-antonin.fr\/WordPress3\/?s={search_term_string}"},"query-input":{"@type":"PropertyValueSpecification","valueRequired":true,"valueName":"search_term_string"}}],"inLanguage":"fr-FR"},{"@type":"Organization","@id":"https:\/\/mas-antonin.fr\/WordPress3\/#organization","name":"G\u00eetes du Mas Antonin","url":"https:\/\/mas-antonin.fr\/WordPress3\/","logo":{"@type":"ImageObject","inLanguage":"fr-FR","@id":"https:\/\/mas-antonin.fr\/WordPress3\/#\/schema\/logo\/image\/","url":"https:\/\/mas-antonin.fr\/WordPress3\/wp-content\/uploads\/2016\/10\/cropped-favicon2.png","contentUrl":"https:\/\/mas-antonin.fr\/WordPress3\/wp-content\/uploads\/2016\/10\/cropped-favicon2.png","width":512,"height":512,"caption":"G\u00eetes du Mas Antonin"},"image":{"@id":"https:\/\/mas-antonin.fr\/WordPress3\/#\/schema\/logo\/image\/"},"sameAs":["https:\/\/www.facebook.com\/Gite.Mas.Antonin"]}]}},"_links":{"self":[{"href":"https:\/\/mas-antonin.fr\/WordPress3\/wp-json\/wp\/v2\/pages\/1736","targetHints":{"allow":["GET"]}}],"collection":[{"href":"https:\/\/mas-antonin.fr\/WordPress3\/wp-json\/wp\/v2\/pages"}],"about":[{"href":"https:\/\/mas-antonin.fr\/WordPress3\/wp-json\/wp\/v2\/types\/page"}],"author":[{"embeddable":true,"href":"https:\/\/mas-antonin.fr\/WordPress3\/wp-json\/wp\/v2\/users\/1"}],"replies":[{"embeddable":true,"href":"https:\/\/mas-antonin.fr\/WordPress3\/wp-json\/wp\/v2\/comments?post=1736"}],"version-history":[{"count":13,"href":"https:\/\/mas-antonin.fr\/WordPress3\/wp-json\/wp\/v2\/pages\/1736\/revisions"}],"predecessor-version":[{"id":2796,"href":"https:\/\/mas-antonin.fr\/WordPress3\/wp-json\/wp\/v2\/pages\/1736\/revisions\/2796"}],"wp:attachment":[{"href":"https:\/\/mas-antonin.fr\/WordPress3\/wp-json\/wp\/v2\/media?parent=1736"}],"curies":[{"name":"wp","href":"https:\/\/api.w.org\/{rel}","templated":true}]}}