{"id":184,"date":"2011-11-07T06:20:19","date_gmt":"2011-11-07T05:20:19","guid":{"rendered":"http:\/\/mas-antonin.fr\/WordPress3\/?page_id=184"},"modified":"2022-10-22T18:31:55","modified_gmt":"2022-10-22T16:31:55","slug":"location-gite-pmr-avec-piscine-proche-nimes","status":"publish","type":"page","link":"https:\/\/mas-antonin.fr\/WordPress3\/location-gite-pmr-avec-piscine-proche-nimes\/","title":{"rendered":"Le Plaqueminier"},"content":{"rendered":"<h2><span style=\"color: #4d3832;\"><big><span style=\"font-size: 30pt; font-family: georgia, palatino, serif; color: #4d3832;\">G\u00eete le Plaqueminier<\/span><br \/><\/big><\/span><\/h2>\n<div id=\"wug-wrapper-1606\" class=\"wug-wrapper\">\n        <script>\n            jQuery(document).ready(function($){\n                    $(\"#wug-inner-1606\").lightSlider({\n                        item:1,\n                        loop: true,\n                        auto: true,\n                        \n                        \n                        pager: true,\n                        controls: false,\n                        \n                        \n                        pause: 3000,\n                        adaptiveHeight: false,\n                        slideMargin: 0,\n                        responsive: [\n                            {\n                                breakpoint:768,\n                                settings: {\n                                    item:1,\n                                }\n                            },\n                            {\n                                breakpoint:480,\n                                settings: {\n                                    item:1,\n                                }\n                            }\n                        ]                       \n                    });\n            \n            });\n            \n            jQuery(window).load(function(){\n        \n            jQuery(\".wug-second-wrap\").addClass(\"wug-loaded\");\n            jQuery(\".wug-gallery-pagination\").delay(1000).fadeIn();\n        \n            });\n        <\/script>\n        <div class=\"wug-second-wrap\"><div class=\"wpg-loading-wrap\"><div class=\"wpg-loading\"><i class=\"icomoon icomoon-spinner icomoon-rotate\"><\/i><p>loading ...<\/p><\/div><\/div><div class=\"wug-inner wug-flexible wug-slideshow-activated  carousel-nav-deactivated\"><div id=\"wug-inner-1606\"><div class=\"single-ug-slide-item\"><img decoding=\"async\" src=\"https:\/\/mas-antonin.fr\/WordPress3\/wp-content\/uploads\/2021\/05\/salon05-850x600.jpg\" alt=\"\"\/>\n                <\/div><div class=\"single-ug-slide-item\"><img decoding=\"async\" src=\"https:\/\/mas-antonin.fr\/WordPress3\/wp-content\/uploads\/2021\/05\/cuisine02-850x600.jpg\" alt=\"table cuisine mas antonin\"\/>\n                        <div class=\"wug-slideshow-desc\">\n                            <h3>table cuisine mas antonin<\/h3>\n                        <\/div>\n                <\/div><div class=\"single-ug-slide-item\"><img decoding=\"async\" src=\"https:\/\/mas-antonin.fr\/WordPress3\/wp-content\/uploads\/2021\/05\/cuisine03-850x600.jpg\" alt=\"vue table cuisine\"\/>\n                        <div class=\"wug-slideshow-desc\">\n                            <h3>vue table cuisine<\/h3>\n                        <\/div>\n                <\/div><div class=\"single-ug-slide-item\"><img decoding=\"async\" src=\"https:\/\/mas-antonin.fr\/WordPress3\/wp-content\/uploads\/2021\/05\/cuisine04-850x600.jpg\" alt=\"Nouveau plan travail plaqueminier\"\/>\n                        <div class=\"wug-slideshow-desc\">\n                            <h3>Nouveau plan travail plaqueminier<\/h3>\n                        <\/div>\n                <\/div><div class=\"single-ug-slide-item\"><img decoding=\"async\" src=\"https:\/\/mas-antonin.fr\/WordPress3\/wp-content\/uploads\/2021\/05\/image000000-850x600.jpg\" alt=\"D\u00e9co cuisine plaqueminier\"\/>\n                        <div class=\"wug-slideshow-desc\">\n                            <h3>D\u00e9co cuisine plaqueminier<\/h3>\n                        <\/div>\n                <\/div><div class=\"single-ug-slide-item\"><img decoding=\"async\" src=\"https:\/\/mas-antonin.fr\/WordPress3\/wp-content\/uploads\/2021\/05\/chambrebleu01-850x600.jpg\" alt=\"Chambre cot\u00e9 jardin\"\/>\n                        <div class=\"wug-slideshow-desc\">\n                            <h3>Chambre cot\u00e9 jardin<\/h3>\n                        <\/div>\n                <\/div><div class=\"single-ug-slide-item\"><img decoding=\"async\" src=\"https:\/\/mas-antonin.fr\/WordPress3\/wp-content\/uploads\/2021\/05\/chambrebleu08-ensemble-850x600.jpg\" alt=\"chambre du plaquemnier  cot\u00e9 jardin\"\/>\n                        <div class=\"wug-slideshow-desc\">\n                            <h3>chambre du plaquemnier  cot\u00e9 jardin<\/h3>\n                        <\/div>\n                <\/div><div class=\"single-ug-slide-item\"><img decoding=\"async\" src=\"https:\/\/mas-antonin.fr\/WordPress3\/wp-content\/uploads\/2021\/05\/chambrebleu12-850x600.jpg\" alt=\"chambre bleu fenetre\"\/>\n                        <div class=\"wug-slideshow-desc\">\n                            <h3>chambre bleu fenetre<\/h3>\n                        <\/div>\n                <\/div><div class=\"single-ug-slide-item\"><img decoding=\"async\" src=\"https:\/\/mas-antonin.fr\/WordPress3\/wp-content\/uploads\/2021\/05\/chambrebleu11-mix-850x600.jpg\" alt=\"vue element chambre bleu\"\/>\n                        <div class=\"wug-slideshow-desc\">\n                            <h3>vue element chambre bleu<\/h3>\n                        <\/div>\n                <\/div><div class=\"single-ug-slide-item\"><img decoding=\"async\" src=\"https:\/\/mas-antonin.fr\/WordPress3\/wp-content\/uploads\/2021\/05\/chambrefond02-850x600.jpg\" alt=\"chambrefond02\"\/>\n                        <div class=\"wug-slideshow-desc\">\n                            <h3>chambrefond02<\/h3>\n                        <\/div>\n                <\/div><div class=\"single-ug-slide-item\"><img decoding=\"async\" src=\"https:\/\/mas-antonin.fr\/WordPress3\/wp-content\/uploads\/2021\/06\/pla-chambre-1-850x600.jpg\" alt=\"chambre gite palqueminier 1\"\/>\n                        <div class=\"wug-slideshow-desc\">\n                            <h3>chambre gite palqueminier 1<\/h3>\n                        <\/div>\n                <\/div><div class=\"single-ug-slide-item\"><img decoding=\"async\" src=\"https:\/\/mas-antonin.fr\/WordPress3\/wp-content\/uploads\/2021\/06\/pla-chambre-2-850x600.jpg\" alt=\"pla chambre 2chambre gite palqueminier\"\/>\n                        <div class=\"wug-slideshow-desc\">\n                            <h3>pla chambre 2chambre gite palqueminier<\/h3>\n                        <\/div>\n                <\/div><div class=\"single-ug-slide-item\"><img decoding=\"async\" src=\"https:\/\/mas-antonin.fr\/WordPress3\/wp-content\/uploads\/2021\/06\/pla-chambre-4-850x600.jpg\" alt=\"plaqueminier chambre 4\"\/>\n                        <div class=\"wug-slideshow-desc\">\n                            <h3>plaqueminier chambre 4<\/h3>\n                        <\/div>\n                <\/div><div class=\"single-ug-slide-item\"><img decoding=\"async\" src=\"https:\/\/mas-antonin.fr\/WordPress3\/wp-content\/uploads\/2021\/06\/pla-panier-850x600.jpg\" alt=\"panier\"\/>\n                        <div class=\"wug-slideshow-desc\">\n                            <h3>panier<\/h3>\n                        <\/div>\n                <\/div><div class=\"single-ug-slide-item\"><img decoding=\"async\" src=\"https:\/\/mas-antonin.fr\/WordPress3\/wp-content\/uploads\/2014\/07\/5pjardin2-850x600.jpg\" alt=\"Terrasse ombrag\u00e9e plaqueminier\"\/>\n                        <div class=\"wug-slideshow-desc\">\n                            <h3>Terrasse ombrag\u00e9e plaqueminier<\/h3>\n                        <\/div>\n                <\/div><\/div><\/div><\/div><div style=\"clear:both\"><\/div><\/div>\n<p><span style=\"color: #4d3832;\"><big>Au rez-de-chauss\u00e9e, notre grand g\u00eete de 75m<\/big><big><sup>2<\/sup> ,climatis\u00e9, permet d&rsquo;accueillir\u00a0 jusqu\u2019\u00e0 5 personnes gr\u00e2ce \u00e0 ces 2 grandes chambres. Il est adapt\u00e9 pour les Personnes \u00e0 Mobilit\u00e9 R\u00e9duites (PMR) et d\u00e9tiens le label tourisme et Handicap. Il poss\u00e8de une terrasse de\u00a0 30m<\/big><big><sup>2\u00a0<\/sup><\/big> <big>avec son mobilier de jardin. La salle de bain est con\u00e7ue avec une douche de plein pied.<\/big><br \/><\/span><\/p>\n<table style=\"border-collapse: collapse; width: 100%;\">\n<tbody>\n<tr>\n<td style=\"width: 50%; text-align: center;\" colspan=\"2\">\n<h2><span style=\"color: #4d3832;\">Composition du g\u00eete<\/span><\/h2>\n<\/td>\n<\/tr>\n<tr>\n<td style=\"width: 50%;\"><span style=\"color: #4d3832;\"><strong>Le salon :<\/strong><\/span>\n<p>\u00a0<\/p>\n<ul>\n<li><span style=\"color: #4d3832;\">une T\u00e9l\u00e9vision (TNT)<\/span><\/li>\n<li><span style=\"color: #4d3832;\">un lecteur DVD<\/span><\/li>\n<li><span style=\"color: #4d3832;\">un acc\u00e8s internet WIFI (gratuit)<\/span><\/li>\n<\/ul>\n<p><span style=\"color: #4d3832;\"><strong>La cuisine :<\/strong><\/span><\/p>\n<ul>\n<li><span style=\"color: #4d3832;\">un lave-vaisselle<\/span><\/li>\n<li><span style=\"color: #4d3832;\">un micro-ondes<\/span><\/li>\n<li><span style=\"color: #4d3832;\">un mini-four<\/span><\/li>\n<li><span style=\"color: #4d3832;\">une cafeti\u00e8re <strong>\u00ab\u00a0Sens\u00e9o\u00a0\u00bb<\/strong><\/span><\/li>\n<li><span style=\"color: #4d3832;\">un grille-pain<\/span><\/li>\n<\/ul>\n<p><span style=\"color: #4d3832;\"><strong>Commodit\u00e9s :<\/strong><\/span><\/p>\n<ul>\n<li><span style=\"color: #4d3832;\">La climatisation des g\u00eetes<\/span><\/li>\n<li><span style=\"color: #4d3832;\">Une piscine chauff\u00e9e munie d&rsquo;une plage facilitant l\u2019acc\u00e8s (10cm \u00e0 50cm)<\/span><\/li>\n<li><span style=\"color: #4d3832;\">Un parking goudronn\u00e9 ferm\u00e9<\/span><\/li>\n<li><span style=\"color: #4d3832;\">Un jardin privatif<\/span><\/li>\n<li><span style=\"color: #4d3832;\">Un acc\u00e8s internet en WIFI\u00a0 gratuit<\/span><\/li>\n<li><span style=\"color: #4d3832;\">Un boulodrome pour la p\u00e9tanque<\/span><\/li>\n<li><span style=\"color: #4d3832;\">Une table de ping-pong<\/span><\/li>\n<li><span style=\"color: #4d3832;\">Un panier de basket<\/span><\/li>\n<\/ul>\n<\/td>\n<td style=\"width: 50%; vertical-align: top;\"><span style=\"color: #4d3832;\"><strong>Les couchages :<\/strong><\/span>\n<p>\u00a0<\/p>\n<ul>\n<li><span style=\"color: #4d3832;\">la grande chambre:<\/span><\/li>\n<\/ul>\n<p><span style=\"color: #4d3832;\">\u00a0\u00a0\u00a0 \u00a0 \u00a0 \u00a0 \u00a0 \u00a0\u00a0 &#8211; un lit en <strong><span style=\"color: #ff0000;\">160 x 190<\/span><\/strong><\/span><br \/><span style=\"color: #4d3832;\">\u00a0\u00a0\u00a0\u00a0\u00a0\u00a0\u00a0\u00a0\u00a0\u00a0\u00a0\u00a0\u00a0\u00a0 &#8211; un lit en <strong><span style=\"color: #ff0000;\">90 x 190<\/span><\/strong><\/span><\/p>\n<ul>\n<li><span style=\"color: #4d3832;\">\u00a0l&rsquo;autre chambre cot\u00e9 jardin: un lit en <strong><span style=\"color: #ff0000;\">160 x 190<\/span><\/strong><\/span><\/li>\n<\/ul>\n<p><span style=\"color: #4d3832;\"><strong>Salle de bain :<\/strong><\/span><\/p>\n<ul>\n<li><span style=\"color: #4d3832;\">une douche de plain pied<\/span><br \/><span style=\"color: #4d3832;\">(barre appui WC, fauteuil de transfert, r\u00e9hausseur toilette, poign\u00e9e douche)<\/span><\/li>\n<\/ul>\n<p><span style=\"color: #4d3832;\"><strong>Services :<\/strong><\/span><\/p>\n<ul>\n<li><span style=\"color: #4d3832;\">Une buanderie commune avec lave-linge, table et fer \u00e0 repasser, \u00e9tendoir, aspirateur<\/span><\/li>\n<li><span style=\"color: #4d3832;\">Possibilit\u00e9 de paiement par ch\u00e8ques vacances<\/span><\/li>\n<li><span style=\"color: #4d3832;\">Location de serviettes de piscine (5\u20ac par personne pour la dur\u00e9e du s\u00e9jour<\/span><\/li>\n<li><span style=\"color: #4d3832;\">Pr\u00eat possible de : un appareil \u00e0 raclette, \u00e0 fondue ainsi que du mat\u00e9riel pour b\u00e9b\u00e9 (chaise haute, lit pliant, transat, &#8230;).<\/span><\/li>\n<\/ul>\n<\/td>\n<\/tr>\n<\/tbody>\n<\/table>\n<figure id=\"attachment_183\" aria-describedby=\"caption-attachment-183\" style=\"width: 598px\" class=\"wp-caption aligncenter\"><img loading=\"lazy\" decoding=\"async\" class=\"size-full wp-image-183\" src=\"https:\/\/mas-antonin.fr\/WordPress3\/wp-content\/uploads\/2011\/11\/plan_plaqueminier-sh3d.png\" alt=\"Plan plaqueminier\" width=\"598\" height=\"445\" srcset=\"https:\/\/mas-antonin.fr\/WordPress3\/wp-content\/uploads\/2011\/11\/plan_plaqueminier-sh3d.png 598w, https:\/\/mas-antonin.fr\/WordPress3\/wp-content\/uploads\/2011\/11\/plan_plaqueminier-sh3d-300x223.png 300w, https:\/\/mas-antonin.fr\/WordPress3\/wp-content\/uploads\/2011\/11\/plan_plaqueminier-sh3d-403x300.png 403w, https:\/\/mas-antonin.fr\/WordPress3\/wp-content\/uploads\/2011\/11\/plan_plaqueminier-sh3d-480x357.png 480w\" sizes=\"auto, (max-width: 598px) 100vw, 598px\" \/><figcaption id=\"caption-attachment-183\" class=\"wp-caption-text\">Plan plaqueminier<\/figcaption><\/figure>\n<p style=\"text-align: center;\">\n<table id=\"tablepress-13\" class=\"tablepress tablepress-id-13 tbody-has-connected-cells\">\n<thead>\n<tr class=\"row-1\">\n\t<th colspan=\"4\" class=\"column-1\">Nos Tarifs en fonction des p\u00e9riodes<\/th>\n<\/tr>\n<\/thead>\n<tbody class=\"row-striping row-hover\">\n<tr class=\"row-2\">\n\t<td colspan=\"4\" class=\"column-1\">Le Plaqueminier<\/td>\n<\/tr>\n<tr class=\"row-3\">\n\t<td class=\"column-1\"><\/td><td class=\"column-2\">Basse saison<br \/>\n(Novembre \u00e0 Mars)<\/td><td class=\"column-3\">Moyenne saison<br \/>\n(Avril-juin + Septembre-Octobre)<\/td><td class=\"column-4\">Haute Saison<br \/>\n(Juillet - Ao\u00fbt )<\/td>\n<\/tr>\n<tr class=\"row-4\">\n\t<td class=\"column-1\">Semaine<br \/>\nsamedi 16h - samedi 10h<\/td><td class=\"column-2\">550\u20ac<\/td><td class=\"column-3\">650\u20ac<\/td><td class=\"column-4\">750\u20ac<\/td>\n<\/tr>\n<tr class=\"row-5\">\n\t<td class=\"column-1\">Mid-Week<br \/>\n (hors vacances scolaires)<br \/>\nLundi 16h-Vendredi 11h<\/td><td class=\"column-2\">320\u20ac<\/td><td class=\"column-3\">Nous consulter<\/td><td class=\"column-4\">Nous consulter<\/td>\n<\/tr>\n<tr class=\"row-6\">\n\t<td class=\"column-1\">Week-end<br \/>\n (hors vacances scolaires)<br \/>\nVendredi 16h - Dimanche 17h<br \/>\nSamedi 11h - Lundi 10h<\/td><td class=\"column-2\">150\u20ac<\/td><td class=\"column-3\">Nous consulter<\/td><td class=\"column-4\">Nous consulter<\/td>\n<\/tr>\n<\/tbody>\n<\/table>\n<!-- #tablepress-13 from cache --><\/p>\n<p>\u00a0<\/p>\n<p style=\"text-align: left;\"><span style=\"color: #000000;\"><strong>Calendrier g\u00eete le PLAQUEMINIER<\/strong><\/span><\/p>\n\n\n\n<iframe loading=\"lazy\" src=\"https:\/\/www.cybevasion.fr\/annonces_planning.php?id_annonce=80747&#038;id_structure=61483&#038;langue=fr&#038;transparent\" name=\"planning\" width=\"600\" height=\"825\" frameborder=\"0\"><\/iframe>\n\n\n","protected":false},"excerpt":{"rendered":"<p>G\u00eete le Plaqueminier Au rez-de-chauss\u00e9e, notre grand g\u00eete de 75m2 ,climatis\u00e9, permet d&rsquo;accueillir\u00a0 jusqu\u2019\u00e0 5 personnes gr\u00e2ce \u00e0 ces 2 grandes chambres. Il est adapt\u00e9 pour les Personnes \u00e0 Mobilit\u00e9 R\u00e9duites (PMR) et d\u00e9tiens le label tourisme et Handicap. Il poss\u00e8de une terrasse de\u00a0 30m2\u00a0 avec son mobilier de jardin. La salle de bain est [&hellip;]<\/p>\n","protected":false},"author":1,"featured_media":867,"parent":0,"menu_order":0,"comment_status":"closed","ping_status":"open","template":"","meta":{"footnotes":""},"class_list":["post-184","page","type-page","status-publish","has-post-thumbnail","hentry"],"yoast_head":"<!-- This site is optimized with the Yoast SEO plugin v27.4 - https:\/\/yoast.com\/product\/yoast-seo-wordpress\/ -->\n<title>Le Plaqueminier - location g\u00eete PMR avec piscine label tourisme handicap<\/title>\n<meta name=\"description\" content=\"Location gite PMR avec piscine chauff\u00e9e. Acc\u00e8s pour Personnes \u00e0 Mobilit\u00e9s R\u00e9duites (PMR) , climatis\u00e9 et tout confort.\" \/>\n<meta name=\"robots\" content=\"index, follow, max-snippet:-1, max-image-preview:large, max-video-preview:-1\" \/>\n<link rel=\"canonical\" href=\"https:\/\/mas-antonin.fr\/WordPress3\/location-gite-pmr-avec-piscine-proche-nimes\/\" \/>\n<meta property=\"og:locale\" content=\"fr_FR\" \/>\n<meta property=\"og:type\" content=\"article\" \/>\n<meta property=\"og:title\" content=\"Le Plaqueminier - location g\u00eete PMR avec piscine label tourisme handicap\" \/>\n<meta property=\"og:description\" content=\"Location gite PMR avec piscine chauff\u00e9e. Acc\u00e8s pour Personnes \u00e0 Mobilit\u00e9s R\u00e9duites (PMR) , climatis\u00e9 et tout confort.\" \/>\n<meta property=\"og:url\" content=\"https:\/\/mas-antonin.fr\/WordPress3\/location-gite-pmr-avec-piscine-proche-nimes\/\" \/>\n<meta property=\"og:site_name\" content=\"Mas Antonin\" \/>\n<meta property=\"article:publisher\" content=\"https:\/\/www.facebook.com\/Gite.Mas.Antonin\" \/>\n<meta property=\"article:modified_time\" content=\"2022-10-22T16:31:55+00:00\" \/>\n<meta property=\"og:image\" content=\"https:\/\/mas-antonin.fr\/WordPress3\/wp-content\/uploads\/2011\/11\/titregitesplaqueminier.jpg\" \/>\n\t<meta property=\"og:image:width\" content=\"1000\" \/>\n\t<meta property=\"og:image:height\" content=\"288\" \/>\n\t<meta property=\"og:image:type\" content=\"image\/jpeg\" \/>\n<meta name=\"twitter:card\" content=\"summary_large_image\" \/>\n<meta name=\"twitter:label1\" content=\"Dur\u00e9e de lecture estim\u00e9e\" \/>\n\t<meta name=\"twitter:data1\" content=\"2 minutes\" \/>\n<script type=\"application\/ld+json\" class=\"yoast-schema-graph\">{\"@context\":\"https:\\\/\\\/schema.org\",\"@graph\":[{\"@type\":\"WebPage\",\"@id\":\"https:\\\/\\\/mas-antonin.fr\\\/WordPress3\\\/location-gite-pmr-avec-piscine-proche-nimes\\\/\",\"url\":\"https:\\\/\\\/mas-antonin.fr\\\/WordPress3\\\/location-gite-pmr-avec-piscine-proche-nimes\\\/\",\"name\":\"Le Plaqueminier - location g\u00eete PMR avec piscine label tourisme handicap\",\"isPartOf\":{\"@id\":\"https:\\\/\\\/mas-antonin.fr\\\/WordPress3\\\/#website\"},\"primaryImageOfPage\":{\"@id\":\"https:\\\/\\\/mas-antonin.fr\\\/WordPress3\\\/location-gite-pmr-avec-piscine-proche-nimes\\\/#primaryimage\"},\"image\":{\"@id\":\"https:\\\/\\\/mas-antonin.fr\\\/WordPress3\\\/location-gite-pmr-avec-piscine-proche-nimes\\\/#primaryimage\"},\"thumbnailUrl\":\"https:\\\/\\\/mas-antonin.fr\\\/WordPress3\\\/wp-content\\\/uploads\\\/2011\\\/11\\\/titregitesplaqueminier.jpg\",\"datePublished\":\"2011-11-07T05:20:19+00:00\",\"dateModified\":\"2022-10-22T16:31:55+00:00\",\"description\":\"Location gite PMR avec piscine chauff\u00e9e. Acc\u00e8s pour Personnes \u00e0 Mobilit\u00e9s R\u00e9duites (PMR) , climatis\u00e9 et tout confort.\",\"breadcrumb\":{\"@id\":\"https:\\\/\\\/mas-antonin.fr\\\/WordPress3\\\/location-gite-pmr-avec-piscine-proche-nimes\\\/#breadcrumb\"},\"inLanguage\":\"fr-FR\",\"potentialAction\":[{\"@type\":\"ReadAction\",\"target\":[\"https:\\\/\\\/mas-antonin.fr\\\/WordPress3\\\/location-gite-pmr-avec-piscine-proche-nimes\\\/\"]}]},{\"@type\":\"ImageObject\",\"inLanguage\":\"fr-FR\",\"@id\":\"https:\\\/\\\/mas-antonin.fr\\\/WordPress3\\\/location-gite-pmr-avec-piscine-proche-nimes\\\/#primaryimage\",\"url\":\"https:\\\/\\\/mas-antonin.fr\\\/WordPress3\\\/wp-content\\\/uploads\\\/2011\\\/11\\\/titregitesplaqueminier.jpg\",\"contentUrl\":\"https:\\\/\\\/mas-antonin.fr\\\/WordPress3\\\/wp-content\\\/uploads\\\/2011\\\/11\\\/titregitesplaqueminier.jpg\",\"width\":\"1000\",\"height\":\"288\",\"caption\":\"gite le plaqueminier\"},{\"@type\":\"BreadcrumbList\",\"@id\":\"https:\\\/\\\/mas-antonin.fr\\\/WordPress3\\\/location-gite-pmr-avec-piscine-proche-nimes\\\/#breadcrumb\",\"itemListElement\":[{\"@type\":\"ListItem\",\"position\":1,\"name\":\"Accueil\",\"item\":\"https:\\\/\\\/mas-antonin.fr\\\/WordPress3\\\/\"},{\"@type\":\"ListItem\",\"position\":2,\"name\":\"Le Plaqueminier\"}]},{\"@type\":\"WebSite\",\"@id\":\"https:\\\/\\\/mas-antonin.fr\\\/WordPress3\\\/#website\",\"url\":\"https:\\\/\\\/mas-antonin.fr\\\/WordPress3\\\/\",\"name\":\"Mas Antonin\",\"description\":\"Bienvenue dans le gard, \u00e0 cot\u00e9 de N\u00eemes dans des gites de charme\",\"publisher\":{\"@id\":\"https:\\\/\\\/mas-antonin.fr\\\/WordPress3\\\/#organization\"},\"potentialAction\":[{\"@type\":\"SearchAction\",\"target\":{\"@type\":\"EntryPoint\",\"urlTemplate\":\"https:\\\/\\\/mas-antonin.fr\\\/WordPress3\\\/?s={search_term_string}\"},\"query-input\":{\"@type\":\"PropertyValueSpecification\",\"valueRequired\":true,\"valueName\":\"search_term_string\"}}],\"inLanguage\":\"fr-FR\"},{\"@type\":\"Organization\",\"@id\":\"https:\\\/\\\/mas-antonin.fr\\\/WordPress3\\\/#organization\",\"name\":\"G\u00eetes du Mas Antonin\",\"url\":\"https:\\\/\\\/mas-antonin.fr\\\/WordPress3\\\/\",\"logo\":{\"@type\":\"ImageObject\",\"inLanguage\":\"fr-FR\",\"@id\":\"https:\\\/\\\/mas-antonin.fr\\\/WordPress3\\\/#\\\/schema\\\/logo\\\/image\\\/\",\"url\":\"https:\\\/\\\/mas-antonin.fr\\\/WordPress3\\\/wp-content\\\/uploads\\\/2016\\\/10\\\/cropped-favicon2.png\",\"contentUrl\":\"https:\\\/\\\/mas-antonin.fr\\\/WordPress3\\\/wp-content\\\/uploads\\\/2016\\\/10\\\/cropped-favicon2.png\",\"width\":512,\"height\":512,\"caption\":\"G\u00eetes du Mas Antonin\"},\"image\":{\"@id\":\"https:\\\/\\\/mas-antonin.fr\\\/WordPress3\\\/#\\\/schema\\\/logo\\\/image\\\/\"},\"sameAs\":[\"https:\\\/\\\/www.facebook.com\\\/Gite.Mas.Antonin\"]}]}<\/script>\n<!-- \/ Yoast SEO plugin. -->","yoast_head_json":{"title":"Le Plaqueminier - location g\u00eete PMR avec piscine label tourisme handicap","description":"Location gite PMR avec piscine chauff\u00e9e. Acc\u00e8s pour Personnes \u00e0 Mobilit\u00e9s R\u00e9duites (PMR) , climatis\u00e9 et tout confort.","robots":{"index":"index","follow":"follow","max-snippet":"max-snippet:-1","max-image-preview":"max-image-preview:large","max-video-preview":"max-video-preview:-1"},"canonical":"https:\/\/mas-antonin.fr\/WordPress3\/location-gite-pmr-avec-piscine-proche-nimes\/","og_locale":"fr_FR","og_type":"article","og_title":"Le Plaqueminier - location g\u00eete PMR avec piscine label tourisme handicap","og_description":"Location gite PMR avec piscine chauff\u00e9e. Acc\u00e8s pour Personnes \u00e0 Mobilit\u00e9s R\u00e9duites (PMR) , climatis\u00e9 et tout confort.","og_url":"https:\/\/mas-antonin.fr\/WordPress3\/location-gite-pmr-avec-piscine-proche-nimes\/","og_site_name":"Mas Antonin","article_publisher":"https:\/\/www.facebook.com\/Gite.Mas.Antonin","article_modified_time":"2022-10-22T16:31:55+00:00","og_image":[{"width":1000,"height":288,"url":"https:\/\/mas-antonin.fr\/WordPress3\/wp-content\/uploads\/2011\/11\/titregitesplaqueminier.jpg","type":"image\/jpeg"}],"twitter_card":"summary_large_image","twitter_misc":{"Dur\u00e9e de lecture estim\u00e9e":"2 minutes"},"schema":{"@context":"https:\/\/schema.org","@graph":[{"@type":"WebPage","@id":"https:\/\/mas-antonin.fr\/WordPress3\/location-gite-pmr-avec-piscine-proche-nimes\/","url":"https:\/\/mas-antonin.fr\/WordPress3\/location-gite-pmr-avec-piscine-proche-nimes\/","name":"Le Plaqueminier - location g\u00eete PMR avec piscine label tourisme handicap","isPartOf":{"@id":"https:\/\/mas-antonin.fr\/WordPress3\/#website"},"primaryImageOfPage":{"@id":"https:\/\/mas-antonin.fr\/WordPress3\/location-gite-pmr-avec-piscine-proche-nimes\/#primaryimage"},"image":{"@id":"https:\/\/mas-antonin.fr\/WordPress3\/location-gite-pmr-avec-piscine-proche-nimes\/#primaryimage"},"thumbnailUrl":"https:\/\/mas-antonin.fr\/WordPress3\/wp-content\/uploads\/2011\/11\/titregitesplaqueminier.jpg","datePublished":"2011-11-07T05:20:19+00:00","dateModified":"2022-10-22T16:31:55+00:00","description":"Location gite PMR avec piscine chauff\u00e9e. Acc\u00e8s pour Personnes \u00e0 Mobilit\u00e9s R\u00e9duites (PMR) , climatis\u00e9 et tout confort.","breadcrumb":{"@id":"https:\/\/mas-antonin.fr\/WordPress3\/location-gite-pmr-avec-piscine-proche-nimes\/#breadcrumb"},"inLanguage":"fr-FR","potentialAction":[{"@type":"ReadAction","target":["https:\/\/mas-antonin.fr\/WordPress3\/location-gite-pmr-avec-piscine-proche-nimes\/"]}]},{"@type":"ImageObject","inLanguage":"fr-FR","@id":"https:\/\/mas-antonin.fr\/WordPress3\/location-gite-pmr-avec-piscine-proche-nimes\/#primaryimage","url":"https:\/\/mas-antonin.fr\/WordPress3\/wp-content\/uploads\/2011\/11\/titregitesplaqueminier.jpg","contentUrl":"https:\/\/mas-antonin.fr\/WordPress3\/wp-content\/uploads\/2011\/11\/titregitesplaqueminier.jpg","width":"1000","height":"288","caption":"gite le plaqueminier"},{"@type":"BreadcrumbList","@id":"https:\/\/mas-antonin.fr\/WordPress3\/location-gite-pmr-avec-piscine-proche-nimes\/#breadcrumb","itemListElement":[{"@type":"ListItem","position":1,"name":"Accueil","item":"https:\/\/mas-antonin.fr\/WordPress3\/"},{"@type":"ListItem","position":2,"name":"Le Plaqueminier"}]},{"@type":"WebSite","@id":"https:\/\/mas-antonin.fr\/WordPress3\/#website","url":"https:\/\/mas-antonin.fr\/WordPress3\/","name":"Mas Antonin","description":"Bienvenue dans le gard, \u00e0 cot\u00e9 de N\u00eemes dans des gites de charme","publisher":{"@id":"https:\/\/mas-antonin.fr\/WordPress3\/#organization"},"potentialAction":[{"@type":"SearchAction","target":{"@type":"EntryPoint","urlTemplate":"https:\/\/mas-antonin.fr\/WordPress3\/?s={search_term_string}"},"query-input":{"@type":"PropertyValueSpecification","valueRequired":true,"valueName":"search_term_string"}}],"inLanguage":"fr-FR"},{"@type":"Organization","@id":"https:\/\/mas-antonin.fr\/WordPress3\/#organization","name":"G\u00eetes du Mas Antonin","url":"https:\/\/mas-antonin.fr\/WordPress3\/","logo":{"@type":"ImageObject","inLanguage":"fr-FR","@id":"https:\/\/mas-antonin.fr\/WordPress3\/#\/schema\/logo\/image\/","url":"https:\/\/mas-antonin.fr\/WordPress3\/wp-content\/uploads\/2016\/10\/cropped-favicon2.png","contentUrl":"https:\/\/mas-antonin.fr\/WordPress3\/wp-content\/uploads\/2016\/10\/cropped-favicon2.png","width":512,"height":512,"caption":"G\u00eetes du Mas Antonin"},"image":{"@id":"https:\/\/mas-antonin.fr\/WordPress3\/#\/schema\/logo\/image\/"},"sameAs":["https:\/\/www.facebook.com\/Gite.Mas.Antonin"]}]}},"_links":{"self":[{"href":"https:\/\/mas-antonin.fr\/WordPress3\/wp-json\/wp\/v2\/pages\/184","targetHints":{"allow":["GET"]}}],"collection":[{"href":"https:\/\/mas-antonin.fr\/WordPress3\/wp-json\/wp\/v2\/pages"}],"about":[{"href":"https:\/\/mas-antonin.fr\/WordPress3\/wp-json\/wp\/v2\/types\/page"}],"author":[{"embeddable":true,"href":"https:\/\/mas-antonin.fr\/WordPress3\/wp-json\/wp\/v2\/users\/1"}],"replies":[{"embeddable":true,"href":"https:\/\/mas-antonin.fr\/WordPress3\/wp-json\/wp\/v2\/comments?post=184"}],"version-history":[{"count":102,"href":"https:\/\/mas-antonin.fr\/WordPress3\/wp-json\/wp\/v2\/pages\/184\/revisions"}],"predecessor-version":[{"id":2920,"href":"https:\/\/mas-antonin.fr\/WordPress3\/wp-json\/wp\/v2\/pages\/184\/revisions\/2920"}],"wp:featuredmedia":[{"embeddable":true,"href":"https:\/\/mas-antonin.fr\/WordPress3\/wp-json\/wp\/v2\/media\/867"}],"wp:attachment":[{"href":"https:\/\/mas-antonin.fr\/WordPress3\/wp-json\/wp\/v2\/media?parent=184"}],"curies":[{"name":"wp","href":"https:\/\/api.w.org\/{rel}","templated":true}]}}