{"id":2160,"date":"2019-03-02T17:34:27","date_gmt":"2019-03-02T16:34:27","guid":{"rendered":"http:\/\/mas-antonin.fr\/WordPress3\/?page_id=2160"},"modified":"2021-11-15T23:16:25","modified_gmt":"2021-11-15T22:16:25","slug":"comment-choisir-un-gite","status":"publish","type":"page","link":"https:\/\/mas-antonin.fr\/WordPress3\/comment-choisir-un-gite\/","title":{"rendered":"Trouver le meilleur gite proche ou au alentours de nimes caissargues"},"content":{"rendered":"<h1><big>Comment bien choisir son g\u00eete en France ?<br \/>\n<\/big><\/h1>\n<p><big><br \/>\nll faut toutefois savoir faire la difference entre un g\u00eete et une chambre d&rsquo;h\u00f4tes.<\/big><\/p>\n<p>La chambre d&rsquo;h\u00f4te est comme son nom l&rsquo;indique uniquement une chambre avec sanitaire individuels ou commun \u00e0 plusieurs chambres.<\/p>\n<p>Le petit d\u00e9jeuner est inclus dans le prix de lanuit et il y a parfois la possibilit\u00e9 de manger en table d&rsquo;h\u00f4te ( avec le propri\u00e9taire)<\/p>\n<p>Le g\u00eete est quand \u00e0 lui un appartement qui poss\u00e8de sa propre cuisine et donc par cons\u00e9quent on est en totale autonomie.<\/p>\n<p>Les g\u00eete peuvent poss\u00e9der un label ce qui est un gage de qualit\u00e9 car il r\u00e9pond \u00e0 des crit\u00e8res stricts impos\u00e9s par le label, mais il n&rsquo;est en aucun cas obligatoire.<\/p>\n<p><big>Louer un g\u00eete, c&rsquo;est comme se sentir \u00e0 la maison, on est independant, on fait soit m\u00eame ses course et sa cuisine, son m\u00e9nage comme \u00e0 la maison. Choisir un g\u00eete, c&rsquo;est allier autonomie et convivialit\u00e9.<\/big><\/p>\n<h2><big>Quels sont les diff\u00e9rents labels officiels existants en France?<\/big><\/h2>\n<p>Le label G\u00eete de France:<\/p>\n<p>A l&rsquo;origine plut\u00f4t attribu\u00e9 pour des locations en millieu rural, il classe ses h\u00e9bergement de1 \u00e0 5 \u00e9pis.<\/p>\n<p>1 \u00e9pi : Mini-four ou r\u00f4tissoire ou grill, table de cuisson, autocuiseur, r\u00e9frig\u00e9rateur, petit \u00e9lectrom\u00e9nager (cafeti\u00e8re, mixer, grille-pain, bouilloire), ustensiles de m\u00e9nage et produits de nettoyage de base, chaise haute et lit b\u00e9b\u00e9 \u00e0 la demande, linge de table \u00e0 la demande, fer et planche \u00e0 repasser, salon de jardin* ; une salle d\u2019eau et un WC jusqu\u2019\u00e0 6 personnes, deuxi\u00e8me salle d\u2019eau \u00e0 partir de 7 personnes (dont une avec acc\u00e8s ind\u00e9pendant).<\/p>\n<p>2 \u00e9pis : En plus ou \u00e0 la place du 1 \u00e9pi : lave-linge \u00e0 partir de 4 personnes, prise d\u2019antenne TV, barbecue (sauf interdiction locale), draps et linge de toilette \u00e0 la demande.<\/p>\n<p>3 \u00e9pis : En plus ou \u00e0 la place du 2 \u00e9pis : acc\u00e8s ind\u00e9pendant (mitoyennet\u00e9 possible), jardin (ou terrasse) privatif avec salon de jardin, emplacement voiture privatif*, lave-vaisselle \u00e0 partir de 4 personnes, four et four micro- ondes, r\u00e9frig\u00e9rateur avec compartiment cong\u00e9lateur, lave-linge privatif, TV couleur, t\u00e9l\u00e9phone*, service de m\u00e9nage \u00e0 la demande ; deux WC \u00e0 partir de 7 personnes (dont un ind\u00e9pendant), s\u00e8che-cheveux \u00e9lectrique.<\/p>\n<p>4 \u00e9pis : En plus ou \u00e0 la place du 3 \u00e9pis : maison de caract\u00e8re, environnement et d\u00e9coration de grande qualit\u00e9, lave-vaisselle, robot, s\u00e8che-linge \u00e9lectrique \u00e0 partir de 6 personnes, TV \u00e9cran plat, cha\u00eene hi-fi, lecteur DVD, biblioth\u00e8que.<\/p>\n<p>5 \u00e9pis : En plus ou \u00e0 la place du 4 \u00e9pis : maison ind\u00e9pendante sur jardin privatif ou acc\u00e8s privatif dans un ensemble de caract\u00e8re exceptionnel, parc ou jardin paysager privatif, emplacement voiture privatif, mise \u00e0 disposition d\u2019au moins un \u00e9quipement de loisirs (tennis, piscine, sauna, jacuzzi, etc.), s\u00e8chelinge \u00e9lectrique, acc\u00e8s Internet, lits faits \u00e0 l\u2019arriv\u00e9e et linge de toilette fourni ; une salle d\u2019eau et un WC jusqu\u2019\u00e0 4 personnes, deuxi\u00e8me salle d\u2019eau et WC (avec acc\u00e8s ind\u00e9pendant) \u00e0 partir de 5 personnes.<\/p>\n<p>Le label Cl\u00e9vacances :<\/p>\n<p>c&rsquo;est le label des offices du tourisme, qui lui attribut des cl\u00e9s pour son classement ( 1 \u00e0 5 cl\u00e9s)<\/p>\n<p>type de cl\u00e9vacances<\/p>\n<p><big><img decoding=\"async\" src=\"file:\/\/\/home\/jpp30\/Documents\/0GITES\/site%20internet\/site%20mas%20antonin2\/acceuil\/cl%C3%A9s.png\" alt=\"nbre cl\u00e9vacances\" \/><\/big><\/p>\n<p>Le label Fleurs de Soleil :<\/p>\n<p>Souvent attribu\u00e9 \u00e0 des chambres d&rsquo;h\u00f4tes mais parfois aussi des gites. Aucun classement mais un charte qualit\u00e9 (http:\/\/fleursdesoleil.fr\/charte-de-qualite-fleurs-de-soleil\/)<\/p>\n<p>Le label Accueil Paysan :<\/p>\n<p>C&rsquo;est une association qui rassemble des paysans et des acteurs ruraux, qui proposent un accueil touristique, p\u00e9dagogique et social afin de vous faire d\u00e9couvrir leur activit\u00e9 agricole et leur mode de vie.<\/p>\n<h2><big>Choix et trouver le lieu :<\/big><\/h2>\n<p><big><br \/>\nLa priorit\u00e9 est de d\u00e9finir la localisation et le type de vacances recherch\u00e9es :<\/big><\/p>\n<p>plut\u00f4t mer soit m\u00e9dit\u00e9rrann\u00e9e soit atlantique, campagne, montagne, en ville ou village.<\/p>\n<p>Rechercher les annonces :<\/p>\n<p>Utiliser un moteur de recherche comme Google, Bing, Yahoo ou autre en d\u00e9finissant vos crit\u00e8res ( ex : gite proche de N\u00eemes avec piscine )<\/p>\n<p>en g\u00e9n\u00e9ral des sites marchands sortent en premier et les annonces ne correspondent pas totalement \u00e0 vos crit\u00e8res.<\/p>\n<p>Pr\u00e9f\u00e9rer les sites de propri\u00e9taires, il d\u00e9crivent directement l&rsquo;ensemble du bien et toutes les caract\u00e9ristiques d\u00e9taill\u00e9es.<\/p>\n<p>soit regarder les sites des labels en filtrant sur la r\u00e9gion, la ville ou divers autres crit\u00e8res propos\u00e9s<\/p>\n<p><a href=\"http:\/\/www.clevacances.com\/fr\/\" target=\"_blank\" rel=\"noopener\">http:\/\/www.clevacances.com\/fr\/<\/a><\/p>\n<p><a href=\"http:\/\/www.gites-de-france.com\" target=\"_blank\" rel=\"noopener\">http:\/\/www.gites-de-france.com<\/a><br \/>\n<a href=\"http:\/\/www.accueil-paysan.com\/fr\/\" target=\"_blank\" rel=\"noopener\"><br \/>\nhttp:\/\/www.accueil-paysan.com\/fr\/<\/a><\/p>\n<p><a href=\"http:\/\/fleursdesoleil.fr\/\" target=\"_blank\" rel=\"noopener\">http:\/\/fleursdesoleil.fr\/<\/a><\/p>\n<p><big>Vous aurez comme \u00e7a une liste de lieu avec leurs caract\u00e9ristiques et quelques photos pour vous donner une id\u00e9e.<br \/>\n<\/big><\/p>\n<p><big>Attention ne pas s&rsquo;arreter \u00e0 \u00e7a, visitez de pr\u00e9ference le site internet du propri\u00e9taire ( maintenant la plupart des h\u00e9bergements en possendent un) qui lui sera plus d\u00e9taill\u00e9 tant en photos qu&rsquo;en explications et am\u00e9nagement du g\u00eete. Vous trouverez \u00e9galement les attractions et lieux de visites aux alentours.<br \/>\n<\/big><\/p>\n<h2><big>Les differents crit\u00e8res de choix de son g\u00eete ?<\/big><\/h2>\n<p><big>LA SITUATION :<\/big><\/p>\n<p><big>le g\u00eete est-il au calme ou expos\u00e9 au bruit ?\u00a0 y a t&rsquo;il de grand axes ou routes, voies ferr\u00e9es proche de l&rsquo;habitation ? est elle en rase campagne ou en ville, proche de commerces bruyants ( bars , discot\u00e8ques, &#8230; )<br \/>\n<\/big><\/p>\n<p><big>Trouve t&rsquo;on des commerces \u00e0 proximit\u00e9 ? toujours utile car faire plusieurs km en voiture pour aller chercher le pain.<br \/>\n<\/big><\/p>\n<p><big>Visualiser la propri\u00e9t\u00e9 sur Google Maps pour voir ce qui se trouve tout autour cela \u00e9vite les surprises et permet de v\u00e9rifier que les photos correspondent \u00e0 la r\u00e9alit\u00e9.<\/big><\/p>\n<p><big>Regarder si il existe un compte facebook ou google + , twitter et si il est actif, cela indique l&rsquo;implication du propri\u00e9taire, mais rien n&rsquo;est obligatoire cela depend dela passion informatique des propri\u00e9taires.<\/big><\/p>\n<p><big>LE TARIF :<\/big><\/p>\n<p><big>Que comprend le tarif ? Quels suppl\u00e9ments pourraient intervenir ?<br \/>\n<\/big><\/p>\n<p><big>Il est important de savoir si le tarif est TTC ( toutes Charges Comprises) ou si des suppl\u00e9ments peuvent venir s&rsquo;ajouter.<\/big><\/p>\n<p><big>Ils sont en g\u00e9n\u00e9ral :<\/big><\/p>\n<p><big>&#8211; les draps voir les serviettes de toilettes<\/big><\/p>\n<p><big>&#8211; la taxe de s\u00e9jour<\/big><\/p>\n<p><big>&#8211; l&rsquo;eau et\/ou l&rsquo;\u00e9lectricit\u00e9 , le bois de chauffage selon la saison<\/big><\/p>\n<p><big>&#8211; l&rsquo;acc\u00e9s internet<\/big><\/p>\n<p><big>&#8211; divers services ( laverie, repas, petit d\u00e9jeuner, &#8230;.)<\/big><\/p>\n<p><big>&#8211; forfait m\u00e9nage en fin de s\u00e9jour (il peut \u00eatre proposer si vous ne d\u00e9sirez pas le faire, car il ne faut pas oublier qu&rsquo;il reste \u00e0 votre charge et que \u00ab\u00a0normalement\u00a0\u00bb vous devez restituer le bien dans le m\u00eam \u00e9tat que cemlui re\u00e7u. )<br \/>\n<\/big><\/p>\n<p><big>&#8211; d&rsquo;eventuels frais de dossier<br \/>\n<\/big><\/p>\n<p><big>Demander \u00e9galement ou regarder dans le contrat si il ya une close de r\u00e9siliation.<br \/>\n<\/big><\/p>\n<p><big>Le versement d&rsquo;un acompte peut \u00eatre restitu\u00e9 sous certaines conditions, les arrhes sont acquises au propri\u00e9taire et non remboursables.<\/big><\/p>\n<p><big><\/big><big><small>La totalit\u00e9 du prix du s\u00e9jour peut \u00eatre demand\u00e9e avant l&rsquo;arriv\u00e9e ( parfois 1 mois) donc remboursable en cas d&rsquo;annulation ou le jour de l&rsquo;arriv\u00e9<\/small><br \/>\n<\/big><\/p>\n<p><big><\/big><big>LE LOGEMENT :<br \/>\n<\/big><\/p>\n<p><big>Pour bien choisir il faut \u00e9valuer votre besoin :<br \/>\n<\/big><\/p>\n<p><big>La priorit\u00e9 est le nombre de personnes que peut accueillir le g\u00eete et en fonction sa superficie<br \/>\n<\/big><\/p>\n<p><big>Combien de couchages possede le g\u00eete ?<br \/>\n<\/big><\/p>\n<p><big>Combien a t&rsquo;il de\u00a0 chambres ?<br \/>\n<\/big><\/p>\n<p><big>La cuisine est elle assez grande ?<br \/>\n<\/big><\/p>\n<p><big>Le g\u00eete possede t&rsquo;il la climatisation ?<br \/>\n<\/big><\/p>\n<p><big>La superficie me conviend elle ?<\/big><\/p>\n<p><big>Comment est il \u00e9quip\u00e9 ? four, micro onde, cong\u00e9lateur, lave-vaisselle, vaisselle et ustensilles.<\/big><\/p>\n<p><big><\/big><big>LE A COTES :<\/big><\/p>\n<p><big>Y a t&rsquo;il un jardin ? priv\u00e9 ou partag\u00e9\u00a0 avec d&rsquo;autres locataires et\/ou propri\u00e9taire<\/big><\/p>\n<p><big>Le g\u00eete a t&rsquo;il une piscine ? regarder sa taille par rapport aux nombre de locataires possibles, mais de toute fa\u00e7on il y aura toujours moins de monde que dans un hotel ou un camping.<\/big><\/p>\n<p><big>La piscine est elle chauff\u00e9e ? m\u00eame dans le sud de la France, cela peut \u00eatre un plus, il et toujours agr\u00e9able d&rsquo;avoir une eau \u00e0 28\u00b0 plut\u00f4t qu&rsquo;\u00e0 24\/25\u00b0<\/big><\/p>\n<p>Trouve t&rsquo;on un terrain de p\u00e9tanque,<\/p>\n<p><big><\/big><big>LES ACTIVITES TOURISTIQUES, VISITES, PROMENADES :<\/big><\/p>\n<p><big><\/big><big><\/big><big><\/big><big>EN COURS DE CONSTRUCTION<\/big><\/p>\n<p>Dialoguer avec les propri\u00e9taires, baser son choix sur leur personnalit\u00e9: il faudrait qu&rsquo;ils nous inspirent de la sympathie, ou au moins de la confiance. En fait, il est essentiel de se sentir \u00e0 l&rsquo;aise durant ses vacances.<\/p>\n","protected":false},"excerpt":{"rendered":"<p>Comment bien choisir son g\u00eete en France ? ll faut toutefois savoir faire la difference entre un g\u00eete et une chambre d&rsquo;h\u00f4tes. La chambre d&rsquo;h\u00f4te est comme son nom l&rsquo;indique uniquement une chambre avec sanitaire individuels ou commun \u00e0 plusieurs chambres. Le petit d\u00e9jeuner est inclus dans le prix de lanuit et il y a [&hellip;]<\/p>\n","protected":false},"author":1,"featured_media":0,"parent":0,"menu_order":0,"comment_status":"closed","ping_status":"closed","template":"","meta":{"footnotes":""},"class_list":["post-2160","page","type-page","status-publish","hentry"],"yoast_head":"<!-- This site is optimized with the Yoast SEO plugin v27.5 - https:\/\/yoast.com\/product\/yoast-seo-wordpress\/ -->\n<title>Trouver le meilleur gite proche ou au alentours de nimes caissargues - Mas Antonin<\/title>\n<meta name=\"robots\" content=\"index, follow, max-snippet:-1, max-image-preview:large, max-video-preview:-1\" \/>\n<link rel=\"canonical\" href=\"https:\/\/mas-antonin.fr\/WordPress3\/comment-choisir-un-gite\/\" \/>\n<meta property=\"og:locale\" content=\"fr_FR\" \/>\n<meta property=\"og:type\" content=\"article\" \/>\n<meta property=\"og:title\" content=\"Trouver le meilleur gite proche ou au alentours de nimes caissargues - Mas Antonin\" \/>\n<meta property=\"og:description\" content=\"Comment bien choisir son g\u00eete en France ? ll faut toutefois savoir faire la difference entre un g\u00eete et une chambre d&rsquo;h\u00f4tes. La chambre d&rsquo;h\u00f4te est comme son nom l&rsquo;indique uniquement une chambre avec sanitaire individuels ou commun \u00e0 plusieurs chambres. Le petit d\u00e9jeuner est inclus dans le prix de lanuit et il y a [&hellip;]\" \/>\n<meta property=\"og:url\" content=\"https:\/\/mas-antonin.fr\/WordPress3\/comment-choisir-un-gite\/\" \/>\n<meta property=\"og:site_name\" content=\"Mas Antonin\" \/>\n<meta property=\"article:publisher\" content=\"https:\/\/www.facebook.com\/Gite.Mas.Antonin\" \/>\n<meta property=\"article:modified_time\" content=\"2021-11-15T22:16:25+00:00\" \/>\n<meta property=\"og:image\" content=\"\" \/>\n<meta name=\"twitter:card\" content=\"summary_large_image\" \/>\n<meta name=\"twitter:label1\" content=\"Dur\u00e9e de lecture estim\u00e9e\" \/>\n\t<meta name=\"twitter:data1\" content=\"7 minutes\" \/>\n<script type=\"application\/ld+json\" class=\"yoast-schema-graph\">{\"@context\":\"https:\\\/\\\/schema.org\",\"@graph\":[{\"@type\":\"WebPage\",\"@id\":\"https:\\\/\\\/mas-antonin.fr\\\/WordPress3\\\/comment-choisir-un-gite\\\/\",\"url\":\"https:\\\/\\\/mas-antonin.fr\\\/WordPress3\\\/comment-choisir-un-gite\\\/\",\"name\":\"Trouver le meilleur gite proche ou au alentours de nimes caissargues - Mas Antonin\",\"isPartOf\":{\"@id\":\"https:\\\/\\\/mas-antonin.fr\\\/WordPress3\\\/#website\"},\"primaryImageOfPage\":{\"@id\":\"https:\\\/\\\/mas-antonin.fr\\\/WordPress3\\\/comment-choisir-un-gite\\\/#primaryimage\"},\"image\":{\"@id\":\"https:\\\/\\\/mas-antonin.fr\\\/WordPress3\\\/comment-choisir-un-gite\\\/#primaryimage\"},\"thumbnailUrl\":\"file:\\\/\\\/\\\/home\\\/jpp30\\\/Documents\\\/0GITES\\\/site%20internet\\\/site%20mas%20antonin2\\\/acceuil\\\/cl%C3%A9s.png\",\"datePublished\":\"2019-03-02T16:34:27+00:00\",\"dateModified\":\"2021-11-15T22:16:25+00:00\",\"breadcrumb\":{\"@id\":\"https:\\\/\\\/mas-antonin.fr\\\/WordPress3\\\/comment-choisir-un-gite\\\/#breadcrumb\"},\"inLanguage\":\"fr-FR\",\"potentialAction\":[{\"@type\":\"ReadAction\",\"target\":[\"https:\\\/\\\/mas-antonin.fr\\\/WordPress3\\\/comment-choisir-un-gite\\\/\"]}]},{\"@type\":\"ImageObject\",\"inLanguage\":\"fr-FR\",\"@id\":\"https:\\\/\\\/mas-antonin.fr\\\/WordPress3\\\/comment-choisir-un-gite\\\/#primaryimage\",\"url\":\"file:\\\/\\\/\\\/home\\\/jpp30\\\/Documents\\\/0GITES\\\/site%20internet\\\/site%20mas%20antonin2\\\/acceuil\\\/cl%C3%A9s.png\",\"contentUrl\":\"file:\\\/\\\/\\\/home\\\/jpp30\\\/Documents\\\/0GITES\\\/site%20internet\\\/site%20mas%20antonin2\\\/acceuil\\\/cl%C3%A9s.png\"},{\"@type\":\"BreadcrumbList\",\"@id\":\"https:\\\/\\\/mas-antonin.fr\\\/WordPress3\\\/comment-choisir-un-gite\\\/#breadcrumb\",\"itemListElement\":[{\"@type\":\"ListItem\",\"position\":1,\"name\":\"Accueil\",\"item\":\"https:\\\/\\\/mas-antonin.fr\\\/WordPress3\\\/\"},{\"@type\":\"ListItem\",\"position\":2,\"name\":\"Trouver le meilleur gite proche ou au alentours de nimes caissargues\"}]},{\"@type\":\"WebSite\",\"@id\":\"https:\\\/\\\/mas-antonin.fr\\\/WordPress3\\\/#website\",\"url\":\"https:\\\/\\\/mas-antonin.fr\\\/WordPress3\\\/\",\"name\":\"Mas Antonin\",\"description\":\"Bienvenue dans le gard, \u00e0 cot\u00e9 de N\u00eemes dans des gites de charme\",\"publisher\":{\"@id\":\"https:\\\/\\\/mas-antonin.fr\\\/WordPress3\\\/#organization\"},\"potentialAction\":[{\"@type\":\"SearchAction\",\"target\":{\"@type\":\"EntryPoint\",\"urlTemplate\":\"https:\\\/\\\/mas-antonin.fr\\\/WordPress3\\\/?s={search_term_string}\"},\"query-input\":{\"@type\":\"PropertyValueSpecification\",\"valueRequired\":true,\"valueName\":\"search_term_string\"}}],\"inLanguage\":\"fr-FR\"},{\"@type\":\"Organization\",\"@id\":\"https:\\\/\\\/mas-antonin.fr\\\/WordPress3\\\/#organization\",\"name\":\"G\u00eetes du Mas Antonin\",\"url\":\"https:\\\/\\\/mas-antonin.fr\\\/WordPress3\\\/\",\"logo\":{\"@type\":\"ImageObject\",\"inLanguage\":\"fr-FR\",\"@id\":\"https:\\\/\\\/mas-antonin.fr\\\/WordPress3\\\/#\\\/schema\\\/logo\\\/image\\\/\",\"url\":\"https:\\\/\\\/mas-antonin.fr\\\/WordPress3\\\/wp-content\\\/uploads\\\/2016\\\/10\\\/cropped-favicon2.png\",\"contentUrl\":\"https:\\\/\\\/mas-antonin.fr\\\/WordPress3\\\/wp-content\\\/uploads\\\/2016\\\/10\\\/cropped-favicon2.png\",\"width\":512,\"height\":512,\"caption\":\"G\u00eetes du Mas Antonin\"},\"image\":{\"@id\":\"https:\\\/\\\/mas-antonin.fr\\\/WordPress3\\\/#\\\/schema\\\/logo\\\/image\\\/\"},\"sameAs\":[\"https:\\\/\\\/www.facebook.com\\\/Gite.Mas.Antonin\"]}]}<\/script>\n<!-- \/ Yoast SEO plugin. -->","yoast_head_json":{"title":"Trouver le meilleur gite proche ou au alentours de nimes caissargues - Mas Antonin","robots":{"index":"index","follow":"follow","max-snippet":"max-snippet:-1","max-image-preview":"max-image-preview:large","max-video-preview":"max-video-preview:-1"},"canonical":"https:\/\/mas-antonin.fr\/WordPress3\/comment-choisir-un-gite\/","og_locale":"fr_FR","og_type":"article","og_title":"Trouver le meilleur gite proche ou au alentours de nimes caissargues - Mas Antonin","og_description":"Comment bien choisir son g\u00eete en France ? ll faut toutefois savoir faire la difference entre un g\u00eete et une chambre d&rsquo;h\u00f4tes. La chambre d&rsquo;h\u00f4te est comme son nom l&rsquo;indique uniquement une chambre avec sanitaire individuels ou commun \u00e0 plusieurs chambres. Le petit d\u00e9jeuner est inclus dans le prix de lanuit et il y a [&hellip;]","og_url":"https:\/\/mas-antonin.fr\/WordPress3\/comment-choisir-un-gite\/","og_site_name":"Mas Antonin","article_publisher":"https:\/\/www.facebook.com\/Gite.Mas.Antonin","article_modified_time":"2021-11-15T22:16:25+00:00","og_image":[{"url":"file:\/\/\/home\/jpp30\/Documents\/0GITES\/site%20internet\/site%20mas%20antonin2\/acceuil\/cl%C3%A9s.png","type":"","width":"","height":""}],"twitter_card":"summary_large_image","twitter_misc":{"Dur\u00e9e de lecture estim\u00e9e":"7 minutes"},"schema":{"@context":"https:\/\/schema.org","@graph":[{"@type":"WebPage","@id":"https:\/\/mas-antonin.fr\/WordPress3\/comment-choisir-un-gite\/","url":"https:\/\/mas-antonin.fr\/WordPress3\/comment-choisir-un-gite\/","name":"Trouver le meilleur gite proche ou au alentours de nimes caissargues - Mas Antonin","isPartOf":{"@id":"https:\/\/mas-antonin.fr\/WordPress3\/#website"},"primaryImageOfPage":{"@id":"https:\/\/mas-antonin.fr\/WordPress3\/comment-choisir-un-gite\/#primaryimage"},"image":{"@id":"https:\/\/mas-antonin.fr\/WordPress3\/comment-choisir-un-gite\/#primaryimage"},"thumbnailUrl":"file:\/\/\/home\/jpp30\/Documents\/0GITES\/site%20internet\/site%20mas%20antonin2\/acceuil\/cl%C3%A9s.png","datePublished":"2019-03-02T16:34:27+00:00","dateModified":"2021-11-15T22:16:25+00:00","breadcrumb":{"@id":"https:\/\/mas-antonin.fr\/WordPress3\/comment-choisir-un-gite\/#breadcrumb"},"inLanguage":"fr-FR","potentialAction":[{"@type":"ReadAction","target":["https:\/\/mas-antonin.fr\/WordPress3\/comment-choisir-un-gite\/"]}]},{"@type":"ImageObject","inLanguage":"fr-FR","@id":"https:\/\/mas-antonin.fr\/WordPress3\/comment-choisir-un-gite\/#primaryimage","url":"file:\/\/\/home\/jpp30\/Documents\/0GITES\/site%20internet\/site%20mas%20antonin2\/acceuil\/cl%C3%A9s.png","contentUrl":"file:\/\/\/home\/jpp30\/Documents\/0GITES\/site%20internet\/site%20mas%20antonin2\/acceuil\/cl%C3%A9s.png"},{"@type":"BreadcrumbList","@id":"https:\/\/mas-antonin.fr\/WordPress3\/comment-choisir-un-gite\/#breadcrumb","itemListElement":[{"@type":"ListItem","position":1,"name":"Accueil","item":"https:\/\/mas-antonin.fr\/WordPress3\/"},{"@type":"ListItem","position":2,"name":"Trouver le meilleur gite proche ou au alentours de nimes caissargues"}]},{"@type":"WebSite","@id":"https:\/\/mas-antonin.fr\/WordPress3\/#website","url":"https:\/\/mas-antonin.fr\/WordPress3\/","name":"Mas Antonin","description":"Bienvenue dans le gard, \u00e0 cot\u00e9 de N\u00eemes dans des gites de charme","publisher":{"@id":"https:\/\/mas-antonin.fr\/WordPress3\/#organization"},"potentialAction":[{"@type":"SearchAction","target":{"@type":"EntryPoint","urlTemplate":"https:\/\/mas-antonin.fr\/WordPress3\/?s={search_term_string}"},"query-input":{"@type":"PropertyValueSpecification","valueRequired":true,"valueName":"search_term_string"}}],"inLanguage":"fr-FR"},{"@type":"Organization","@id":"https:\/\/mas-antonin.fr\/WordPress3\/#organization","name":"G\u00eetes du Mas Antonin","url":"https:\/\/mas-antonin.fr\/WordPress3\/","logo":{"@type":"ImageObject","inLanguage":"fr-FR","@id":"https:\/\/mas-antonin.fr\/WordPress3\/#\/schema\/logo\/image\/","url":"https:\/\/mas-antonin.fr\/WordPress3\/wp-content\/uploads\/2016\/10\/cropped-favicon2.png","contentUrl":"https:\/\/mas-antonin.fr\/WordPress3\/wp-content\/uploads\/2016\/10\/cropped-favicon2.png","width":512,"height":512,"caption":"G\u00eetes du Mas Antonin"},"image":{"@id":"https:\/\/mas-antonin.fr\/WordPress3\/#\/schema\/logo\/image\/"},"sameAs":["https:\/\/www.facebook.com\/Gite.Mas.Antonin"]}]}},"_links":{"self":[{"href":"https:\/\/mas-antonin.fr\/WordPress3\/wp-json\/wp\/v2\/pages\/2160","targetHints":{"allow":["GET"]}}],"collection":[{"href":"https:\/\/mas-antonin.fr\/WordPress3\/wp-json\/wp\/v2\/pages"}],"about":[{"href":"https:\/\/mas-antonin.fr\/WordPress3\/wp-json\/wp\/v2\/types\/page"}],"author":[{"embeddable":true,"href":"https:\/\/mas-antonin.fr\/WordPress3\/wp-json\/wp\/v2\/users\/1"}],"replies":[{"embeddable":true,"href":"https:\/\/mas-antonin.fr\/WordPress3\/wp-json\/wp\/v2\/comments?post=2160"}],"version-history":[{"count":6,"href":"https:\/\/mas-antonin.fr\/WordPress3\/wp-json\/wp\/v2\/pages\/2160\/revisions"}],"predecessor-version":[{"id":2678,"href":"https:\/\/mas-antonin.fr\/WordPress3\/wp-json\/wp\/v2\/pages\/2160\/revisions\/2678"}],"wp:attachment":[{"href":"https:\/\/mas-antonin.fr\/WordPress3\/wp-json\/wp\/v2\/media?parent=2160"}],"curies":[{"name":"wp","href":"https:\/\/api.w.org\/{rel}","templated":true}]}}