{"id":2938,"date":"2023-07-18T18:14:04","date_gmt":"2023-07-18T16:14:04","guid":{"rendered":"https:\/\/mas-antonin.fr\/WordPress3\/?page_id=2938"},"modified":"2023-07-18T18:14:04","modified_gmt":"2023-07-18T16:14:04","slug":"2938-2","status":"publish","type":"page","link":"https:\/\/mas-antonin.fr\/WordPress3\/2938-2\/","title":{"rendered":"#"},"content":{"rendered":"","protected":false},"excerpt":{"rendered":"","protected":false},"author":1,"featured_media":0,"parent":0,"menu_order":0,"comment_status":"closed","ping_status":"closed","template":"","meta":{"footnotes":""},"class_list":["post-2938","page","type-page","status-publish","hentry"],"yoast_head":"<!-- This site is optimized with the Yoast SEO plugin v27.5 - https:\/\/yoast.com\/product\/yoast-seo-wordpress\/ -->\n<title># - Mas Antonin<\/title>\n<meta name=\"robots\" content=\"index, follow, max-snippet:-1, max-image-preview:large, max-video-preview:-1\" \/>\n<link rel=\"canonical\" href=\"https:\/\/mas-antonin.fr\/WordPress3\/2938-2\/\" \/>\n<meta property=\"og:locale\" content=\"fr_FR\" \/>\n<meta property=\"og:type\" content=\"article\" \/>\n<meta property=\"og:title\" content=\"# - Mas Antonin\" \/>\n<meta property=\"og:url\" content=\"https:\/\/mas-antonin.fr\/WordPress3\/2938-2\/\" \/>\n<meta property=\"og:site_name\" content=\"Mas Antonin\" \/>\n<meta property=\"article:publisher\" content=\"https:\/\/www.facebook.com\/Gite.Mas.Antonin\" \/>\n<meta name=\"twitter:card\" content=\"summary_large_image\" \/>\n<script type=\"application\/ld+json\" class=\"yoast-schema-graph\">{\"@context\":\"https:\\\/\\\/schema.org\",\"@graph\":[{\"@type\":\"WebPage\",\"@id\":\"https:\\\/\\\/mas-antonin.fr\\\/WordPress3\\\/2938-2\\\/\",\"url\":\"https:\\\/\\\/mas-antonin.fr\\\/WordPress3\\\/2938-2\\\/\",\"name\":\"# - Mas Antonin\",\"isPartOf\":{\"@id\":\"https:\\\/\\\/mas-antonin.fr\\\/WordPress3\\\/#website\"},\"datePublished\":\"2023-07-18T16:14:04+00:00\",\"breadcrumb\":{\"@id\":\"https:\\\/\\\/mas-antonin.fr\\\/WordPress3\\\/2938-2\\\/#breadcrumb\"},\"inLanguage\":\"fr-FR\",\"potentialAction\":[{\"@type\":\"ReadAction\",\"target\":[\"https:\\\/\\\/mas-antonin.fr\\\/WordPress3\\\/2938-2\\\/\"]}]},{\"@type\":\"BreadcrumbList\",\"@id\":\"https:\\\/\\\/mas-antonin.fr\\\/WordPress3\\\/2938-2\\\/#breadcrumb\",\"itemListElement\":[{\"@type\":\"ListItem\",\"position\":1,\"name\":\"Accueil\",\"item\":\"https:\\\/\\\/mas-antonin.fr\\\/WordPress3\\\/\"},{\"@type\":\"ListItem\",\"position\":2,\"name\":\"#\"}]},{\"@type\":\"WebSite\",\"@id\":\"https:\\\/\\\/mas-antonin.fr\\\/WordPress3\\\/#website\",\"url\":\"https:\\\/\\\/mas-antonin.fr\\\/WordPress3\\\/\",\"name\":\"Mas Antonin\",\"description\":\"Bienvenue dans le gard, \u00e0 cot\u00e9 de N\u00eemes dans des gites de charme\",\"publisher\":{\"@id\":\"https:\\\/\\\/mas-antonin.fr\\\/WordPress3\\\/#organization\"},\"potentialAction\":[{\"@type\":\"SearchAction\",\"target\":{\"@type\":\"EntryPoint\",\"urlTemplate\":\"https:\\\/\\\/mas-antonin.fr\\\/WordPress3\\\/?s={search_term_string}\"},\"query-input\":{\"@type\":\"PropertyValueSpecification\",\"valueRequired\":true,\"valueName\":\"search_term_string\"}}],\"inLanguage\":\"fr-FR\"},{\"@type\":\"Organization\",\"@id\":\"https:\\\/\\\/mas-antonin.fr\\\/WordPress3\\\/#organization\",\"name\":\"G\u00eetes du Mas Antonin\",\"url\":\"https:\\\/\\\/mas-antonin.fr\\\/WordPress3\\\/\",\"logo\":{\"@type\":\"ImageObject\",\"inLanguage\":\"fr-FR\",\"@id\":\"https:\\\/\\\/mas-antonin.fr\\\/WordPress3\\\/#\\\/schema\\\/logo\\\/image\\\/\",\"url\":\"https:\\\/\\\/mas-antonin.fr\\\/WordPress3\\\/wp-content\\\/uploads\\\/2016\\\/10\\\/cropped-favicon2.png\",\"contentUrl\":\"https:\\\/\\\/mas-antonin.fr\\\/WordPress3\\\/wp-content\\\/uploads\\\/2016\\\/10\\\/cropped-favicon2.png\",\"width\":512,\"height\":512,\"caption\":\"G\u00eetes du Mas Antonin\"},\"image\":{\"@id\":\"https:\\\/\\\/mas-antonin.fr\\\/WordPress3\\\/#\\\/schema\\\/logo\\\/image\\\/\"},\"sameAs\":[\"https:\\\/\\\/www.facebook.com\\\/Gite.Mas.Antonin\"]}]}<\/script>\n<!-- \/ Yoast SEO plugin. -->","yoast_head_json":{"title":"# - Mas Antonin","robots":{"index":"index","follow":"follow","max-snippet":"max-snippet:-1","max-image-preview":"max-image-preview:large","max-video-preview":"max-video-preview:-1"},"canonical":"https:\/\/mas-antonin.fr\/WordPress3\/2938-2\/","og_locale":"fr_FR","og_type":"article","og_title":"# - Mas Antonin","og_url":"https:\/\/mas-antonin.fr\/WordPress3\/2938-2\/","og_site_name":"Mas Antonin","article_publisher":"https:\/\/www.facebook.com\/Gite.Mas.Antonin","twitter_card":"summary_large_image","schema":{"@context":"https:\/\/schema.org","@graph":[{"@type":"WebPage","@id":"https:\/\/mas-antonin.fr\/WordPress3\/2938-2\/","url":"https:\/\/mas-antonin.fr\/WordPress3\/2938-2\/","name":"# - Mas Antonin","isPartOf":{"@id":"https:\/\/mas-antonin.fr\/WordPress3\/#website"},"datePublished":"2023-07-18T16:14:04+00:00","breadcrumb":{"@id":"https:\/\/mas-antonin.fr\/WordPress3\/2938-2\/#breadcrumb"},"inLanguage":"fr-FR","potentialAction":[{"@type":"ReadAction","target":["https:\/\/mas-antonin.fr\/WordPress3\/2938-2\/"]}]},{"@type":"BreadcrumbList","@id":"https:\/\/mas-antonin.fr\/WordPress3\/2938-2\/#breadcrumb","itemListElement":[{"@type":"ListItem","position":1,"name":"Accueil","item":"https:\/\/mas-antonin.fr\/WordPress3\/"},{"@type":"ListItem","position":2,"name":"#"}]},{"@type":"WebSite","@id":"https:\/\/mas-antonin.fr\/WordPress3\/#website","url":"https:\/\/mas-antonin.fr\/WordPress3\/","name":"Mas Antonin","description":"Bienvenue dans le gard, \u00e0 cot\u00e9 de N\u00eemes dans des gites de charme","publisher":{"@id":"https:\/\/mas-antonin.fr\/WordPress3\/#organization"},"potentialAction":[{"@type":"SearchAction","target":{"@type":"EntryPoint","urlTemplate":"https:\/\/mas-antonin.fr\/WordPress3\/?s={search_term_string}"},"query-input":{"@type":"PropertyValueSpecification","valueRequired":true,"valueName":"search_term_string"}}],"inLanguage":"fr-FR"},{"@type":"Organization","@id":"https:\/\/mas-antonin.fr\/WordPress3\/#organization","name":"G\u00eetes du Mas Antonin","url":"https:\/\/mas-antonin.fr\/WordPress3\/","logo":{"@type":"ImageObject","inLanguage":"fr-FR","@id":"https:\/\/mas-antonin.fr\/WordPress3\/#\/schema\/logo\/image\/","url":"https:\/\/mas-antonin.fr\/WordPress3\/wp-content\/uploads\/2016\/10\/cropped-favicon2.png","contentUrl":"https:\/\/mas-antonin.fr\/WordPress3\/wp-content\/uploads\/2016\/10\/cropped-favicon2.png","width":512,"height":512,"caption":"G\u00eetes du Mas Antonin"},"image":{"@id":"https:\/\/mas-antonin.fr\/WordPress3\/#\/schema\/logo\/image\/"},"sameAs":["https:\/\/www.facebook.com\/Gite.Mas.Antonin"]}]}},"_links":{"self":[{"href":"https:\/\/mas-antonin.fr\/WordPress3\/wp-json\/wp\/v2\/pages\/2938","targetHints":{"allow":["GET"]}}],"collection":[{"href":"https:\/\/mas-antonin.fr\/WordPress3\/wp-json\/wp\/v2\/pages"}],"about":[{"href":"https:\/\/mas-antonin.fr\/WordPress3\/wp-json\/wp\/v2\/types\/page"}],"author":[{"embeddable":true,"href":"https:\/\/mas-antonin.fr\/WordPress3\/wp-json\/wp\/v2\/users\/1"}],"replies":[{"embeddable":true,"href":"https:\/\/mas-antonin.fr\/WordPress3\/wp-json\/wp\/v2\/comments?post=2938"}],"version-history":[{"count":1,"href":"https:\/\/mas-antonin.fr\/WordPress3\/wp-json\/wp\/v2\/pages\/2938\/revisions"}],"predecessor-version":[{"id":2941,"href":"https:\/\/mas-antonin.fr\/WordPress3\/wp-json\/wp\/v2\/pages\/2938\/revisions\/2941"}],"wp:attachment":[{"href":"https:\/\/mas-antonin.fr\/WordPress3\/wp-json\/wp\/v2\/media?parent=2938"}],"curies":[{"name":"wp","href":"https:\/\/api.w.org\/{rel}","templated":true}]}}