{"id":388,"date":"2011-11-18T11:40:08","date_gmt":"2011-11-18T10:40:08","guid":{"rendered":"http:\/\/mas-antonin.fr\/WordPress3\/?page_id=388"},"modified":"2022-10-07T23:15:53","modified_gmt":"2022-10-07T21:15:53","slug":"nos-tarifs","status":"publish","type":"page","link":"https:\/\/mas-antonin.fr\/WordPress3\/nos-tarifs\/","title":{"rendered":"Nos Tarifs"},"content":{"rendered":"<p><strong>\n<table id=\"tablepress-13\" class=\"tablepress tablepress-id-13 tbody-has-connected-cells\">\n<thead>\n<tr class=\"row-1\">\n\t<th colspan=\"4\" class=\"column-1\">Nos Tarifs en fonction des p\u00e9riodes<\/th>\n<\/tr>\n<\/thead>\n<tbody class=\"row-striping row-hover\">\n<tr class=\"row-2\">\n\t<td colspan=\"4\" class=\"column-1\">Le Plaqueminier<\/td>\n<\/tr>\n<tr class=\"row-3\">\n\t<td class=\"column-1\"><\/td><td class=\"column-2\">Basse saison<br \/>\n(Novembre \u00e0 Mars)<\/td><td class=\"column-3\">Moyenne saison<br \/>\n(Avril-juin + Septembre-Octobre)<\/td><td class=\"column-4\">Haute Saison<br \/>\n(Juillet - Ao\u00fbt )<\/td>\n<\/tr>\n<tr class=\"row-4\">\n\t<td class=\"column-1\">Semaine<br \/>\nsamedi 16h - samedi 10h<\/td><td class=\"column-2\">550\u20ac<\/td><td class=\"column-3\">650\u20ac<\/td><td class=\"column-4\">750\u20ac<\/td>\n<\/tr>\n<tr class=\"row-5\">\n\t<td class=\"column-1\">Mid-Week<br \/>\n (hors vacances scolaires)<br \/>\nLundi 16h-Vendredi 11h<\/td><td class=\"column-2\">320\u20ac<\/td><td class=\"column-3\">Nous consulter<\/td><td class=\"column-4\">Nous consulter<\/td>\n<\/tr>\n<tr class=\"row-6\">\n\t<td class=\"column-1\">Week-end<br \/>\n (hors vacances scolaires)<br \/>\nVendredi 16h - Dimanche 17h<br \/>\nSamedi 11h - Lundi 10h<\/td><td class=\"column-2\">150\u20ac<\/td><td class=\"column-3\">Nous consulter<\/td><td class=\"column-4\">Nous consulter<\/td>\n<\/tr>\n<\/tbody>\n<\/table>\n<!-- #tablepress-13 from cache --> <\/strong><\/p>\n<p><strong>\n<table id=\"tablepress-14\" class=\"tablepress tablepress-id-14 tbody-has-connected-cells\">\n<thead>\n<tr class=\"row-1\">\n\t<th colspan=\"4\" class=\"column-1\">Nos Tarifs en fonction des p\u00e9riodes<\/th>\n<\/tr>\n<\/thead>\n<tbody class=\"row-striping row-hover\">\n<tr class=\"row-2\">\n\t<td colspan=\"4\" class=\"column-1\">L'Abricotier<\/td>\n<\/tr>\n<tr class=\"row-3\">\n\t<td class=\"column-1\"><\/td><td class=\"column-2\">Basse saison<br \/>\n(Novembre \u00e0 Mars)<\/td><td class=\"column-3\">Moyenne saison<br \/>\n(Avril-juin + Septembre-Octobre)<\/td><td class=\"column-4\">Haute Saison<br \/>\n(Juillet - Ao\u00fbt )<\/td>\n<\/tr>\n<tr class=\"row-4\">\n\t<td class=\"column-1\">Semaine<br \/>\nsamedi 16h - samedi 10h<\/td><td class=\"column-2\">420\u20ac<\/td><td class=\"column-3\">520\u20ac<\/td><td class=\"column-4\">620\u20ac<\/td>\n<\/tr>\n<tr class=\"row-5\">\n\t<td class=\"column-1\">Mid-Week<br \/>\n (hors vacances scolaires)<br \/>\nLundi 16h-Vendredi 11h<\/td><td class=\"column-2\">250\u20ac<\/td><td class=\"column-3\">Nous consulter<\/td><td class=\"column-4\">Nous consulter<\/td>\n<\/tr>\n<tr class=\"row-6\">\n\t<td class=\"column-1\">Week-end<br \/>\n (hors vacances scolaires)<br \/>\nVendredi 16h - Dimanche 17h<br \/>\nSamedi 11h - Lundi 10h<\/td><td class=\"column-2\">120\u20ac<\/td><td class=\"column-3\">Nous consulter<\/td><td class=\"column-4\">Nous consulter<\/td>\n<\/tr>\n<\/tbody>\n<\/table>\n<!-- #tablepress-14 from cache --><\/strong><\/p>\n<p><strong>\u00a0<\/strong><\/p>\n<p>Possibilit\u00e9 de paiement avec <a href=\"https:\/\/www.paylib.fr\/\">PAYLIB<\/a> (\u00e0 installer sur votre t\u00e9l\u00e9phone)<\/p>\n<p><strong>Les prix comprennent les prestations suivantes :<\/strong><br \/>\nLes couvertures et les serviettes de toilettes (possibilit\u00e9 location serviettes de piscine 5 \u20ac pi\u00e8ce), .<\/p>\n<p>Possibilit\u00e9 de louer des draps jetables (57fils tr\u00e8s bonne qualit\u00e9) (drap housse, draps, taies d&rsquo;oreill\u00e9s) au tarif de 10\u20ac\/lits et\u00a0 par change.<br \/>\nLa fourniture d&rsquo;eau et d&rsquo;\u00e9lectricit\u00e9 sans suppl\u00e9ment en toute saison.<br \/>\nL&rsquo;acc\u00e8s \u00e0 la piscine ouverte et chauff\u00e9e.<br \/>\nLe parking s\u00e9curis\u00e9 avec t\u00e9l\u00e9commande de portail.<br \/>\nLe pr\u00eat de mat\u00e9riel pour b\u00e9b\u00e9 ( lit pliant, chaise haute, transat, baby cook), ainsi que des livres et jeux pour enfants.<br \/>\nLa mise \u00e0 disposition d&rsquo;une buanderie commune avec lave-linge, s\u00e8che linge (de novembre \u00e0 mars), table et fer \u00e0 repasser.<br \/>\nLa taxe de s\u00e9jour comprise.<\/p>\n<p><strong>A noter :<\/strong><br \/>\nLe m\u00e9nage est \u00e0 la charge du locataire, toutefois si vous ne d\u00e9sirez pas le faire, <em>les frais de m\u00e9nage sont de 60\u20ac.<\/em><br \/>\nAmis fumeurs, il est interdit de fumer dans les g\u00eetes, le jardin vous accueillera.<\/p>\n<p>Veuillez noter qu&rsquo;un ch\u00e8que de caution qui ne sera pas encaiss\u00e9, vous sera demand\u00e9 lors de votre r\u00e9servation. Pour notre client\u00e8le \u00e9trang\u00e8re ne disposant pas de ch\u00e9quier, nous vous conseillons soit de prendre vos dispositions aupr\u00e8s de votre banque afin qu&rsquo;elle \u00e9tablisse un ch\u00e8que de banque soit d&rsquo;amener la caution en esp\u00e8ces.<br \/>\nLa caution vous sera restitu\u00e9e \u00e0 la fin de votre s\u00e9jour apr\u00e8s v\u00e9rification de l&rsquo;\u00e9tat \u00a0des lieux.<\/p>\n<p><strong>Conditions de paiement :<\/strong><br \/>\nUn acompte de 25% sera demand\u00e9 \u00e0 la r\u00e9servation.<br \/>\nLe solde sera pay\u00e9 lors de l&rsquo;arriv\u00e9e.<\/p>\n<p><strong>Animaux :<\/strong><br \/>\n<img decoding=\"async\" src=\"http:\/\/mas.antonin.free.fr\/acceuil\/chien.gif\" alt=\"interdit aux animaux\" align=\"middle\" \/>D\u00e9sol\u00e9, mais nos amis les animaux ne sont pas admis.<\/p>\n<p><strong>Piscine :<\/strong><br \/>\nRappel: L&rsquo;usage de la piscine et de ses \u00e9quipements se fait sous l&rsquo;enti\u00e8re responsabilit\u00e9 des utilisateurs.<\/p>\n<p>La baignade n&rsquo;\u00e9tant pas surveill\u00e9e, l&rsquo;attention des parents est particuli\u00e8rement attir\u00e9e sur :<\/p>\n<p><strong>L&rsquo;obligation de vigilance<\/strong> qu&rsquo;ils doivent exercer notamment lors de la pr\u00e9sence de jeunes enfants. Il leur appartient d&rsquo;apprecier la capacit\u00e9 de leurs enfants \u00e0 nager ou \u00eatre \u00e9quip\u00e9s de syst\u00e8mes de flottabilit\u00e9 ( bou\u00e9es, &#8230;)<small><\/small><small><\/small><\/p>\n<p><strong>Assurance :<\/strong><br \/>\nV\u00e9rifiez que vous \u00eates bien assur\u00e9s pour la location de vacances aupr\u00e9s de votre assureur.<\/p>\n","protected":false},"excerpt":{"rendered":"<p>\u00a0 Possibilit\u00e9 de paiement avec PAYLIB (\u00e0 installer sur votre t\u00e9l\u00e9phone) Les prix comprennent les prestations suivantes : Les couvertures et les serviettes de toilettes (possibilit\u00e9 location serviettes de piscine 5 \u20ac pi\u00e8ce), . Possibilit\u00e9 de louer des draps jetables (57fils tr\u00e8s bonne qualit\u00e9) (drap housse, draps, taies d&rsquo;oreill\u00e9s) au tarif de 10\u20ac\/lits et\u00a0 par [&hellip;]<\/p>\n","protected":false},"author":1,"featured_media":871,"parent":0,"menu_order":0,"comment_status":"closed","ping_status":"open","template":"","meta":{"footnotes":""},"class_list":["post-388","page","type-page","status-publish","has-post-thumbnail","hentry"],"yoast_head":"<!-- This site is optimized with the Yoast SEO plugin v27.5 - https:\/\/yoast.com\/product\/yoast-seo-wordpress\/ -->\n<title>Nos Tarifs - Mas Antonin<\/title>\n<meta name=\"description\" content=\"tarifs gites et chambre d&#039;\u00f4tes et locations n\u00eemes au mas antonin\" \/>\n<meta name=\"robots\" content=\"index, follow, max-snippet:-1, max-image-preview:large, max-video-preview:-1\" \/>\n<link rel=\"canonical\" href=\"https:\/\/mas-antonin.fr\/WordPress3\/nos-tarifs\/\" \/>\n<meta property=\"og:locale\" content=\"fr_FR\" \/>\n<meta property=\"og:type\" content=\"article\" \/>\n<meta property=\"og:title\" content=\"Nos Tarifs - Mas Antonin\" \/>\n<meta property=\"og:description\" content=\"tarifs gites et chambre d&#039;\u00f4tes et locations n\u00eemes au mas antonin\" \/>\n<meta property=\"og:url\" content=\"https:\/\/mas-antonin.fr\/WordPress3\/nos-tarifs\/\" \/>\n<meta property=\"og:site_name\" content=\"Mas Antonin\" \/>\n<meta property=\"article:publisher\" content=\"https:\/\/www.facebook.com\/Gite.Mas.Antonin\" \/>\n<meta property=\"article:modified_time\" content=\"2022-10-07T21:15:53+00:00\" \/>\n<meta property=\"og:image\" content=\"https:\/\/mas-antonin.fr\/WordPress3\/wp-content\/uploads\/2011\/11\/titretarifswp.jpg\" \/>\n\t<meta property=\"og:image:width\" content=\"1000\" \/>\n\t<meta property=\"og:image:height\" content=\"288\" \/>\n\t<meta property=\"og:image:type\" content=\"image\/jpeg\" \/>\n<meta name=\"twitter:card\" content=\"summary_large_image\" \/>\n<meta name=\"twitter:label1\" content=\"Dur\u00e9e de lecture estim\u00e9e\" \/>\n\t<meta name=\"twitter:data1\" content=\"2 minutes\" \/>\n<script type=\"application\/ld+json\" class=\"yoast-schema-graph\">{\"@context\":\"https:\\\/\\\/schema.org\",\"@graph\":[{\"@type\":\"WebPage\",\"@id\":\"https:\\\/\\\/mas-antonin.fr\\\/WordPress3\\\/nos-tarifs\\\/\",\"url\":\"https:\\\/\\\/mas-antonin.fr\\\/WordPress3\\\/nos-tarifs\\\/\",\"name\":\"Nos Tarifs - Mas Antonin\",\"isPartOf\":{\"@id\":\"https:\\\/\\\/mas-antonin.fr\\\/WordPress3\\\/#website\"},\"primaryImageOfPage\":{\"@id\":\"https:\\\/\\\/mas-antonin.fr\\\/WordPress3\\\/nos-tarifs\\\/#primaryimage\"},\"image\":{\"@id\":\"https:\\\/\\\/mas-antonin.fr\\\/WordPress3\\\/nos-tarifs\\\/#primaryimage\"},\"thumbnailUrl\":\"https:\\\/\\\/mas-antonin.fr\\\/WordPress3\\\/wp-content\\\/uploads\\\/2011\\\/11\\\/titretarifswp.jpg\",\"datePublished\":\"2011-11-18T10:40:08+00:00\",\"dateModified\":\"2022-10-07T21:15:53+00:00\",\"description\":\"tarifs gites et chambre d'\u00f4tes et locations n\u00eemes au mas antonin\",\"breadcrumb\":{\"@id\":\"https:\\\/\\\/mas-antonin.fr\\\/WordPress3\\\/nos-tarifs\\\/#breadcrumb\"},\"inLanguage\":\"fr-FR\",\"potentialAction\":[{\"@type\":\"ReadAction\",\"target\":[\"https:\\\/\\\/mas-antonin.fr\\\/WordPress3\\\/nos-tarifs\\\/\"]}]},{\"@type\":\"ImageObject\",\"inLanguage\":\"fr-FR\",\"@id\":\"https:\\\/\\\/mas-antonin.fr\\\/WordPress3\\\/nos-tarifs\\\/#primaryimage\",\"url\":\"https:\\\/\\\/mas-antonin.fr\\\/WordPress3\\\/wp-content\\\/uploads\\\/2011\\\/11\\\/titretarifswp.jpg\",\"contentUrl\":\"https:\\\/\\\/mas-antonin.fr\\\/WordPress3\\\/wp-content\\\/uploads\\\/2011\\\/11\\\/titretarifswp.jpg\",\"width\":\"1000\",\"height\":\"288\",\"caption\":\"les tarifs du Mas antonin\"},{\"@type\":\"BreadcrumbList\",\"@id\":\"https:\\\/\\\/mas-antonin.fr\\\/WordPress3\\\/nos-tarifs\\\/#breadcrumb\",\"itemListElement\":[{\"@type\":\"ListItem\",\"position\":1,\"name\":\"Accueil\",\"item\":\"https:\\\/\\\/mas-antonin.fr\\\/WordPress3\\\/\"},{\"@type\":\"ListItem\",\"position\":2,\"name\":\"Nos Tarifs\"}]},{\"@type\":\"WebSite\",\"@id\":\"https:\\\/\\\/mas-antonin.fr\\\/WordPress3\\\/#website\",\"url\":\"https:\\\/\\\/mas-antonin.fr\\\/WordPress3\\\/\",\"name\":\"Mas Antonin\",\"description\":\"Bienvenue dans le gard, \u00e0 cot\u00e9 de N\u00eemes dans des gites de charme\",\"publisher\":{\"@id\":\"https:\\\/\\\/mas-antonin.fr\\\/WordPress3\\\/#organization\"},\"potentialAction\":[{\"@type\":\"SearchAction\",\"target\":{\"@type\":\"EntryPoint\",\"urlTemplate\":\"https:\\\/\\\/mas-antonin.fr\\\/WordPress3\\\/?s={search_term_string}\"},\"query-input\":{\"@type\":\"PropertyValueSpecification\",\"valueRequired\":true,\"valueName\":\"search_term_string\"}}],\"inLanguage\":\"fr-FR\"},{\"@type\":\"Organization\",\"@id\":\"https:\\\/\\\/mas-antonin.fr\\\/WordPress3\\\/#organization\",\"name\":\"G\u00eetes du Mas Antonin\",\"url\":\"https:\\\/\\\/mas-antonin.fr\\\/WordPress3\\\/\",\"logo\":{\"@type\":\"ImageObject\",\"inLanguage\":\"fr-FR\",\"@id\":\"https:\\\/\\\/mas-antonin.fr\\\/WordPress3\\\/#\\\/schema\\\/logo\\\/image\\\/\",\"url\":\"https:\\\/\\\/mas-antonin.fr\\\/WordPress3\\\/wp-content\\\/uploads\\\/2016\\\/10\\\/cropped-favicon2.png\",\"contentUrl\":\"https:\\\/\\\/mas-antonin.fr\\\/WordPress3\\\/wp-content\\\/uploads\\\/2016\\\/10\\\/cropped-favicon2.png\",\"width\":512,\"height\":512,\"caption\":\"G\u00eetes du Mas Antonin\"},\"image\":{\"@id\":\"https:\\\/\\\/mas-antonin.fr\\\/WordPress3\\\/#\\\/schema\\\/logo\\\/image\\\/\"},\"sameAs\":[\"https:\\\/\\\/www.facebook.com\\\/Gite.Mas.Antonin\"]}]}<\/script>\n<!-- \/ Yoast SEO plugin. -->","yoast_head_json":{"title":"Nos Tarifs - Mas Antonin","description":"tarifs gites et chambre d'\u00f4tes et locations n\u00eemes au mas antonin","robots":{"index":"index","follow":"follow","max-snippet":"max-snippet:-1","max-image-preview":"max-image-preview:large","max-video-preview":"max-video-preview:-1"},"canonical":"https:\/\/mas-antonin.fr\/WordPress3\/nos-tarifs\/","og_locale":"fr_FR","og_type":"article","og_title":"Nos Tarifs - Mas Antonin","og_description":"tarifs gites et chambre d'\u00f4tes et locations n\u00eemes au mas antonin","og_url":"https:\/\/mas-antonin.fr\/WordPress3\/nos-tarifs\/","og_site_name":"Mas Antonin","article_publisher":"https:\/\/www.facebook.com\/Gite.Mas.Antonin","article_modified_time":"2022-10-07T21:15:53+00:00","og_image":[{"width":1000,"height":288,"url":"https:\/\/mas-antonin.fr\/WordPress3\/wp-content\/uploads\/2011\/11\/titretarifswp.jpg","type":"image\/jpeg"}],"twitter_card":"summary_large_image","twitter_misc":{"Dur\u00e9e de lecture estim\u00e9e":"2 minutes"},"schema":{"@context":"https:\/\/schema.org","@graph":[{"@type":"WebPage","@id":"https:\/\/mas-antonin.fr\/WordPress3\/nos-tarifs\/","url":"https:\/\/mas-antonin.fr\/WordPress3\/nos-tarifs\/","name":"Nos Tarifs - Mas Antonin","isPartOf":{"@id":"https:\/\/mas-antonin.fr\/WordPress3\/#website"},"primaryImageOfPage":{"@id":"https:\/\/mas-antonin.fr\/WordPress3\/nos-tarifs\/#primaryimage"},"image":{"@id":"https:\/\/mas-antonin.fr\/WordPress3\/nos-tarifs\/#primaryimage"},"thumbnailUrl":"https:\/\/mas-antonin.fr\/WordPress3\/wp-content\/uploads\/2011\/11\/titretarifswp.jpg","datePublished":"2011-11-18T10:40:08+00:00","dateModified":"2022-10-07T21:15:53+00:00","description":"tarifs gites et chambre d'\u00f4tes et locations n\u00eemes au mas antonin","breadcrumb":{"@id":"https:\/\/mas-antonin.fr\/WordPress3\/nos-tarifs\/#breadcrumb"},"inLanguage":"fr-FR","potentialAction":[{"@type":"ReadAction","target":["https:\/\/mas-antonin.fr\/WordPress3\/nos-tarifs\/"]}]},{"@type":"ImageObject","inLanguage":"fr-FR","@id":"https:\/\/mas-antonin.fr\/WordPress3\/nos-tarifs\/#primaryimage","url":"https:\/\/mas-antonin.fr\/WordPress3\/wp-content\/uploads\/2011\/11\/titretarifswp.jpg","contentUrl":"https:\/\/mas-antonin.fr\/WordPress3\/wp-content\/uploads\/2011\/11\/titretarifswp.jpg","width":"1000","height":"288","caption":"les tarifs du Mas antonin"},{"@type":"BreadcrumbList","@id":"https:\/\/mas-antonin.fr\/WordPress3\/nos-tarifs\/#breadcrumb","itemListElement":[{"@type":"ListItem","position":1,"name":"Accueil","item":"https:\/\/mas-antonin.fr\/WordPress3\/"},{"@type":"ListItem","position":2,"name":"Nos Tarifs"}]},{"@type":"WebSite","@id":"https:\/\/mas-antonin.fr\/WordPress3\/#website","url":"https:\/\/mas-antonin.fr\/WordPress3\/","name":"Mas Antonin","description":"Bienvenue dans le gard, \u00e0 cot\u00e9 de N\u00eemes dans des gites de charme","publisher":{"@id":"https:\/\/mas-antonin.fr\/WordPress3\/#organization"},"potentialAction":[{"@type":"SearchAction","target":{"@type":"EntryPoint","urlTemplate":"https:\/\/mas-antonin.fr\/WordPress3\/?s={search_term_string}"},"query-input":{"@type":"PropertyValueSpecification","valueRequired":true,"valueName":"search_term_string"}}],"inLanguage":"fr-FR"},{"@type":"Organization","@id":"https:\/\/mas-antonin.fr\/WordPress3\/#organization","name":"G\u00eetes du Mas Antonin","url":"https:\/\/mas-antonin.fr\/WordPress3\/","logo":{"@type":"ImageObject","inLanguage":"fr-FR","@id":"https:\/\/mas-antonin.fr\/WordPress3\/#\/schema\/logo\/image\/","url":"https:\/\/mas-antonin.fr\/WordPress3\/wp-content\/uploads\/2016\/10\/cropped-favicon2.png","contentUrl":"https:\/\/mas-antonin.fr\/WordPress3\/wp-content\/uploads\/2016\/10\/cropped-favicon2.png","width":512,"height":512,"caption":"G\u00eetes du Mas Antonin"},"image":{"@id":"https:\/\/mas-antonin.fr\/WordPress3\/#\/schema\/logo\/image\/"},"sameAs":["https:\/\/www.facebook.com\/Gite.Mas.Antonin"]}]}},"_links":{"self":[{"href":"https:\/\/mas-antonin.fr\/WordPress3\/wp-json\/wp\/v2\/pages\/388","targetHints":{"allow":["GET"]}}],"collection":[{"href":"https:\/\/mas-antonin.fr\/WordPress3\/wp-json\/wp\/v2\/pages"}],"about":[{"href":"https:\/\/mas-antonin.fr\/WordPress3\/wp-json\/wp\/v2\/types\/page"}],"author":[{"embeddable":true,"href":"https:\/\/mas-antonin.fr\/WordPress3\/wp-json\/wp\/v2\/users\/1"}],"replies":[{"embeddable":true,"href":"https:\/\/mas-antonin.fr\/WordPress3\/wp-json\/wp\/v2\/comments?post=388"}],"version-history":[{"count":12,"href":"https:\/\/mas-antonin.fr\/WordPress3\/wp-json\/wp\/v2\/pages\/388\/revisions"}],"predecessor-version":[{"id":2886,"href":"https:\/\/mas-antonin.fr\/WordPress3\/wp-json\/wp\/v2\/pages\/388\/revisions\/2886"}],"wp:featuredmedia":[{"embeddable":true,"href":"https:\/\/mas-antonin.fr\/WordPress3\/wp-json\/wp\/v2\/media\/871"}],"wp:attachment":[{"href":"https:\/\/mas-antonin.fr\/WordPress3\/wp-json\/wp\/v2\/media?parent=388"}],"curies":[{"name":"wp","href":"https:\/\/api.w.org\/{rel}","templated":true}]}}