{"id":409,"date":"2011-11-18T14:15:00","date_gmt":"2011-11-18T13:15:00","guid":{"rendered":"http:\/\/mas-antonin.fr\/WordPress3\/?page_id=409"},"modified":"2022-01-30T10:16:43","modified_gmt":"2022-01-30T09:16:43","slug":"les-acces","status":"publish","type":"page","link":"https:\/\/mas-antonin.fr\/WordPress3\/les-acces\/","title":{"rendered":"Les acc\u00e8s"},"content":{"rendered":"<p><iframe loading=\"lazy\" style=\"border: 0;\" src=\"https:\/\/www.google.com\/maps\/embed?pb=!1m18!1m12!1m3!1d1760.5102498022122!2d4.380620560986008!3d43.79287697746597!2m3!1f0!2f0!3f0!3m2!1i1024!2i768!4f13.1!3m3!1m2!1s0x12b42cbcccb53329%3A0x2116b008f15aacd9!2sGites%20du%20MAS%20ANTONIN!5e1!3m2!1sfr!2sfr!4v1636295826344!5m2!1sfr!2sfr\" width=\"100%\" height=\"450\" allowfullscreen=\"allowfullscreen\"><\/iframe><\/p>\n<h1>Les acc\u00e8s au Mas Antonin<\/h1>\n<p><span style=\"background-color: #ccffcc;\"><big>Coordonn\u00e9es GPS des g\u00eetes: \u00a0<\/big> Latitude\u00a0\u00a0\u00a0 43.7931233 \u00a0 &#8212; \u00a0Longitude\u00a0\u00a0\u00a0 4.3806052<\/span><\/p>\n<div>\n<p><strong>\u00ab Par la route \u00bb<\/strong><br \/>\n&#8211; depuis Lyon, au niveau d&rsquo;orange prendre l&rsquo;A9 direction Nimes \/ Montpellier<\/p>\n<\/div>\n<div>\n<p>&#8211; depuis Autoroute A9 prendre N\u00eemes Ouest\u00a0 (sortie 25) et prendre la direction MARSEILLE \/ ARLES \/ GARONS (A54\/E80) , sur l&rsquo;A54 \u00e0 environ 1Km prendre la sortie 1 \u00ab\u00a0NIMES Centre &#8211; St GILLES\u00a0\u00bb puis direction Caissargues ( \u00e0 2Km)<\/p>\n<\/div>\n<div>\n<p>&#8211; depuis MARSEILLE par Autoroute A54\/E80, prendre la sortie 1 \u00ab\u00a0NIMES Centre &#8211;\u00a0St GILLES\u00a0\u00bb puis direction Caissargues (\u00e0 2Km)<\/p>\n<\/div>\n<div>\n<p>&#8211; depuis PERPIGNAN ou TOULOUSE par l&rsquo;A7 au niveau de N\u00eemes Ouest prendre la direction MARSEILLE \/ ARLES par l&rsquo;Autoroute A54\/E80, prendre la sortie 1 \u00ab\u00a0NIMES Centre &#8211;\u00a0St GILLES\u00a0\u00bb puis direction Caissargues (\u00e0 2Km)<\/p>\n<\/div>\n<div>\n<p><strong>\u00ab Par le train \u00bb<\/strong><br \/>\nGare de N\u00eemes centre (6km des g\u00eetes) : Trambus depuis les ar\u00e8nes de N\u00eemes (200m)<\/p>\n<p>Gare de N\u00eemes-Pont du gard (14km de N\u00eemes) : La ligne bus Tango n\u00b033 \u00ab\u00a0Gares Express\u00a0\u00bb ou TEr pour rejoindre N\u00eemes =&gt; Vous pouvez <em>r\u00e9server vos billets<\/em> facilement (bus ou train) grace \u00e0 <a href=\"https:\/\/www.thetrainline.com\/fr\">Trainline<\/a><\/p>\n<\/div>\n<div>\n<p><strong>\u00ab Par l&rsquo; avion \u00bb<\/strong><br \/>\n&#8211; A 5 Km de l&rsquo;a\u00e9roport de \u00a0<a href=\"http:\/\/www.nimes-aeroport.fr\/index.asp\" target=\"_blank\" rel=\"noopener\">N\u00eemes &#8211; Ales &#8211; Camargues &#8211; C\u00e9vennes<\/a> \u00a0<big><\/big><big><\/big><big><\/big><br \/>\n&#8211; A 54 Km de l&rsquo;a\u00e9roport de <a href=\"http:\/\/www.montpellier.aeroport.fr\/\" target=\"_blank\" rel=\"noopener\">Montpellier M\u00e9diterran\u00e9e (Fr\u00e9jorgues) <\/a><\/p>\n<\/div>\n<div>\n<p><strong>\u00ab TAXI \u00bb<\/strong><br \/>\nTaxis Alliance Gardoise (TAG) &#8211; 8 av Vistrenque BP 2 30132 CAISSARGUES\u00a0 N\u00b0 \u00e0 tarif sp\u00e9cial :\u00a00825 56 36 36<br \/>\nTaxi Malzac &#8211; 148 r Abrivado 30132 CAISSARGUES tel: 04 66 29 87 14<\/p>\n<\/div>\n<div>\n<p><strong>\u00abLocation de voitures \u00bb<\/strong><br \/>\nAVIS: gare SNCF 30000 NIMES t\u00e9l: 08 20 61 16 40 &#8211; A\u00e9roport t\u00e9l: 04 66 29 05 33<br \/>\nHERTZ : gare SNCF 30000 NIMES\u00a0 t\u00e9l : 04 66 76 25 91 \u00a0fax : 04 66 76 58 30<\/p>\n<\/div>\n<div><strong>\u00ab Se d\u00e9placer depuis Caissargues \u00bb<\/strong><br \/>\n&#8211; Horaire vers N\u00eemes, Garons, Bouillargues en bus avec <a title=\"Horaire bus Tango Caissargues\" href=\"http:\/\/www.tangobus.fr\/upload\/guides_horaires\/caissargues.pdf\" target=\"_blank\" rel=\"noopener\">TANGO<\/a><\/div>\n<div>&#8211; Tous<a title=\"Bus r\u00e9gion n\u00eemes et alentours\" href=\"http:\/\/www.tangobus.fr\/727-Fiches-horaires-telechargeables.html\" target=\"_blank\" rel=\"noopener\"> les plans et horaires<\/a> de bus avec TANGO<\/div>\n<div>&#8211; Le <a title=\"R\u00e9seau Tango bus gard\" href=\"http:\/\/www.tangobus.fr\/carte\/index.php?verif=1\" target=\"_blank\" rel=\"noopener\">r\u00e9seau de bus<\/a> pour se rendre dans les villages alentours (Marguerittes, Redessan, Rodhilan,G\u00e9n\u00e9rac, Garons, Bouillargues, Uchaud, Milhaud, &#8230;<\/div>\n","protected":false},"excerpt":{"rendered":"<p>Les acc\u00e8s au Mas Antonin Coordonn\u00e9es GPS des g\u00eetes: \u00a0 Latitude\u00a0\u00a0\u00a0 43.7931233 \u00a0 &#8212; \u00a0Longitude\u00a0\u00a0\u00a0 4.3806052 \u00ab Par la route \u00bb &#8211; depuis Lyon, au niveau d&rsquo;orange prendre l&rsquo;A9 direction Nimes \/ Montpellier &#8211; depuis Autoroute A9 prendre N\u00eemes Ouest\u00a0 (sortie 25) et prendre la direction MARSEILLE \/ ARLES \/ GARONS (A54\/E80) , sur l&rsquo;A54 [&hellip;]<\/p>\n","protected":false},"author":1,"featured_media":874,"parent":0,"menu_order":0,"comment_status":"closed","ping_status":"open","template":"","meta":{"footnotes":""},"class_list":["post-409","page","type-page","status-publish","has-post-thumbnail","hentry"],"yoast_head":"<!-- This site is optimized with the Yoast SEO plugin v27.4 - https:\/\/yoast.com\/product\/yoast-seo-wordpress\/ -->\n<title>Les acc\u00e8s - Mas Antonin<\/title>\n<meta name=\"description\" content=\"informations et plans d&#039;acc\u00e8s des gites du mas antonin nimes dans le gard et passer des vacances au soleil dans les gites de france\" \/>\n<meta name=\"robots\" content=\"index, follow, max-snippet:-1, max-image-preview:large, max-video-preview:-1\" \/>\n<link rel=\"canonical\" href=\"https:\/\/mas-antonin.fr\/WordPress3\/les-acces\/\" \/>\n<meta property=\"og:locale\" content=\"fr_FR\" \/>\n<meta property=\"og:type\" content=\"article\" \/>\n<meta property=\"og:title\" content=\"Les acc\u00e8s - Mas Antonin\" \/>\n<meta property=\"og:description\" content=\"informations et plans d&#039;acc\u00e8s des gites du mas antonin nimes dans le gard et passer des vacances au soleil dans les gites de france\" \/>\n<meta property=\"og:url\" content=\"https:\/\/mas-antonin.fr\/WordPress3\/les-acces\/\" \/>\n<meta property=\"og:site_name\" content=\"Mas Antonin\" \/>\n<meta property=\"article:publisher\" content=\"https:\/\/www.facebook.com\/Gite.Mas.Antonin\" \/>\n<meta property=\"article:modified_time\" content=\"2022-01-30T09:16:43+00:00\" \/>\n<meta property=\"og:image\" content=\"https:\/\/mas-antonin.fr\/WordPress3\/wp-content\/uploads\/2011\/11\/titreacceswp.jpg\" \/>\n\t<meta property=\"og:image:width\" content=\"1000\" \/>\n\t<meta property=\"og:image:height\" content=\"288\" \/>\n\t<meta property=\"og:image:type\" content=\"image\/jpeg\" \/>\n<meta name=\"twitter:card\" content=\"summary_large_image\" \/>\n<meta name=\"twitter:label1\" content=\"Dur\u00e9e de lecture estim\u00e9e\" \/>\n\t<meta name=\"twitter:data1\" content=\"2 minutes\" \/>\n<script type=\"application\/ld+json\" class=\"yoast-schema-graph\">{\"@context\":\"https:\\\/\\\/schema.org\",\"@graph\":[{\"@type\":\"WebPage\",\"@id\":\"https:\\\/\\\/mas-antonin.fr\\\/WordPress3\\\/les-acces\\\/\",\"url\":\"https:\\\/\\\/mas-antonin.fr\\\/WordPress3\\\/les-acces\\\/\",\"name\":\"Les acc\u00e8s - Mas Antonin\",\"isPartOf\":{\"@id\":\"https:\\\/\\\/mas-antonin.fr\\\/WordPress3\\\/#website\"},\"primaryImageOfPage\":{\"@id\":\"https:\\\/\\\/mas-antonin.fr\\\/WordPress3\\\/les-acces\\\/#primaryimage\"},\"image\":{\"@id\":\"https:\\\/\\\/mas-antonin.fr\\\/WordPress3\\\/les-acces\\\/#primaryimage\"},\"thumbnailUrl\":\"https:\\\/\\\/mas-antonin.fr\\\/WordPress3\\\/wp-content\\\/uploads\\\/2011\\\/11\\\/titreacceswp.jpg\",\"datePublished\":\"2011-11-18T13:15:00+00:00\",\"dateModified\":\"2022-01-30T09:16:43+00:00\",\"description\":\"informations et plans d'acc\u00e8s des gites du mas antonin nimes dans le gard et passer des vacances au soleil dans les gites de france\",\"breadcrumb\":{\"@id\":\"https:\\\/\\\/mas-antonin.fr\\\/WordPress3\\\/les-acces\\\/#breadcrumb\"},\"inLanguage\":\"fr-FR\",\"potentialAction\":[{\"@type\":\"ReadAction\",\"target\":[\"https:\\\/\\\/mas-antonin.fr\\\/WordPress3\\\/les-acces\\\/\"]}]},{\"@type\":\"ImageObject\",\"inLanguage\":\"fr-FR\",\"@id\":\"https:\\\/\\\/mas-antonin.fr\\\/WordPress3\\\/les-acces\\\/#primaryimage\",\"url\":\"https:\\\/\\\/mas-antonin.fr\\\/WordPress3\\\/wp-content\\\/uploads\\\/2011\\\/11\\\/titreacceswp.jpg\",\"contentUrl\":\"https:\\\/\\\/mas-antonin.fr\\\/WordPress3\\\/wp-content\\\/uploads\\\/2011\\\/11\\\/titreacceswp.jpg\",\"width\":\"1000\",\"height\":\"288\",\"caption\":\"comment venir au mas antonin\"},{\"@type\":\"BreadcrumbList\",\"@id\":\"https:\\\/\\\/mas-antonin.fr\\\/WordPress3\\\/les-acces\\\/#breadcrumb\",\"itemListElement\":[{\"@type\":\"ListItem\",\"position\":1,\"name\":\"Accueil\",\"item\":\"https:\\\/\\\/mas-antonin.fr\\\/WordPress3\\\/\"},{\"@type\":\"ListItem\",\"position\":2,\"name\":\"Les acc\u00e8s\"}]},{\"@type\":\"WebSite\",\"@id\":\"https:\\\/\\\/mas-antonin.fr\\\/WordPress3\\\/#website\",\"url\":\"https:\\\/\\\/mas-antonin.fr\\\/WordPress3\\\/\",\"name\":\"Mas Antonin\",\"description\":\"Bienvenue dans le gard, \u00e0 cot\u00e9 de N\u00eemes dans des gites de charme\",\"publisher\":{\"@id\":\"https:\\\/\\\/mas-antonin.fr\\\/WordPress3\\\/#organization\"},\"potentialAction\":[{\"@type\":\"SearchAction\",\"target\":{\"@type\":\"EntryPoint\",\"urlTemplate\":\"https:\\\/\\\/mas-antonin.fr\\\/WordPress3\\\/?s={search_term_string}\"},\"query-input\":{\"@type\":\"PropertyValueSpecification\",\"valueRequired\":true,\"valueName\":\"search_term_string\"}}],\"inLanguage\":\"fr-FR\"},{\"@type\":\"Organization\",\"@id\":\"https:\\\/\\\/mas-antonin.fr\\\/WordPress3\\\/#organization\",\"name\":\"G\u00eetes du Mas Antonin\",\"url\":\"https:\\\/\\\/mas-antonin.fr\\\/WordPress3\\\/\",\"logo\":{\"@type\":\"ImageObject\",\"inLanguage\":\"fr-FR\",\"@id\":\"https:\\\/\\\/mas-antonin.fr\\\/WordPress3\\\/#\\\/schema\\\/logo\\\/image\\\/\",\"url\":\"https:\\\/\\\/mas-antonin.fr\\\/WordPress3\\\/wp-content\\\/uploads\\\/2016\\\/10\\\/cropped-favicon2.png\",\"contentUrl\":\"https:\\\/\\\/mas-antonin.fr\\\/WordPress3\\\/wp-content\\\/uploads\\\/2016\\\/10\\\/cropped-favicon2.png\",\"width\":512,\"height\":512,\"caption\":\"G\u00eetes du Mas Antonin\"},\"image\":{\"@id\":\"https:\\\/\\\/mas-antonin.fr\\\/WordPress3\\\/#\\\/schema\\\/logo\\\/image\\\/\"},\"sameAs\":[\"https:\\\/\\\/www.facebook.com\\\/Gite.Mas.Antonin\"]}]}<\/script>\n<!-- \/ Yoast SEO plugin. -->","yoast_head_json":{"title":"Les acc\u00e8s - Mas Antonin","description":"informations et plans d'acc\u00e8s des gites du mas antonin nimes dans le gard et passer des vacances au soleil dans les gites de france","robots":{"index":"index","follow":"follow","max-snippet":"max-snippet:-1","max-image-preview":"max-image-preview:large","max-video-preview":"max-video-preview:-1"},"canonical":"https:\/\/mas-antonin.fr\/WordPress3\/les-acces\/","og_locale":"fr_FR","og_type":"article","og_title":"Les acc\u00e8s - Mas Antonin","og_description":"informations et plans d'acc\u00e8s des gites du mas antonin nimes dans le gard et passer des vacances au soleil dans les gites de france","og_url":"https:\/\/mas-antonin.fr\/WordPress3\/les-acces\/","og_site_name":"Mas Antonin","article_publisher":"https:\/\/www.facebook.com\/Gite.Mas.Antonin","article_modified_time":"2022-01-30T09:16:43+00:00","og_image":[{"width":1000,"height":288,"url":"https:\/\/mas-antonin.fr\/WordPress3\/wp-content\/uploads\/2011\/11\/titreacceswp.jpg","type":"image\/jpeg"}],"twitter_card":"summary_large_image","twitter_misc":{"Dur\u00e9e de lecture estim\u00e9e":"2 minutes"},"schema":{"@context":"https:\/\/schema.org","@graph":[{"@type":"WebPage","@id":"https:\/\/mas-antonin.fr\/WordPress3\/les-acces\/","url":"https:\/\/mas-antonin.fr\/WordPress3\/les-acces\/","name":"Les acc\u00e8s - Mas Antonin","isPartOf":{"@id":"https:\/\/mas-antonin.fr\/WordPress3\/#website"},"primaryImageOfPage":{"@id":"https:\/\/mas-antonin.fr\/WordPress3\/les-acces\/#primaryimage"},"image":{"@id":"https:\/\/mas-antonin.fr\/WordPress3\/les-acces\/#primaryimage"},"thumbnailUrl":"https:\/\/mas-antonin.fr\/WordPress3\/wp-content\/uploads\/2011\/11\/titreacceswp.jpg","datePublished":"2011-11-18T13:15:00+00:00","dateModified":"2022-01-30T09:16:43+00:00","description":"informations et plans d'acc\u00e8s des gites du mas antonin nimes dans le gard et passer des vacances au soleil dans les gites de france","breadcrumb":{"@id":"https:\/\/mas-antonin.fr\/WordPress3\/les-acces\/#breadcrumb"},"inLanguage":"fr-FR","potentialAction":[{"@type":"ReadAction","target":["https:\/\/mas-antonin.fr\/WordPress3\/les-acces\/"]}]},{"@type":"ImageObject","inLanguage":"fr-FR","@id":"https:\/\/mas-antonin.fr\/WordPress3\/les-acces\/#primaryimage","url":"https:\/\/mas-antonin.fr\/WordPress3\/wp-content\/uploads\/2011\/11\/titreacceswp.jpg","contentUrl":"https:\/\/mas-antonin.fr\/WordPress3\/wp-content\/uploads\/2011\/11\/titreacceswp.jpg","width":"1000","height":"288","caption":"comment venir au mas antonin"},{"@type":"BreadcrumbList","@id":"https:\/\/mas-antonin.fr\/WordPress3\/les-acces\/#breadcrumb","itemListElement":[{"@type":"ListItem","position":1,"name":"Accueil","item":"https:\/\/mas-antonin.fr\/WordPress3\/"},{"@type":"ListItem","position":2,"name":"Les acc\u00e8s"}]},{"@type":"WebSite","@id":"https:\/\/mas-antonin.fr\/WordPress3\/#website","url":"https:\/\/mas-antonin.fr\/WordPress3\/","name":"Mas Antonin","description":"Bienvenue dans le gard, \u00e0 cot\u00e9 de N\u00eemes dans des gites de charme","publisher":{"@id":"https:\/\/mas-antonin.fr\/WordPress3\/#organization"},"potentialAction":[{"@type":"SearchAction","target":{"@type":"EntryPoint","urlTemplate":"https:\/\/mas-antonin.fr\/WordPress3\/?s={search_term_string}"},"query-input":{"@type":"PropertyValueSpecification","valueRequired":true,"valueName":"search_term_string"}}],"inLanguage":"fr-FR"},{"@type":"Organization","@id":"https:\/\/mas-antonin.fr\/WordPress3\/#organization","name":"G\u00eetes du Mas Antonin","url":"https:\/\/mas-antonin.fr\/WordPress3\/","logo":{"@type":"ImageObject","inLanguage":"fr-FR","@id":"https:\/\/mas-antonin.fr\/WordPress3\/#\/schema\/logo\/image\/","url":"https:\/\/mas-antonin.fr\/WordPress3\/wp-content\/uploads\/2016\/10\/cropped-favicon2.png","contentUrl":"https:\/\/mas-antonin.fr\/WordPress3\/wp-content\/uploads\/2016\/10\/cropped-favicon2.png","width":512,"height":512,"caption":"G\u00eetes du Mas Antonin"},"image":{"@id":"https:\/\/mas-antonin.fr\/WordPress3\/#\/schema\/logo\/image\/"},"sameAs":["https:\/\/www.facebook.com\/Gite.Mas.Antonin"]}]}},"_links":{"self":[{"href":"https:\/\/mas-antonin.fr\/WordPress3\/wp-json\/wp\/v2\/pages\/409","targetHints":{"allow":["GET"]}}],"collection":[{"href":"https:\/\/mas-antonin.fr\/WordPress3\/wp-json\/wp\/v2\/pages"}],"about":[{"href":"https:\/\/mas-antonin.fr\/WordPress3\/wp-json\/wp\/v2\/types\/page"}],"author":[{"embeddable":true,"href":"https:\/\/mas-antonin.fr\/WordPress3\/wp-json\/wp\/v2\/users\/1"}],"replies":[{"embeddable":true,"href":"https:\/\/mas-antonin.fr\/WordPress3\/wp-json\/wp\/v2\/comments?post=409"}],"version-history":[{"count":17,"href":"https:\/\/mas-antonin.fr\/WordPress3\/wp-json\/wp\/v2\/pages\/409\/revisions"}],"predecessor-version":[{"id":2842,"href":"https:\/\/mas-antonin.fr\/WordPress3\/wp-json\/wp\/v2\/pages\/409\/revisions\/2842"}],"wp:featuredmedia":[{"embeddable":true,"href":"https:\/\/mas-antonin.fr\/WordPress3\/wp-json\/wp\/v2\/media\/874"}],"wp:attachment":[{"href":"https:\/\/mas-antonin.fr\/WordPress3\/wp-json\/wp\/v2\/media?parent=409"}],"curies":[{"name":"wp","href":"https:\/\/api.w.org\/{rel}","templated":true}]}}