{"id":557,"date":"2011-12-02T18:58:22","date_gmt":"2011-12-02T17:58:22","guid":{"rendered":"http:\/\/mas-antonin.fr\/WordPress3\/?page_id=557"},"modified":"2026-02-04T10:52:50","modified_gmt":"2026-02-04T09:52:50","slug":"liens","status":"publish","type":"page","link":"https:\/\/mas-antonin.fr\/WordPress3\/liens\/","title":{"rendered":"Liens Partenaires"},"content":{"rendered":"<table style=\"height: 1207px; width: 100%; border-collapse: collapse; border-style: solid; border-color: #000000;\">\n<tbody>\n<tr style=\"height: 64px;\">\n<td style=\"width: 100%; background-color: #f29c07; text-align: center; height: 64px;\" colspan=\"2\">\n<h3>Divertissements<\/h3>\n<\/td>\n<\/tr>\n<tr style=\"border-style: dotted; border-color: #000000;\">\n<td style=\"width: 50%; height: 54px;\"><a href=\"http:\/\/www.casaurang.fr\/\" target=\"_blank\" rel=\"noopener\"><img loading=\"lazy\" decoding=\"async\" src=\"https:\/\/mas-antonin.fr\/WordPress3\/wp-content\/uploads\/2011\/12\/jfcasaurang.png\" alt=\"Professeur de Guitare\" width=\"223\" height=\"59\" \/><\/a><\/td>\n<td style=\"width: 50%; height: 54px;\"><big><small>Guitariste &#8211;\u00a0 professeur de musique sur Aramon<\/small><\/big><\/td>\n<\/tr>\n<tr style=\"border-style: dotted; border-color: #000000;\">\n<td style=\"width: 50%; height: 101px;\"><a href=\"http:\/\/duo-jazz.fr\/\" target=\"_blank\" rel=\"noopener\"><img loading=\"lazy\" decoding=\"async\" src=\"https:\/\/mas-antonin.fr\/WordPress3\/wp-content\/uploads\/2011\/12\/duojazz2.jpg\" alt=\"Duo de jazz\" width=\"226\" height=\"94\" \/><\/a><\/td>\n<td style=\"width: 50%; height: 101px;\"><big><small>Animation mariages, soir\u00e9es, ap\u00e9ritifs, pour une ambiance garantie<\/small><\/big><\/td>\n<\/tr>\n<tr style=\"border-style: dotted; border-color: #000000;\">\n<td style=\"width: 50%; height: 65px;\"><a href=\"http:\/\/jazzcocktail.fr\/groupe\/\" target=\"_blank\" rel=\"noopener\"><img loading=\"lazy\" decoding=\"async\" src=\"https:\/\/mas-antonin.fr\/WordPress3\/wp-content\/uploads\/2011\/12\/jazzcoctail.png\" alt=\"\" width=\"210\" height=\"41\" \/><\/a><\/td>\n<td style=\"width: 50%; height: 65px;\"><strong>JAZZ COCKTAIL<\/strong>, un groupe de musique pour l\u2019animation Jazz en Provence et Languedoc vous apportera l\u2019ambiance raffin\u00e9e pour tout vos \u00e9v\u00e9nements.<\/td>\n<\/tr>\n<tr style=\"border-style: dotted; border-color: #000000;\">\n<td style=\"width: 50%; height: 86px;\"><a href=\"http:\/\/magtrio.fr\/groupe\/\" target=\"_blank\" rel=\"noopener\"><img loading=\"lazy\" decoding=\"async\" src=\"https:\/\/mas-antonin.fr\/WordPress3\/wp-content\/uploads\/2011\/12\/orangetrio.png\" alt=\"\" width=\"316\" height=\"83\" \/><\/a><\/td>\n<td style=\"width: 50%; height: 86px;\"><strong>Orange Trio<\/strong>, ce groupe de musique Pop ou Rock vous propose l&rsquo;animation de differentes r\u00e9ceptions ou soir\u00e9es (restaurant, coctail, vin d&rsquo;honneur de mariage, soir\u00e9e d&rsquo;anniveraire)<\/td>\n<\/tr>\n<tr style=\"border-style: dotted; border-color: #000000;\">\n<td style=\"width: 50%; height: 149px;\"><a href=\"http:\/\/www.photoastro.com\/\"><img loading=\"lazy\" decoding=\"async\" class=\"alignleft wp-image-1134 size-thumbnail\" src=\"https:\/\/mas-antonin.fr\/WordPress3\/wp-content\/uploads\/2011\/12\/photoastro-150x130.jpeg\" alt=\"photoastro\" width=\"150\" height=\"130\" \/><\/a><\/td>\n<td style=\"width: 50%; height: 149px;\"><strong>PHOTOASTRO<\/strong>, nouveau site d&rsquo;astronomie, mais ancien adepte depuis plus de 30 ans, Philippe TOSI nous propose ses superbes images de galaxies, soleil ou lune, \u00e9clipses et autres. Egalements des conseils pour retravailler les photos en HDR gr\u00e2ce au logiciel Photomatix.<\/td>\n<\/tr>\n<tr>\n<td style=\"width: 50%;\"><a href=\"https:\/\/observatoireduvaldesos.fr\/\"><img loading=\"lazy\" decoding=\"async\" class=\"alignnone\" src=\"https:\/\/mas-antonin.fr\/WordPress3\/wp-content\/uploads\/2026\/02\/oavs.jpg\" alt=\"OAVS\" width=\"129\" height=\"129\" \/><\/a><\/td>\n<td style=\"width: 50%;\"><strong>OAVS (Observatoire Astronomique du Val de SOS, <\/strong>nouveau lieu d&rsquo;astronomie, cr\u00e9e par Philippe TOSI pour observer le ciel (\u00e9toiles, soleil, &#8230;)<\/td>\n<\/tr>\n<tr style=\"border-style: dotted; border-color: #000000;\">\n<td style=\"width: 50%; height: 78px;\"><a href=\"http:\/\/www.sudrando.com\/\" target=\"_blank\" rel=\"noopener\"><img loading=\"lazy\" decoding=\"async\" src=\"https:\/\/mas-antonin.fr\/WordPress3\/wp-content\/uploads\/2011\/12\/sudrando.png\" alt=\"\" width=\"203\" height=\"71\" \/><\/a><\/td>\n<td style=\"width: 50%; height: 78px;\"><big><small>Envie de voyage en randonn\u00e9e pedestre, n&rsquo;h\u00e9sitez plus, contactez SUDRANDOS<\/small><\/big><\/td>\n<\/tr>\n<tr>\n<td style=\"width: 50%;\"><\/td>\n<td style=\"width: 50%;\"><\/td>\n<\/tr>\n<tr style=\"height: 74px;\">\n<td style=\"width: 100%; background-color: #f29c07; text-align: center; height: 74px;\" colspan=\"2\">\n<h2>Artisants \/ commer\u00e7ants \/Ventes<\/h2>\n<\/td>\n<\/tr>\n<tr style=\"border-style: dotted; border-color: #000000;\">\n<td style=\"width: 50%; height: 23px;\"><a href=\"https:\/\/lescomptoirsdelabio.fr\/magasins\/biomarche-caissargues\" target=\"_blank\" rel=\"noopener\"><img loading=\"lazy\" decoding=\"async\" src=\"https:\/\/mas-antonin.fr\/WordPress3\/wp-content\/uploads\/2011\/12\/biomarche.png\" alt=\"\" width=\"140\" height=\"97\" \/><\/a><\/td>\n<td style=\"width: 50%; height: 23px;\"><big><small>Notre village de Caissargues a la chance de poss\u00e9der un commer\u00e7ant hors du commun, le g\u00e9rant de <strong>Bio March\u00e9<\/strong> vous proposent des aliments et des produits BIO. Situ\u00e9 au 180 Avenue de la Vistrinque Zone euro 2000 \u00e0 Caissargues Tel 04 66 84 46 32<\/small><\/big><\/td>\n<\/tr>\n<tr style=\"border-style: dotted; border-color: #000000;\">\n<td style=\"width: 50%; height: 23px;\"><img loading=\"lazy\" decoding=\"async\" class=\"alignleft  wp-image-2621\" src=\"https:\/\/mas-antonin.fr\/WordPress3\/wp-content\/uploads\/2021\/11\/boucherie-pradeille.png\" alt=\"boucherie pradeille\" width=\"159\" height=\"115\" \/><\/td>\n<td style=\"width: 50%; height: 23px;\">Envie de bien manger et de faire vibrer vos papilles, allez \u00e0 la <strong>boucherie Pradeilles <\/strong>\u00e0 150m des g\u00eetes.163 rue Alphonse Daudet .Tel : 04 66 38 00 85<\/td>\n<\/tr>\n<tr style=\"border-style: dotted; border-color: #000000;\">\n<td style=\"width: 50%; height: 23px;\"><a href=\"https:\/\/mas-antonin.fr\/WordPress3\/wp-content\/uploads\/2021\/11\/marcelin-primeur-caissargues.png\"><img loading=\"lazy\" decoding=\"async\" class=\"alignnone wp-image-2828\" src=\"https:\/\/mas-antonin.fr\/WordPress3\/wp-content\/uploads\/2021\/11\/marcelin-primeur-caissargues-595x366.png\" alt=\"marcelin primeur caissargues\" width=\"163\" height=\"100\" srcset=\"https:\/\/mas-antonin.fr\/WordPress3\/wp-content\/uploads\/2021\/11\/marcelin-primeur-caissargues-595x366.png 595w, https:\/\/mas-antonin.fr\/WordPress3\/wp-content\/uploads\/2021\/11\/marcelin-primeur-caissargues-768x472.png 768w, https:\/\/mas-antonin.fr\/WordPress3\/wp-content\/uploads\/2021\/11\/marcelin-primeur-caissargues.png 912w\" sizes=\"auto, (max-width: 163px) 100vw, 163px\" \/><\/a><\/td>\n<td style=\"width: 50%; height: 23px;\">Des fruits et l\u00e9gumes de saison pour se r\u00e9galer allez chez notre primeur local, <strong>Marcelin primeur<\/strong> \u00e0 200m des g\u00eetes.9 rue Alphonse Daudet Tel 04 66 21 17 79.<\/td>\n<\/tr>\n<tr style=\"border-style: dotted; border-color: #000000;\">\n<td style=\"width: 50%; height: 184px;\"><a href=\"https:\/\/boiserie-by-nature.com\/\" target=\"_blank\" rel=\"noopener\"><img loading=\"lazy\" decoding=\"async\" class=\"alignleft\" src=\"https:\/\/mas-antonin.fr\/WordPress3\/wp-content\/uploads\/2022\/02\/boiseriebynature.png\" alt=\"Boiserie by nature\" width=\"205\" height=\"108\" \/><\/a><\/td>\n<td style=\"width: 50%; height: 184px;\"><strong><a href=\"https:\/\/boiserie-by-nature.com\/\">Boiserie by nature<\/a> avec Yoann RIOCAS<\/strong>, artisant m\u00e9nuisier, \u00e9b\u00e9nistechemin du Berger 30230 Bouillargues<\/p>\n<p>Tel : 06 48 16 79 79<\/td>\n<\/tr>\n<tr style=\"height: 24px;\">\n<td style=\"width: 50%; height: 24px;\"><\/td>\n<td style=\"width: 50%; height: 24px;\"><\/td>\n<\/tr>\n<tr style=\"height: 23px;\">\n<td style=\"width: 50%; height: 23px; background-color: #f29c07;\" colspan=\"2\">\n<h2 style=\"text-align: center;\">Restaurants<\/h2>\n<\/td>\n<\/tr>\n<tr style=\"border-style: dotted; border-color: #000000;\">\n<td style=\"width: 50%; height: 23px;\"><a href=\"https:\/\/www.facebook.com\/restaurantchezyo\" target=\"_blank\" rel=\"noopener\"><img loading=\"lazy\" decoding=\"async\" class=\"alignleft  wp-image-2633\" src=\"https:\/\/mas-antonin.fr\/WordPress3\/wp-content\/uploads\/2021\/11\/chez-yo.jpeg\" alt=\"chez yo\" width=\"141\" height=\"126\" \/><\/a><\/td>\n<td style=\"width: 50%; height: 23px;\"><a href=\"https:\/\/www.facebook.com\/restaurantchezyo\">Chez Yo<\/a>, une cuisine du march\u00e9, atypique aux saveurs originales rue de l&rsquo;AGAU &#8211; N\u00eemes Tel : 06 27 20 79 86<\/td>\n<\/tr>\n<tr style=\"border-style: dotted; border-color: #000000;\">\n<td style=\"width: 50%; height: 23px;\"><a href=\"https:\/\/www.maisoncarne.com\/\" target=\"_blank\" rel=\"noopener\"><img loading=\"lazy\" decoding=\"async\" class=\"alignleft size-full wp-image-2627\" src=\"https:\/\/mas-antonin.fr\/WordPress3\/wp-content\/uploads\/2021\/11\/maison-carne.jpeg\" alt=\"maison carn\u00e9\" width=\"250\" height=\"146\" \/><\/a><\/td>\n<td style=\"width: 50%; height: 23px;\">Maison Carn\u00e9, une bonne cote de boeuf, sp\u00e9cialit\u00e9 et plat unique pour un r\u00e9gal des papilles.<\/td>\n<\/tr>\n<tr style=\"height: 23px;\">\n<td style=\"width: 50%; height: 23px;\"><\/td>\n<td style=\"width: 50%; height: 23px;\"><\/td>\n<\/tr>\n<tr style=\"height: 23px;\">\n<td style=\"width: 50%; height: 23px;\"><\/td>\n<td style=\"width: 50%; height: 23px;\"><\/td>\n<\/tr>\n<tr style=\"height: 23px;\">\n<td style=\"width: 50%; height: 23px;\"><\/td>\n<td style=\"width: 50%; height: 23px;\"><\/td>\n<\/tr>\n<tr style=\"height: 23px;\">\n<td style=\"background-color: #f29c07; height: 23px; text-align: center; width: 100%;\" colspan=\"2\">\n<h2>Handicaps<\/h2>\n<\/td>\n<\/tr>\n<tr style=\"height: 23px; border-style: dotted; border-color: #000000;\">\n<td style=\"height: 23px; width: 50%;\"><a href=\"https:\/\/www.gns-automobilite.fr\/\" target=\"_blank\" rel=\"noopener\"><img loading=\"lazy\" decoding=\"async\" class=\"alignnone\" title=\"GNS adaptation \" src=\"https:\/\/mas-antonin.fr\/WordPress3\/wp-content\/uploads\/2011\/12\/gnsadaptation.png\" alt=\"amenagement au handicap de v\u00e9hicules \" width=\"199\" height=\"195\" \/><\/a><\/td>\n<td style=\"width: 50%; height: 23px;\">La soci\u00e9t\u00e9 GNS ADAPTATION bas\u00e9e \u00e0 NIMES \u00e9quipe\u00a0 et loue des v\u00e9hicules am\u00e9nag\u00e9s pour la conduite et le transport de personnes en fauteuil roulant. T\u00e9l.\u00a0: 04 66 68 13 90 &#8211; email: contact@gnsadaptation.com)<\/td>\n<\/tr>\n<tr style=\"height: 23px;\">\n<td style=\"height: 23px; width: 50%;\"><\/td>\n<td style=\"width: 50%; height: 23px;\"><\/td>\n<\/tr>\n<tr style=\"height: 29px;\">\n<td style=\"height: 29px; width: 50%;\"><\/td>\n<td style=\"width: 50%; height: 29px;\"><\/td>\n<\/tr>\n<\/tbody>\n<\/table>\n<p style=\"text-align: center;\">\n","protected":false},"excerpt":{"rendered":"<p>Divertissements Guitariste &#8211;\u00a0 professeur de musique sur Aramon Animation mariages, soir\u00e9es, ap\u00e9ritifs, pour une ambiance garantie JAZZ COCKTAIL, un groupe de musique pour l\u2019animation Jazz en Provence et Languedoc vous apportera l\u2019ambiance raffin\u00e9e pour tout vos \u00e9v\u00e9nements. Orange Trio, ce groupe de musique Pop ou Rock vous propose l&rsquo;animation de differentes r\u00e9ceptions ou soir\u00e9es (restaurant, [&hellip;]<\/p>\n","protected":false},"author":1,"featured_media":0,"parent":0,"menu_order":0,"comment_status":"closed","ping_status":"open","template":"","meta":{"footnotes":""},"class_list":["post-557","page","type-page","status-publish","hentry"],"yoast_head":"<!-- This site is optimized with the Yoast SEO plugin v27.4 - https:\/\/yoast.com\/product\/yoast-seo-wordpress\/ -->\n<title>Liens Partenaires - Mas Antonin<\/title>\n<meta name=\"description\" content=\"liste de partenaires et amis des gites du mas antonin\" \/>\n<meta name=\"robots\" content=\"index, follow, max-snippet:-1, max-image-preview:large, max-video-preview:-1\" \/>\n<link rel=\"canonical\" href=\"https:\/\/mas-antonin.fr\/WordPress3\/liens\/\" \/>\n<meta property=\"og:locale\" content=\"fr_FR\" \/>\n<meta property=\"og:type\" content=\"article\" \/>\n<meta property=\"og:title\" content=\"Liens Partenaires - Mas Antonin\" \/>\n<meta property=\"og:description\" content=\"liste de partenaires et amis des gites du mas antonin\" \/>\n<meta property=\"og:url\" content=\"https:\/\/mas-antonin.fr\/WordPress3\/liens\/\" \/>\n<meta property=\"og:site_name\" content=\"Mas Antonin\" \/>\n<meta property=\"article:publisher\" content=\"https:\/\/www.facebook.com\/Gite.Mas.Antonin\" \/>\n<meta property=\"article:modified_time\" content=\"2026-02-04T09:52:50+00:00\" \/>\n<meta property=\"og:image\" content=\"http:\/\/mas-antonin.fr\/WordPress3\/wp-content\/uploads\/2011\/12\/jfcasaurang.png\" \/>\n<meta name=\"twitter:card\" content=\"summary_large_image\" \/>\n<meta name=\"twitter:label1\" content=\"Dur\u00e9e de lecture estim\u00e9e\" \/>\n\t<meta name=\"twitter:data1\" content=\"5 minutes\" \/>\n<script type=\"application\/ld+json\" class=\"yoast-schema-graph\">{\"@context\":\"https:\\\/\\\/schema.org\",\"@graph\":[{\"@type\":\"WebPage\",\"@id\":\"https:\\\/\\\/mas-antonin.fr\\\/WordPress3\\\/liens\\\/\",\"url\":\"https:\\\/\\\/mas-antonin.fr\\\/WordPress3\\\/liens\\\/\",\"name\":\"Liens Partenaires - Mas Antonin\",\"isPartOf\":{\"@id\":\"https:\\\/\\\/mas-antonin.fr\\\/WordPress3\\\/#website\"},\"primaryImageOfPage\":{\"@id\":\"https:\\\/\\\/mas-antonin.fr\\\/WordPress3\\\/liens\\\/#primaryimage\"},\"image\":{\"@id\":\"https:\\\/\\\/mas-antonin.fr\\\/WordPress3\\\/liens\\\/#primaryimage\"},\"thumbnailUrl\":\"http:\\\/\\\/mas-antonin.fr\\\/WordPress3\\\/wp-content\\\/uploads\\\/2011\\\/12\\\/jfcasaurang.png\",\"datePublished\":\"2011-12-02T17:58:22+00:00\",\"dateModified\":\"2026-02-04T09:52:50+00:00\",\"description\":\"liste de partenaires et amis des gites du mas antonin\",\"breadcrumb\":{\"@id\":\"https:\\\/\\\/mas-antonin.fr\\\/WordPress3\\\/liens\\\/#breadcrumb\"},\"inLanguage\":\"fr-FR\",\"potentialAction\":[{\"@type\":\"ReadAction\",\"target\":[\"https:\\\/\\\/mas-antonin.fr\\\/WordPress3\\\/liens\\\/\"]}]},{\"@type\":\"ImageObject\",\"inLanguage\":\"fr-FR\",\"@id\":\"https:\\\/\\\/mas-antonin.fr\\\/WordPress3\\\/liens\\\/#primaryimage\",\"url\":\"http:\\\/\\\/mas-antonin.fr\\\/WordPress3\\\/wp-content\\\/uploads\\\/2011\\\/12\\\/jfcasaurang.png\",\"contentUrl\":\"http:\\\/\\\/mas-antonin.fr\\\/WordPress3\\\/wp-content\\\/uploads\\\/2011\\\/12\\\/jfcasaurang.png\"},{\"@type\":\"BreadcrumbList\",\"@id\":\"https:\\\/\\\/mas-antonin.fr\\\/WordPress3\\\/liens\\\/#breadcrumb\",\"itemListElement\":[{\"@type\":\"ListItem\",\"position\":1,\"name\":\"Accueil\",\"item\":\"https:\\\/\\\/mas-antonin.fr\\\/WordPress3\\\/\"},{\"@type\":\"ListItem\",\"position\":2,\"name\":\"Liens Partenaires\"}]},{\"@type\":\"WebSite\",\"@id\":\"https:\\\/\\\/mas-antonin.fr\\\/WordPress3\\\/#website\",\"url\":\"https:\\\/\\\/mas-antonin.fr\\\/WordPress3\\\/\",\"name\":\"Mas Antonin\",\"description\":\"Bienvenue dans le gard, \u00e0 cot\u00e9 de N\u00eemes dans des gites de charme\",\"publisher\":{\"@id\":\"https:\\\/\\\/mas-antonin.fr\\\/WordPress3\\\/#organization\"},\"potentialAction\":[{\"@type\":\"SearchAction\",\"target\":{\"@type\":\"EntryPoint\",\"urlTemplate\":\"https:\\\/\\\/mas-antonin.fr\\\/WordPress3\\\/?s={search_term_string}\"},\"query-input\":{\"@type\":\"PropertyValueSpecification\",\"valueRequired\":true,\"valueName\":\"search_term_string\"}}],\"inLanguage\":\"fr-FR\"},{\"@type\":\"Organization\",\"@id\":\"https:\\\/\\\/mas-antonin.fr\\\/WordPress3\\\/#organization\",\"name\":\"G\u00eetes du Mas Antonin\",\"url\":\"https:\\\/\\\/mas-antonin.fr\\\/WordPress3\\\/\",\"logo\":{\"@type\":\"ImageObject\",\"inLanguage\":\"fr-FR\",\"@id\":\"https:\\\/\\\/mas-antonin.fr\\\/WordPress3\\\/#\\\/schema\\\/logo\\\/image\\\/\",\"url\":\"https:\\\/\\\/mas-antonin.fr\\\/WordPress3\\\/wp-content\\\/uploads\\\/2016\\\/10\\\/cropped-favicon2.png\",\"contentUrl\":\"https:\\\/\\\/mas-antonin.fr\\\/WordPress3\\\/wp-content\\\/uploads\\\/2016\\\/10\\\/cropped-favicon2.png\",\"width\":512,\"height\":512,\"caption\":\"G\u00eetes du Mas Antonin\"},\"image\":{\"@id\":\"https:\\\/\\\/mas-antonin.fr\\\/WordPress3\\\/#\\\/schema\\\/logo\\\/image\\\/\"},\"sameAs\":[\"https:\\\/\\\/www.facebook.com\\\/Gite.Mas.Antonin\"]}]}<\/script>\n<!-- \/ Yoast SEO plugin. -->","yoast_head_json":{"title":"Liens Partenaires - Mas Antonin","description":"liste de partenaires et amis des gites du mas antonin","robots":{"index":"index","follow":"follow","max-snippet":"max-snippet:-1","max-image-preview":"max-image-preview:large","max-video-preview":"max-video-preview:-1"},"canonical":"https:\/\/mas-antonin.fr\/WordPress3\/liens\/","og_locale":"fr_FR","og_type":"article","og_title":"Liens Partenaires - Mas Antonin","og_description":"liste de partenaires et amis des gites du mas antonin","og_url":"https:\/\/mas-antonin.fr\/WordPress3\/liens\/","og_site_name":"Mas Antonin","article_publisher":"https:\/\/www.facebook.com\/Gite.Mas.Antonin","article_modified_time":"2026-02-04T09:52:50+00:00","og_image":[{"url":"http:\/\/mas-antonin.fr\/WordPress3\/wp-content\/uploads\/2011\/12\/jfcasaurang.png","type":"","width":"","height":""}],"twitter_card":"summary_large_image","twitter_misc":{"Dur\u00e9e de lecture estim\u00e9e":"5 minutes"},"schema":{"@context":"https:\/\/schema.org","@graph":[{"@type":"WebPage","@id":"https:\/\/mas-antonin.fr\/WordPress3\/liens\/","url":"https:\/\/mas-antonin.fr\/WordPress3\/liens\/","name":"Liens Partenaires - Mas Antonin","isPartOf":{"@id":"https:\/\/mas-antonin.fr\/WordPress3\/#website"},"primaryImageOfPage":{"@id":"https:\/\/mas-antonin.fr\/WordPress3\/liens\/#primaryimage"},"image":{"@id":"https:\/\/mas-antonin.fr\/WordPress3\/liens\/#primaryimage"},"thumbnailUrl":"http:\/\/mas-antonin.fr\/WordPress3\/wp-content\/uploads\/2011\/12\/jfcasaurang.png","datePublished":"2011-12-02T17:58:22+00:00","dateModified":"2026-02-04T09:52:50+00:00","description":"liste de partenaires et amis des gites du mas antonin","breadcrumb":{"@id":"https:\/\/mas-antonin.fr\/WordPress3\/liens\/#breadcrumb"},"inLanguage":"fr-FR","potentialAction":[{"@type":"ReadAction","target":["https:\/\/mas-antonin.fr\/WordPress3\/liens\/"]}]},{"@type":"ImageObject","inLanguage":"fr-FR","@id":"https:\/\/mas-antonin.fr\/WordPress3\/liens\/#primaryimage","url":"http:\/\/mas-antonin.fr\/WordPress3\/wp-content\/uploads\/2011\/12\/jfcasaurang.png","contentUrl":"http:\/\/mas-antonin.fr\/WordPress3\/wp-content\/uploads\/2011\/12\/jfcasaurang.png"},{"@type":"BreadcrumbList","@id":"https:\/\/mas-antonin.fr\/WordPress3\/liens\/#breadcrumb","itemListElement":[{"@type":"ListItem","position":1,"name":"Accueil","item":"https:\/\/mas-antonin.fr\/WordPress3\/"},{"@type":"ListItem","position":2,"name":"Liens Partenaires"}]},{"@type":"WebSite","@id":"https:\/\/mas-antonin.fr\/WordPress3\/#website","url":"https:\/\/mas-antonin.fr\/WordPress3\/","name":"Mas Antonin","description":"Bienvenue dans le gard, \u00e0 cot\u00e9 de N\u00eemes dans des gites de charme","publisher":{"@id":"https:\/\/mas-antonin.fr\/WordPress3\/#organization"},"potentialAction":[{"@type":"SearchAction","target":{"@type":"EntryPoint","urlTemplate":"https:\/\/mas-antonin.fr\/WordPress3\/?s={search_term_string}"},"query-input":{"@type":"PropertyValueSpecification","valueRequired":true,"valueName":"search_term_string"}}],"inLanguage":"fr-FR"},{"@type":"Organization","@id":"https:\/\/mas-antonin.fr\/WordPress3\/#organization","name":"G\u00eetes du Mas Antonin","url":"https:\/\/mas-antonin.fr\/WordPress3\/","logo":{"@type":"ImageObject","inLanguage":"fr-FR","@id":"https:\/\/mas-antonin.fr\/WordPress3\/#\/schema\/logo\/image\/","url":"https:\/\/mas-antonin.fr\/WordPress3\/wp-content\/uploads\/2016\/10\/cropped-favicon2.png","contentUrl":"https:\/\/mas-antonin.fr\/WordPress3\/wp-content\/uploads\/2016\/10\/cropped-favicon2.png","width":512,"height":512,"caption":"G\u00eetes du Mas Antonin"},"image":{"@id":"https:\/\/mas-antonin.fr\/WordPress3\/#\/schema\/logo\/image\/"},"sameAs":["https:\/\/www.facebook.com\/Gite.Mas.Antonin"]}]}},"_links":{"self":[{"href":"https:\/\/mas-antonin.fr\/WordPress3\/wp-json\/wp\/v2\/pages\/557","targetHints":{"allow":["GET"]}}],"collection":[{"href":"https:\/\/mas-antonin.fr\/WordPress3\/wp-json\/wp\/v2\/pages"}],"about":[{"href":"https:\/\/mas-antonin.fr\/WordPress3\/wp-json\/wp\/v2\/types\/page"}],"author":[{"embeddable":true,"href":"https:\/\/mas-antonin.fr\/WordPress3\/wp-json\/wp\/v2\/users\/1"}],"replies":[{"embeddable":true,"href":"https:\/\/mas-antonin.fr\/WordPress3\/wp-json\/wp\/v2\/comments?post=557"}],"version-history":[{"count":30,"href":"https:\/\/mas-antonin.fr\/WordPress3\/wp-json\/wp\/v2\/pages\/557\/revisions"}],"predecessor-version":[{"id":3028,"href":"https:\/\/mas-antonin.fr\/WordPress3\/wp-json\/wp\/v2\/pages\/557\/revisions\/3028"}],"wp:attachment":[{"href":"https:\/\/mas-antonin.fr\/WordPress3\/wp-json\/wp\/v2\/media?parent=557"}],"curies":[{"name":"wp","href":"https:\/\/api.w.org\/{rel}","templated":true}]}}